{"id":16725,"date":"2024-04-12T03:39:37","date_gmt":"2024-04-12T03:39:37","guid":{"rendered":"https:\/\/greensolarvietnam.vn\/?post_type=product&#038;p=16725"},"modified":"2024-04-12T03:41:52","modified_gmt":"2024-04-12T03:41:52","slug":"tam-pin-nang-luong-mat-troi-jkm545m-72hl4-v","status":"publish","type":"product","link":"https:\/\/greensolarvietnam.vn\/?product=tam-pin-nang-luong-mat-troi-jkm545m-72hl4-v","title":{"rendered":"T\u1ea4M PIN N\u0102NG L\u01af\u1ee2NG M\u1eb6T TR\u1edcI JKM545M-72HL4-V"},"content":{"rendered":"<h2 id=\"tongquan\" class=\"heading_h2\">TH\u00d4NG S\u1ed0 K\u0128 THU\u1eacT T\u1ea4M PIN<\/h2>\n<div class=\"content aaa\">\n<p><img decoding=\"async\" class=\"alignnone size-full wp-image-11875\" src=\"https:\/\/sodema.vn\/wp-content\/uploads\/sites\/4\/2023\/10\/0002-scaled.jpg\" sizes=\"(max-width: 1811px) 100vw, 1811px\" srcset=\"https:\/\/sodema.vn\/wp-content\/uploads\/sites\/4\/2023\/10\/0002-scaled.jpg 1811w, https:\/\/sodema.vn\/wp-content\/uploads\/sites\/4\/2023\/10\/0002-212x300.jpg 212w, https:\/\/sodema.vn\/wp-content\/uploads\/sites\/4\/2023\/10\/0002-724x1024.jpg 724w, https:\/\/sodema.vn\/wp-content\/uploads\/sites\/4\/2023\/10\/0002-768x1086.jpg 768w, https:\/\/sodema.vn\/wp-content\/uploads\/sites\/4\/2023\/10\/0002-1086x1536.jpg 1086w, https:\/\/sodema.vn\/wp-content\/uploads\/sites\/4\/2023\/10\/0002-1448x2048.jpg 1448w\" alt=\"\" width=\"1811\" height=\"2560\" \/><\/p>\n<\/div>\n","protected":false},"excerpt":{"rendered":"<p><strong>T\u1ea5m pin n\u0103ng l\u01b0\u1ee3ng m\u1eb7t tr\u1eddi Jinko 545W<\/strong>\u00a0th\u01b0\u01a1ng hi\u1ec7u Jinko Solar l\u00e0 d\u00f2ng pin \u0111\u01a1n tinh th\u1ec3 \u0111\u01b0\u1ee3c s\u1ea3n xu\u1ea5t theo c\u00f4ng ngh\u1ec7 Multi Busbars.<\/p>\n<p><strong>M\u00e3 s\u1ea3n ph\u1ea9m<\/strong>:\u00a0 JKM545M-72HL4-V 555W<\/p>\n<p><strong>C\u00f4ng su\u1ea5t:<\/strong>\u00a0545 Wp<\/p>\n<p><strong>Lo\u1ea1i:<\/strong>\u00a0P type Mono-crystalline 144 cell<\/p>\n<p><strong>Hi\u1ec7u su\u1ea5t:<\/strong>\u00a021.48%<\/p>\n<p><strong>K\u00edch th\u01b0\u1edbc:<\/strong>\u00a02278 x 1134 x 35 mm<\/p>\n<p><strong>B\u1ea3o h\u00e0nh:<\/strong>\u00a012 n\u0103m v\u1eadt l\u00fd, 25 n\u0103m hi\u1ec7u su\u1ea5t<\/p>\n<p><strong>Xu\u1ea5t x\u1ee9:<\/strong>\u00a0Malaysia<\/p>\n","protected":false},"featured_media":16726,"comment_status":"closed","ping_status":"closed","template":"","meta":{"site-sidebar-layout":"default","site-content-layout":"default","ast-global-header-display":"","ast-main-header-display":"","ast-hfb-above-header-display":"","ast-hfb-below-header-display":"","ast-hfb-mobile-header-display":"","site-post-title":"","ast-breadcrumbs-content":"","ast-featured-img":"","footer-sml-layout":"","theme-transparent-header-meta":"default","adv-header-id-meta":"","stick-header-meta":"","header-above-stick-meta":"","header-main-stick-meta":"","header-below-stick-meta":""},"product_cat":[197],"product_tag":[],"class_list":{"0":"post-16725","1":"product","2":"type-product","3":"status-publish","4":"has-post-thumbnail","6":"product_cat-vat-tu-lap-dat-dien-mat-troi","8":"first","9":"instock","10":"shipping-taxable","11":"product-type-simple"},"yoast_head":"<!-- This site is optimized with the Yoast SEO Premium plugin v23.9 (Yoast SEO v24.4) - https:\/\/yoast.com\/wordpress\/plugins\/seo\/ -->\n<title>T\u1ea4M PIN N\u0102NG L\u01af\u1ee2NG M\u1eb6T TR\u1edcI JKM545M-72HL4-V - C\u00f4ng ty TNHH \u0111\u1ea7u t\u01b0 v\u00e0 c\u00f4ng ngh\u1ec7 Green Solar Vi\u1ec7t Nam<\/title>\n<meta name=\"robots\" content=\"index, follow, max-snippet:-1, max-image-preview:large, max-video-preview:-1\" \/>\n<link rel=\"canonical\" href=\"https:\/\/greensolarvietnam.vn\/?product=tam-pin-nang-luong-mat-troi-jkm545m-72hl4-v\" \/>\n<meta property=\"og:locale\" content=\"vi_VN\" \/>\n<meta property=\"og:type\" content=\"article\" \/>\n<meta property=\"og:title\" content=\"T\u1ea4M PIN N\u0102NG L\u01af\u1ee2NG M\u1eb6T TR\u1edcI JKM545M-72HL4-V\" \/>\n<meta property=\"og:description\" content=\"T\u1ea5m pin n\u0103ng l\u01b0\u1ee3ng m\u1eb7t tr\u1eddi Jinko 545W\u00a0th\u01b0\u01a1ng hi\u1ec7u Jinko Solar l\u00e0 d\u00f2ng pin \u0111\u01a1n tinh th\u1ec3 \u0111\u01b0\u1ee3c s\u1ea3n xu\u1ea5t theo c\u00f4ng ngh\u1ec7 Multi Busbars.  M\u00e3 s\u1ea3n ph\u1ea9m:\u00a0 JKM545M-72HL4-V 555W  C\u00f4ng su\u1ea5t:\u00a0545 Wp  Lo\u1ea1i:\u00a0P type Mono-crystalline 144 cell  Hi\u1ec7u su\u1ea5t:\u00a021.48%  K\u00edch th\u01b0\u1edbc:\u00a02278 x 1134 x 35 mm  B\u1ea3o h\u00e0nh:\u00a012 n\u0103m v\u1eadt l\u00fd, 25 n\u0103m hi\u1ec7u su\u1ea5t  Xu\u1ea5t x\u1ee9:\u00a0Malaysia\" \/>\n<meta property=\"og:url\" content=\"https:\/\/greensolarvietnam.vn\/?product=tam-pin-nang-luong-mat-troi-jkm545m-72hl4-v\" \/>\n<meta property=\"og:site_name\" content=\"C\u00f4ng ty TNHH \u0111\u1ea7u t\u01b0 v\u00e0 c\u00f4ng ngh\u1ec7 Green Solar Vi\u1ec7t Nam\" \/>\n<meta property=\"article:modified_time\" content=\"2024-04-12T03:41:52+00:00\" \/>\n<meta property=\"og:image\" content=\"https:\/\/greensolarvietnam.vn\/wp-content\/uploads\/2024\/04\/jinko-tyoe-N.jpg\" \/>\n\t<meta property=\"og:image:width\" content=\"625\" \/>\n\t<meta property=\"og:image:height\" content=\"645\" \/>\n\t<meta property=\"og:image:type\" content=\"image\/jpeg\" \/>\n<meta name=\"twitter:card\" content=\"summary_large_image\" \/>\n<script type=\"application\/ld+json\" class=\"yoast-schema-graph\">{\"@context\":\"https:\/\/schema.org\",\"@graph\":[{\"@type\":\"WebPage\",\"@id\":\"https:\/\/greensolarvietnam.vn\/?product=tam-pin-nang-luong-mat-troi-jkm545m-72hl4-v\",\"url\":\"https:\/\/greensolarvietnam.vn\/?product=tam-pin-nang-luong-mat-troi-jkm545m-72hl4-v\",\"name\":\"T\u1ea4M PIN N\u0102NG L\u01af\u1ee2NG M\u1eb6T TR\u1edcI JKM545M-72HL4-V - C\u00f4ng ty TNHH \u0111\u1ea7u t\u01b0 v\u00e0 c\u00f4ng ngh\u1ec7 Green Solar Vi\u1ec7t Nam\",\"isPartOf\":{\"@id\":\"https:\/\/greensolarvietnam.vn\/#website\"},\"primaryImageOfPage\":{\"@id\":\"https:\/\/greensolarvietnam.vn\/?product=tam-pin-nang-luong-mat-troi-jkm545m-72hl4-v#primaryimage\"},\"image\":{\"@id\":\"https:\/\/greensolarvietnam.vn\/?product=tam-pin-nang-luong-mat-troi-jkm545m-72hl4-v#primaryimage\"},\"thumbnailUrl\":\"https:\/\/greensolarvietnam.vn\/wp-content\/uploads\/2024\/04\/jinko-tyoe-N.jpg\",\"datePublished\":\"2024-04-12T03:39:37+00:00\",\"dateModified\":\"2024-04-12T03:41:52+00:00\",\"breadcrumb\":{\"@id\":\"https:\/\/greensolarvietnam.vn\/?product=tam-pin-nang-luong-mat-troi-jkm545m-72hl4-v#breadcrumb\"},\"inLanguage\":\"vi\",\"potentialAction\":[{\"@type\":\"ReadAction\",\"target\":[\"https:\/\/greensolarvietnam.vn\/?product=tam-pin-nang-luong-mat-troi-jkm545m-72hl4-v\"]}]},{\"@type\":\"ImageObject\",\"inLanguage\":\"vi\",\"@id\":\"https:\/\/greensolarvietnam.vn\/?product=tam-pin-nang-luong-mat-troi-jkm545m-72hl4-v#primaryimage\",\"url\":\"https:\/\/greensolarvietnam.vn\/wp-content\/uploads\/2024\/04\/jinko-tyoe-N.jpg\",\"contentUrl\":\"https:\/\/greensolarvietnam.vn\/wp-content\/uploads\/2024\/04\/jinko-tyoe-N.jpg\",\"width\":625,\"height\":645},{\"@type\":\"BreadcrumbList\",\"@id\":\"https:\/\/greensolarvietnam.vn\/?product=tam-pin-nang-luong-mat-troi-jkm545m-72hl4-v#breadcrumb\",\"itemListElement\":[{\"@type\":\"ListItem\",\"position\":1,\"name\":\"Trang ch\u1ee7\",\"item\":\"https:\/\/greensolarvietnam.vn\/\"},{\"@type\":\"ListItem\",\"position\":2,\"name\":\"S\u1ea3n ph\u1ea9m\",\"item\":\"https:\/\/greensolarvietnam.vn\/?post_type=product\"},{\"@type\":\"ListItem\",\"position\":3,\"name\":\"T\u1ea4M PIN N\u0102NG L\u01af\u1ee2NG M\u1eb6T TR\u1edcI JKM545M-72HL4-V\"}]},{\"@type\":\"WebSite\",\"@id\":\"https:\/\/greensolarvietnam.vn\/#website\",\"url\":\"https:\/\/greensolarvietnam.vn\/\",\"name\":\"C\u00f4ng ty TNHH \u0111\u1ea7u t\u01b0 v\u00e0 c\u00f4ng ngh\u1ec7 Green Solar Vi\u1ec7t Nam\",\"description\":\"C\u00f4ng ty TNHH \u0111\u1ea7u t\u01b0 v\u00e0 c\u00f4ng ngh\u1ec7 Green Solar Vi\u1ec7t Nam\",\"publisher\":{\"@id\":\"https:\/\/greensolarvietnam.vn\/#organization\"},\"potentialAction\":[{\"@type\":\"SearchAction\",\"target\":{\"@type\":\"EntryPoint\",\"urlTemplate\":\"https:\/\/greensolarvietnam.vn\/?s={search_term_string}\"},\"query-input\":{\"@type\":\"PropertyValueSpecification\",\"valueRequired\":true,\"valueName\":\"search_term_string\"}}],\"inLanguage\":\"vi\"},{\"@type\":\"Organization\",\"@id\":\"https:\/\/greensolarvietnam.vn\/#organization\",\"name\":\"C\u00f4ng ty TNHH \u0111\u1ea7u t\u01b0 v\u00e0 c\u00f4ng ngh\u1ec7 Green Solar Vi\u1ec7t Nam\",\"url\":\"https:\/\/greensolarvietnam.vn\/\",\"logo\":{\"@type\":\"ImageObject\",\"inLanguage\":\"vi\",\"@id\":\"https:\/\/greensolarvietnam.vn\/#\/schema\/logo\/image\/\",\"url\":\"https:\/\/greensolarvietnam.vn\/wp-content\/uploads\/2025\/08\/cropped-cropped-cropped-Logo-163x68-1.png\",\"contentUrl\":\"https:\/\/greensolarvietnam.vn\/wp-content\/uploads\/2025\/08\/cropped-cropped-cropped-Logo-163x68-1.png\",\"width\":163,\"height\":55,\"caption\":\"C\u00f4ng ty TNHH \u0111\u1ea7u t\u01b0 v\u00e0 c\u00f4ng ngh\u1ec7 Green Solar Vi\u1ec7t Nam\"},\"image\":{\"@id\":\"https:\/\/greensolarvietnam.vn\/#\/schema\/logo\/image\/\"}}]}<\/script>\n<!-- \/ Yoast SEO Premium plugin. -->","yoast_head_json":{"title":"T\u1ea4M PIN N\u0102NG L\u01af\u1ee2NG M\u1eb6T TR\u1edcI JKM545M-72HL4-V - C\u00f4ng ty TNHH \u0111\u1ea7u t\u01b0 v\u00e0 c\u00f4ng ngh\u1ec7 Green Solar Vi\u1ec7t Nam","robots":{"index":"index","follow":"follow","max-snippet":"max-snippet:-1","max-image-preview":"max-image-preview:large","max-video-preview":"max-video-preview:-1"},"canonical":"https:\/\/greensolarvietnam.vn\/?product=tam-pin-nang-luong-mat-troi-jkm545m-72hl4-v","og_locale":"vi_VN","og_type":"article","og_title":"T\u1ea4M PIN N\u0102NG L\u01af\u1ee2NG M\u1eb6T TR\u1edcI JKM545M-72HL4-V","og_description":"T\u1ea5m pin n\u0103ng l\u01b0\u1ee3ng m\u1eb7t tr\u1eddi Jinko 545W\u00a0th\u01b0\u01a1ng hi\u1ec7u Jinko Solar l\u00e0 d\u00f2ng pin \u0111\u01a1n tinh th\u1ec3 \u0111\u01b0\u1ee3c s\u1ea3n xu\u1ea5t theo c\u00f4ng ngh\u1ec7 Multi Busbars.  M\u00e3 s\u1ea3n ph\u1ea9m:\u00a0 JKM545M-72HL4-V 555W  C\u00f4ng su\u1ea5t:\u00a0545 Wp  Lo\u1ea1i:\u00a0P type Mono-crystalline 144 cell  Hi\u1ec7u su\u1ea5t:\u00a021.48%  K\u00edch th\u01b0\u1edbc:\u00a02278 x 1134 x 35 mm  B\u1ea3o h\u00e0nh:\u00a012 n\u0103m v\u1eadt l\u00fd, 25 n\u0103m hi\u1ec7u su\u1ea5t  Xu\u1ea5t x\u1ee9:\u00a0Malaysia","og_url":"https:\/\/greensolarvietnam.vn\/?product=tam-pin-nang-luong-mat-troi-jkm545m-72hl4-v","og_site_name":"C\u00f4ng ty TNHH \u0111\u1ea7u t\u01b0 v\u00e0 c\u00f4ng ngh\u1ec7 Green Solar Vi\u1ec7t Nam","article_modified_time":"2024-04-12T03:41:52+00:00","og_image":[{"width":625,"height":645,"url":"https:\/\/greensolarvietnam.vn\/wp-content\/uploads\/2024\/04\/jinko-tyoe-N.jpg","type":"image\/jpeg"}],"twitter_card":"summary_large_image","schema":{"@context":"https:\/\/schema.org","@graph":[{"@type":"WebPage","@id":"https:\/\/greensolarvietnam.vn\/?product=tam-pin-nang-luong-mat-troi-jkm545m-72hl4-v","url":"https:\/\/greensolarvietnam.vn\/?product=tam-pin-nang-luong-mat-troi-jkm545m-72hl4-v","name":"T\u1ea4M PIN N\u0102NG L\u01af\u1ee2NG M\u1eb6T TR\u1edcI JKM545M-72HL4-V - C\u00f4ng ty TNHH \u0111\u1ea7u t\u01b0 v\u00e0 c\u00f4ng ngh\u1ec7 Green Solar Vi\u1ec7t Nam","isPartOf":{"@id":"https:\/\/greensolarvietnam.vn\/#website"},"primaryImageOfPage":{"@id":"https:\/\/greensolarvietnam.vn\/?product=tam-pin-nang-luong-mat-troi-jkm545m-72hl4-v#primaryimage"},"image":{"@id":"https:\/\/greensolarvietnam.vn\/?product=tam-pin-nang-luong-mat-troi-jkm545m-72hl4-v#primaryimage"},"thumbnailUrl":"https:\/\/greensolarvietnam.vn\/wp-content\/uploads\/2024\/04\/jinko-tyoe-N.jpg","datePublished":"2024-04-12T03:39:37+00:00","dateModified":"2024-04-12T03:41:52+00:00","breadcrumb":{"@id":"https:\/\/greensolarvietnam.vn\/?product=tam-pin-nang-luong-mat-troi-jkm545m-72hl4-v#breadcrumb"},"inLanguage":"vi","potentialAction":[{"@type":"ReadAction","target":["https:\/\/greensolarvietnam.vn\/?product=tam-pin-nang-luong-mat-troi-jkm545m-72hl4-v"]}]},{"@type":"ImageObject","inLanguage":"vi","@id":"https:\/\/greensolarvietnam.vn\/?product=tam-pin-nang-luong-mat-troi-jkm545m-72hl4-v#primaryimage","url":"https:\/\/greensolarvietnam.vn\/wp-content\/uploads\/2024\/04\/jinko-tyoe-N.jpg","contentUrl":"https:\/\/greensolarvietnam.vn\/wp-content\/uploads\/2024\/04\/jinko-tyoe-N.jpg","width":625,"height":645},{"@type":"BreadcrumbList","@id":"https:\/\/greensolarvietnam.vn\/?product=tam-pin-nang-luong-mat-troi-jkm545m-72hl4-v#breadcrumb","itemListElement":[{"@type":"ListItem","position":1,"name":"Trang ch\u1ee7","item":"https:\/\/greensolarvietnam.vn\/"},{"@type":"ListItem","position":2,"name":"S\u1ea3n ph\u1ea9m","item":"https:\/\/greensolarvietnam.vn\/?post_type=product"},{"@type":"ListItem","position":3,"name":"T\u1ea4M PIN N\u0102NG L\u01af\u1ee2NG M\u1eb6T TR\u1edcI JKM545M-72HL4-V"}]},{"@type":"WebSite","@id":"https:\/\/greensolarvietnam.vn\/#website","url":"https:\/\/greensolarvietnam.vn\/","name":"C\u00f4ng ty TNHH \u0111\u1ea7u t\u01b0 v\u00e0 c\u00f4ng ngh\u1ec7 Green Solar Vi\u1ec7t Nam","description":"C\u00f4ng ty TNHH \u0111\u1ea7u t\u01b0 v\u00e0 c\u00f4ng ngh\u1ec7 Green Solar Vi\u1ec7t Nam","publisher":{"@id":"https:\/\/greensolarvietnam.vn\/#organization"},"potentialAction":[{"@type":"SearchAction","target":{"@type":"EntryPoint","urlTemplate":"https:\/\/greensolarvietnam.vn\/?s={search_term_string}"},"query-input":{"@type":"PropertyValueSpecification","valueRequired":true,"valueName":"search_term_string"}}],"inLanguage":"vi"},{"@type":"Organization","@id":"https:\/\/greensolarvietnam.vn\/#organization","name":"C\u00f4ng ty TNHH \u0111\u1ea7u t\u01b0 v\u00e0 c\u00f4ng ngh\u1ec7 Green Solar Vi\u1ec7t Nam","url":"https:\/\/greensolarvietnam.vn\/","logo":{"@type":"ImageObject","inLanguage":"vi","@id":"https:\/\/greensolarvietnam.vn\/#\/schema\/logo\/image\/","url":"https:\/\/greensolarvietnam.vn\/wp-content\/uploads\/2025\/08\/cropped-cropped-cropped-Logo-163x68-1.png","contentUrl":"https:\/\/greensolarvietnam.vn\/wp-content\/uploads\/2025\/08\/cropped-cropped-cropped-Logo-163x68-1.png","width":163,"height":55,"caption":"C\u00f4ng ty TNHH \u0111\u1ea7u t\u01b0 v\u00e0 c\u00f4ng ngh\u1ec7 Green Solar Vi\u1ec7t Nam"},"image":{"@id":"https:\/\/greensolarvietnam.vn\/#\/schema\/logo\/image\/"}}]}},"_links":{"self":[{"href":"https:\/\/greensolarvietnam.vn\/index.php?rest_route=\/wp\/v2\/product\/16725","targetHints":{"allow":["GET"]}}],"collection":[{"href":"https:\/\/greensolarvietnam.vn\/index.php?rest_route=\/wp\/v2\/product"}],"about":[{"href":"https:\/\/greensolarvietnam.vn\/index.php?rest_route=\/wp\/v2\/types\/product"}],"replies":[{"embeddable":true,"href":"https:\/\/greensolarvietnam.vn\/index.php?rest_route=%2Fwp%2Fv2%2Fcomments&post=16725"}],"wp:featuredmedia":[{"embeddable":true,"href":"https:\/\/greensolarvietnam.vn\/index.php?rest_route=\/wp\/v2\/media\/16726"}],"wp:attachment":[{"href":"https:\/\/greensolarvietnam.vn\/index.php?rest_route=%2Fwp%2Fv2%2Fmedia&parent=16725"}],"wp:term":[{"taxonomy":"product_cat","embeddable":true,"href":"https:\/\/greensolarvietnam.vn\/index.php?rest_route=%2Fwp%2Fv2%2Fproduct_cat&post=16725"},{"taxonomy":"product_tag","embeddable":true,"href":"https:\/\/greensolarvietnam.vn\/index.php?rest_route=%2Fwp%2Fv2%2Fproduct_tag&post=16725"}],"curies":[{"name":"wp","href":"https:\/\/api.w.org\/{rel}","templated":true}]}}