{"id":16742,"date":"2024-04-12T03:56:18","date_gmt":"2024-04-12T03:56:18","guid":{"rendered":"https:\/\/greensolarvietnam.vn\/?post_type=product&#038;p=16742"},"modified":"2024-04-12T03:56:18","modified_gmt":"2024-04-12T03:56:18","slug":"tu-dien-24-way-chinh-hang-feeo","status":"publish","type":"product","link":"https:\/\/greensolarvietnam.vn\/?product=tu-dien-24-way-chinh-hang-feeo","title":{"rendered":"T\u1ee6 \u0110I\u1ec6N 24 WAY CH\u00cdNH H\u00c3NG FEEO"},"content":{"rendered":"<p><strong>T\u1ee7 \u0111i\u1ec7n m\u1eb7t tr\u1eddi FEEO 24 Way<\/strong>\u00a0\u0111\u01b0\u1ee3c xem l\u00e0 thi\u1ebft b\u1ecb kh\u00f4ng th\u1ec3 thi\u1ebfu trong c\u00e1c\u00a0<strong><a href=\"https:\/\/sodema.vn\/lap-dat-dien-mat-troi-2\/\">h\u1ec7 th\u1ed1ng \u0111i\u1ec7n n\u0103ng l\u01b0\u1ee3ng m\u1eb7t tr\u1edd<\/a>i<\/strong>. Nh\u1edd c\u00f3 nhi\u1ec1u t\u00ednh n\u0103ng v\u01b0\u1ee3t tr\u1ed9i n\u00ean \u0111\u00e2y \u0111\u01b0\u1ee3c xem l\u00e0\u00a0<strong>t\u1ee7 \u0111i\u1ec7n<\/strong>\u00a0chuy\u00ean d\u00f9ng trong c\u00e1c h\u1ec7 th\u1ed1ng \u0111i\u1ec7n m\u1eb7t tr\u1eddi. V\u1edbi b\u1ec1 ngo\u00e0i mang t\u00ednh th\u1ea9m m\u1ef9, ch\u1eafc ch\u1eafn, tu\u1ed5i th\u1ecd l\u00e2u d\u00e0i. \u0110\u1ea3m b\u1ea3o \u0111em \u0111\u1ebfn s\u1ef1 h\u00e0i l\u00f2ng nh\u1ea5t cho ng\u01b0\u1eddi s\u1eed d\u1ee5ng.<\/p>\n<ul>\n<li>Model:\u00a0<span data-sheets-value=\"{&quot;1&quot;:2,&quot;2&quot;:&quot;FE-FHVB-24&quot;}\" data-sheets-userformat=\"{&quot;2&quot;:13161,&quot;3&quot;:{&quot;1&quot;:0},&quot;6&quot;:{&quot;1&quot;:[{&quot;1&quot;:2,&quot;2&quot;:0,&quot;5&quot;:{&quot;1&quot;:2,&quot;2&quot;:12632256}},{&quot;1&quot;:0,&quot;2&quot;:0,&quot;3&quot;:3},{&quot;1&quot;:1,&quot;2&quot;:0,&quot;4&quot;:1}]},&quot;8&quot;:{&quot;1&quot;:[{&quot;1&quot;:2,&quot;2&quot;:0,&quot;5&quot;:{&quot;1&quot;:2,&quot;2&quot;:12632256}},{&quot;1&quot;:0,&quot;2&quot;:0,&quot;3&quot;:3},{&quot;1&quot;:1,&quot;2&quot;:0,&quot;4&quot;:1}]},&quot;9&quot;:0,&quot;11&quot;:0,&quot;12&quot;:0,&quot;15&quot;:&quot;\\&quot;Microsoft Sans Serif\\&quot;, sans-serif&quot;,&quot;16&quot;:8}\">FE-FHVB-24<\/span><\/li>\n<li>Ch\u1ea5t li\u1ec7u: ABS<\/li>\n<li>C\u1ea5p b\u1ea3o v\u1ec7: IP65<\/li>\n<li>Kh\u1ea3 n\u0103ng ch\u1ee9a t\u1ed1i \u0111a: 24 CB \u0111\u01a1n<\/li>\n<li>K\u00edch th\u01b0\u1edbc: 295x458x129 mm<\/li>\n<\/ul>\n","protected":false},"excerpt":{"rendered":"<p>H\u1ed9p ph\u00e2n ph\u1ed1i d\u00f2ng FHT \/ FHVB s\u1eed d\u1ee5ng v\u1eadt li\u1ec7u ABS ch\u1ea5t l\u01b0\u1ee3ng cao c\u00f3 kh\u1ea3 n\u0103ng ch\u1ed1ng t\u00e1i v\u00e0 \u0111\u1ea1t c\u1ea5p \u0111\u1ed9 b\u1ea3o v\u1ec7 IP65. M\u1ee9c \u0111\u1ed9 d\u00f2ng \u0111i\u1ec7n t\u1ed1i \u0111a c\u00f3 th\u1ec3 l\u00e0 125A. C\u00f3 th\u1ec3 \u0111\u01b0\u1ee3c s\u1eed d\u1ee5ng trong m\u00f4i tr\u01b0\u1eddng ngo\u00e0i tr\u1eddi \u0111\u1ec3 b\u1ea3o v\u1ec7 thi\u1ebft b\u1ecb kh\u1ecfi th\u1eddi ti\u1ebft kh\u1eafc nghi\u1ec7t.<\/p>\n<p dir=\"ltr\"><strong>\u0110\u1eb7c \u0111i\u1ec3m n\u1ed5i b\u1eadt c\u1ee7a t\u1ee7 \u0111i\u1ec7n m\u1eb7t tr\u1eddi FEEO 24 Way<\/strong><\/p>\n<ul>\n<li>Thi\u1ebft k\u1ebf g\u1ecdn g\u00e0ng, th\u1ea9m m\u1ef9<\/li>\n<li>\u0110\u1ed9 b\u1ec1n cao, tu\u1ed5i th\u1ecd l\u00e2u d\u00e0i<\/li>\n<li>Kh\u1ea3 n\u0103ng ch\u1ed1ng \u1ea9m, ch\u1ed1ng b\u1ee5i t\u1ed1t<\/li>\n<li>D\u1ec5 d\u00e0ng l\u1eafp \u0111\u1eb7t, s\u1eed d\u1ee5ng<\/li>\n<\/ul>\n","protected":false},"featured_media":16743,"comment_status":"closed","ping_status":"closed","template":"","meta":{"site-sidebar-layout":"default","site-content-layout":"default","ast-global-header-display":"","ast-main-header-display":"","ast-hfb-above-header-display":"","ast-hfb-below-header-display":"","ast-hfb-mobile-header-display":"","site-post-title":"","ast-breadcrumbs-content":"","ast-featured-img":"","footer-sml-layout":"","theme-transparent-header-meta":"default","adv-header-id-meta":"","stick-header-meta":"","header-above-stick-meta":"","header-main-stick-meta":"","header-below-stick-meta":""},"product_cat":[197],"product_tag":[],"class_list":{"0":"post-16742","1":"product","2":"type-product","3":"status-publish","4":"has-post-thumbnail","6":"product_cat-vat-tu-lap-dat-dien-mat-troi","8":"first","9":"instock","10":"shipping-taxable","11":"product-type-simple"},"yoast_head":"<!-- This site is optimized with the Yoast SEO Premium plugin v23.9 (Yoast SEO v24.4) - https:\/\/yoast.com\/wordpress\/plugins\/seo\/ -->\n<title>T\u1ee6 \u0110I\u1ec6N 24 WAY CH\u00cdNH H\u00c3NG FEEO - C\u00f4ng ty TNHH \u0111\u1ea7u t\u01b0 v\u00e0 c\u00f4ng ngh\u1ec7 Green Solar Vi\u1ec7t Nam<\/title>\n<meta name=\"robots\" content=\"index, follow, max-snippet:-1, max-image-preview:large, max-video-preview:-1\" \/>\n<link rel=\"canonical\" href=\"https:\/\/greensolarvietnam.vn\/?product=tu-dien-24-way-chinh-hang-feeo\" \/>\n<meta property=\"og:locale\" content=\"vi_VN\" \/>\n<meta property=\"og:type\" content=\"article\" \/>\n<meta property=\"og:title\" content=\"T\u1ee6 \u0110I\u1ec6N 24 WAY CH\u00cdNH H\u00c3NG FEEO\" \/>\n<meta property=\"og:description\" content=\"H\u1ed9p ph\u00e2n ph\u1ed1i d\u00f2ng FHT \/ FHVB s\u1eed d\u1ee5ng v\u1eadt li\u1ec7u ABS ch\u1ea5t l\u01b0\u1ee3ng cao c\u00f3 kh\u1ea3 n\u0103ng ch\u1ed1ng t\u00e1i v\u00e0 \u0111\u1ea1t c\u1ea5p \u0111\u1ed9 b\u1ea3o v\u1ec7 IP65. M\u1ee9c \u0111\u1ed9 d\u00f2ng \u0111i\u1ec7n t\u1ed1i \u0111a c\u00f3 th\u1ec3 l\u00e0 125A. C\u00f3 th\u1ec3 \u0111\u01b0\u1ee3c s\u1eed d\u1ee5ng trong m\u00f4i tr\u01b0\u1eddng ngo\u00e0i tr\u1eddi \u0111\u1ec3 b\u1ea3o v\u1ec7 thi\u1ebft b\u1ecb kh\u1ecfi th\u1eddi ti\u1ebft kh\u1eafc nghi\u1ec7t. \u0110\u1eb7c \u0111i\u1ec3m n\u1ed5i b\u1eadt c\u1ee7a t\u1ee7 \u0111i\u1ec7n m\u1eb7t tr\u1eddi FEEO 24 Way    Thi\u1ebft k\u1ebf g\u1ecdn g\u00e0ng, th\u1ea9m m\u1ef9  \u0110\u1ed9 b\u1ec1n cao, tu\u1ed5i th\u1ecd l\u00e2u d\u00e0i  Kh\u1ea3 n\u0103ng ch\u1ed1ng \u1ea9m, ch\u1ed1ng b\u1ee5i t\u1ed1t  D\u1ec5 d\u00e0ng l\u1eafp \u0111\u1eb7t, s\u1eed d\u1ee5ng\" \/>\n<meta property=\"og:url\" content=\"https:\/\/greensolarvietnam.vn\/?product=tu-dien-24-way-chinh-hang-feeo\" \/>\n<meta property=\"og:site_name\" content=\"C\u00f4ng ty TNHH \u0111\u1ea7u t\u01b0 v\u00e0 c\u00f4ng ngh\u1ec7 Green Solar Vi\u1ec7t Nam\" \/>\n<meta property=\"og:image\" content=\"https:\/\/greensolarvietnam.vn\/wp-content\/uploads\/2024\/04\/tu-dien-24.jpg\" \/>\n\t<meta property=\"og:image:width\" content=\"800\" \/>\n\t<meta property=\"og:image:height\" content=\"869\" \/>\n\t<meta property=\"og:image:type\" content=\"image\/jpeg\" \/>\n<meta name=\"twitter:card\" content=\"summary_large_image\" \/>\n<meta name=\"twitter:label1\" content=\"\u01af\u1edbc t\u00ednh th\u1eddi gian \u0111\u1ecdc\" \/>\n\t<meta name=\"twitter:data1\" content=\"1 ph\u00fat\" \/>\n<script type=\"application\/ld+json\" class=\"yoast-schema-graph\">{\"@context\":\"https:\/\/schema.org\",\"@graph\":[{\"@type\":\"WebPage\",\"@id\":\"https:\/\/greensolarvietnam.vn\/?product=tu-dien-24-way-chinh-hang-feeo\",\"url\":\"https:\/\/greensolarvietnam.vn\/?product=tu-dien-24-way-chinh-hang-feeo\",\"name\":\"T\u1ee6 \u0110I\u1ec6N 24 WAY CH\u00cdNH H\u00c3NG FEEO - C\u00f4ng ty TNHH \u0111\u1ea7u t\u01b0 v\u00e0 c\u00f4ng ngh\u1ec7 Green Solar Vi\u1ec7t Nam\",\"isPartOf\":{\"@id\":\"https:\/\/greensolarvietnam.vn\/#website\"},\"primaryImageOfPage\":{\"@id\":\"https:\/\/greensolarvietnam.vn\/?product=tu-dien-24-way-chinh-hang-feeo#primaryimage\"},\"image\":{\"@id\":\"https:\/\/greensolarvietnam.vn\/?product=tu-dien-24-way-chinh-hang-feeo#primaryimage\"},\"thumbnailUrl\":\"https:\/\/greensolarvietnam.vn\/wp-content\/uploads\/2024\/04\/tu-dien-24.jpg\",\"datePublished\":\"2024-04-12T03:56:18+00:00\",\"breadcrumb\":{\"@id\":\"https:\/\/greensolarvietnam.vn\/?product=tu-dien-24-way-chinh-hang-feeo#breadcrumb\"},\"inLanguage\":\"vi\",\"potentialAction\":[{\"@type\":\"ReadAction\",\"target\":[\"https:\/\/greensolarvietnam.vn\/?product=tu-dien-24-way-chinh-hang-feeo\"]}]},{\"@type\":\"ImageObject\",\"inLanguage\":\"vi\",\"@id\":\"https:\/\/greensolarvietnam.vn\/?product=tu-dien-24-way-chinh-hang-feeo#primaryimage\",\"url\":\"https:\/\/greensolarvietnam.vn\/wp-content\/uploads\/2024\/04\/tu-dien-24.jpg\",\"contentUrl\":\"https:\/\/greensolarvietnam.vn\/wp-content\/uploads\/2024\/04\/tu-dien-24.jpg\",\"width\":800,\"height\":869},{\"@type\":\"BreadcrumbList\",\"@id\":\"https:\/\/greensolarvietnam.vn\/?product=tu-dien-24-way-chinh-hang-feeo#breadcrumb\",\"itemListElement\":[{\"@type\":\"ListItem\",\"position\":1,\"name\":\"Trang ch\u1ee7\",\"item\":\"https:\/\/greensolarvietnam.vn\/\"},{\"@type\":\"ListItem\",\"position\":2,\"name\":\"S\u1ea3n ph\u1ea9m\",\"item\":\"https:\/\/greensolarvietnam.vn\/?post_type=product\"},{\"@type\":\"ListItem\",\"position\":3,\"name\":\"T\u1ee6 \u0110I\u1ec6N 24 WAY CH\u00cdNH H\u00c3NG FEEO\"}]},{\"@type\":\"WebSite\",\"@id\":\"https:\/\/greensolarvietnam.vn\/#website\",\"url\":\"https:\/\/greensolarvietnam.vn\/\",\"name\":\"C\u00f4ng ty TNHH \u0111\u1ea7u t\u01b0 v\u00e0 c\u00f4ng ngh\u1ec7 Green Solar Vi\u1ec7t Nam\",\"description\":\"C\u00f4ng ty TNHH \u0111\u1ea7u t\u01b0 v\u00e0 c\u00f4ng ngh\u1ec7 Green Solar Vi\u1ec7t Nam\",\"publisher\":{\"@id\":\"https:\/\/greensolarvietnam.vn\/#organization\"},\"potentialAction\":[{\"@type\":\"SearchAction\",\"target\":{\"@type\":\"EntryPoint\",\"urlTemplate\":\"https:\/\/greensolarvietnam.vn\/?s={search_term_string}\"},\"query-input\":{\"@type\":\"PropertyValueSpecification\",\"valueRequired\":true,\"valueName\":\"search_term_string\"}}],\"inLanguage\":\"vi\"},{\"@type\":\"Organization\",\"@id\":\"https:\/\/greensolarvietnam.vn\/#organization\",\"name\":\"C\u00f4ng ty TNHH \u0111\u1ea7u t\u01b0 v\u00e0 c\u00f4ng ngh\u1ec7 Green Solar Vi\u1ec7t Nam\",\"url\":\"https:\/\/greensolarvietnam.vn\/\",\"logo\":{\"@type\":\"ImageObject\",\"inLanguage\":\"vi\",\"@id\":\"https:\/\/greensolarvietnam.vn\/#\/schema\/logo\/image\/\",\"url\":\"https:\/\/greensolarvietnam.vn\/wp-content\/uploads\/2025\/08\/cropped-cropped-cropped-Logo-163x68-1.png\",\"contentUrl\":\"https:\/\/greensolarvietnam.vn\/wp-content\/uploads\/2025\/08\/cropped-cropped-cropped-Logo-163x68-1.png\",\"width\":163,\"height\":55,\"caption\":\"C\u00f4ng ty TNHH \u0111\u1ea7u t\u01b0 v\u00e0 c\u00f4ng ngh\u1ec7 Green Solar Vi\u1ec7t Nam\"},\"image\":{\"@id\":\"https:\/\/greensolarvietnam.vn\/#\/schema\/logo\/image\/\"}}]}<\/script>\n<!-- \/ Yoast SEO Premium plugin. -->","yoast_head_json":{"title":"T\u1ee6 \u0110I\u1ec6N 24 WAY CH\u00cdNH H\u00c3NG FEEO - C\u00f4ng ty TNHH \u0111\u1ea7u t\u01b0 v\u00e0 c\u00f4ng ngh\u1ec7 Green Solar Vi\u1ec7t Nam","robots":{"index":"index","follow":"follow","max-snippet":"max-snippet:-1","max-image-preview":"max-image-preview:large","max-video-preview":"max-video-preview:-1"},"canonical":"https:\/\/greensolarvietnam.vn\/?product=tu-dien-24-way-chinh-hang-feeo","og_locale":"vi_VN","og_type":"article","og_title":"T\u1ee6 \u0110I\u1ec6N 24 WAY CH\u00cdNH H\u00c3NG FEEO","og_description":"H\u1ed9p ph\u00e2n ph\u1ed1i d\u00f2ng FHT \/ FHVB s\u1eed d\u1ee5ng v\u1eadt li\u1ec7u ABS ch\u1ea5t l\u01b0\u1ee3ng cao c\u00f3 kh\u1ea3 n\u0103ng ch\u1ed1ng t\u00e1i v\u00e0 \u0111\u1ea1t c\u1ea5p \u0111\u1ed9 b\u1ea3o v\u1ec7 IP65. M\u1ee9c \u0111\u1ed9 d\u00f2ng \u0111i\u1ec7n t\u1ed1i \u0111a c\u00f3 th\u1ec3 l\u00e0 125A. C\u00f3 th\u1ec3 \u0111\u01b0\u1ee3c s\u1eed d\u1ee5ng trong m\u00f4i tr\u01b0\u1eddng ngo\u00e0i tr\u1eddi \u0111\u1ec3 b\u1ea3o v\u1ec7 thi\u1ebft b\u1ecb kh\u1ecfi th\u1eddi ti\u1ebft kh\u1eafc nghi\u1ec7t. \u0110\u1eb7c \u0111i\u1ec3m n\u1ed5i b\u1eadt c\u1ee7a t\u1ee7 \u0111i\u1ec7n m\u1eb7t tr\u1eddi FEEO 24 Way    Thi\u1ebft k\u1ebf g\u1ecdn g\u00e0ng, th\u1ea9m m\u1ef9  \u0110\u1ed9 b\u1ec1n cao, tu\u1ed5i th\u1ecd l\u00e2u d\u00e0i  Kh\u1ea3 n\u0103ng ch\u1ed1ng \u1ea9m, ch\u1ed1ng b\u1ee5i t\u1ed1t  D\u1ec5 d\u00e0ng l\u1eafp \u0111\u1eb7t, s\u1eed d\u1ee5ng","og_url":"https:\/\/greensolarvietnam.vn\/?product=tu-dien-24-way-chinh-hang-feeo","og_site_name":"C\u00f4ng ty TNHH \u0111\u1ea7u t\u01b0 v\u00e0 c\u00f4ng ngh\u1ec7 Green Solar Vi\u1ec7t Nam","og_image":[{"width":800,"height":869,"url":"https:\/\/greensolarvietnam.vn\/wp-content\/uploads\/2024\/04\/tu-dien-24.jpg","type":"image\/jpeg"}],"twitter_card":"summary_large_image","twitter_misc":{"\u01af\u1edbc t\u00ednh th\u1eddi gian \u0111\u1ecdc":"1 ph\u00fat"},"schema":{"@context":"https:\/\/schema.org","@graph":[{"@type":"WebPage","@id":"https:\/\/greensolarvietnam.vn\/?product=tu-dien-24-way-chinh-hang-feeo","url":"https:\/\/greensolarvietnam.vn\/?product=tu-dien-24-way-chinh-hang-feeo","name":"T\u1ee6 \u0110I\u1ec6N 24 WAY CH\u00cdNH H\u00c3NG FEEO - C\u00f4ng ty TNHH \u0111\u1ea7u t\u01b0 v\u00e0 c\u00f4ng ngh\u1ec7 Green Solar Vi\u1ec7t Nam","isPartOf":{"@id":"https:\/\/greensolarvietnam.vn\/#website"},"primaryImageOfPage":{"@id":"https:\/\/greensolarvietnam.vn\/?product=tu-dien-24-way-chinh-hang-feeo#primaryimage"},"image":{"@id":"https:\/\/greensolarvietnam.vn\/?product=tu-dien-24-way-chinh-hang-feeo#primaryimage"},"thumbnailUrl":"https:\/\/greensolarvietnam.vn\/wp-content\/uploads\/2024\/04\/tu-dien-24.jpg","datePublished":"2024-04-12T03:56:18+00:00","breadcrumb":{"@id":"https:\/\/greensolarvietnam.vn\/?product=tu-dien-24-way-chinh-hang-feeo#breadcrumb"},"inLanguage":"vi","potentialAction":[{"@type":"ReadAction","target":["https:\/\/greensolarvietnam.vn\/?product=tu-dien-24-way-chinh-hang-feeo"]}]},{"@type":"ImageObject","inLanguage":"vi","@id":"https:\/\/greensolarvietnam.vn\/?product=tu-dien-24-way-chinh-hang-feeo#primaryimage","url":"https:\/\/greensolarvietnam.vn\/wp-content\/uploads\/2024\/04\/tu-dien-24.jpg","contentUrl":"https:\/\/greensolarvietnam.vn\/wp-content\/uploads\/2024\/04\/tu-dien-24.jpg","width":800,"height":869},{"@type":"BreadcrumbList","@id":"https:\/\/greensolarvietnam.vn\/?product=tu-dien-24-way-chinh-hang-feeo#breadcrumb","itemListElement":[{"@type":"ListItem","position":1,"name":"Trang ch\u1ee7","item":"https:\/\/greensolarvietnam.vn\/"},{"@type":"ListItem","position":2,"name":"S\u1ea3n ph\u1ea9m","item":"https:\/\/greensolarvietnam.vn\/?post_type=product"},{"@type":"ListItem","position":3,"name":"T\u1ee6 \u0110I\u1ec6N 24 WAY CH\u00cdNH H\u00c3NG FEEO"}]},{"@type":"WebSite","@id":"https:\/\/greensolarvietnam.vn\/#website","url":"https:\/\/greensolarvietnam.vn\/","name":"C\u00f4ng ty TNHH \u0111\u1ea7u t\u01b0 v\u00e0 c\u00f4ng ngh\u1ec7 Green Solar Vi\u1ec7t Nam","description":"C\u00f4ng ty TNHH \u0111\u1ea7u t\u01b0 v\u00e0 c\u00f4ng ngh\u1ec7 Green Solar Vi\u1ec7t Nam","publisher":{"@id":"https:\/\/greensolarvietnam.vn\/#organization"},"potentialAction":[{"@type":"SearchAction","target":{"@type":"EntryPoint","urlTemplate":"https:\/\/greensolarvietnam.vn\/?s={search_term_string}"},"query-input":{"@type":"PropertyValueSpecification","valueRequired":true,"valueName":"search_term_string"}}],"inLanguage":"vi"},{"@type":"Organization","@id":"https:\/\/greensolarvietnam.vn\/#organization","name":"C\u00f4ng ty TNHH \u0111\u1ea7u t\u01b0 v\u00e0 c\u00f4ng ngh\u1ec7 Green Solar Vi\u1ec7t Nam","url":"https:\/\/greensolarvietnam.vn\/","logo":{"@type":"ImageObject","inLanguage":"vi","@id":"https:\/\/greensolarvietnam.vn\/#\/schema\/logo\/image\/","url":"https:\/\/greensolarvietnam.vn\/wp-content\/uploads\/2025\/08\/cropped-cropped-cropped-Logo-163x68-1.png","contentUrl":"https:\/\/greensolarvietnam.vn\/wp-content\/uploads\/2025\/08\/cropped-cropped-cropped-Logo-163x68-1.png","width":163,"height":55,"caption":"C\u00f4ng ty TNHH \u0111\u1ea7u t\u01b0 v\u00e0 c\u00f4ng ngh\u1ec7 Green Solar Vi\u1ec7t Nam"},"image":{"@id":"https:\/\/greensolarvietnam.vn\/#\/schema\/logo\/image\/"}}]}},"_links":{"self":[{"href":"https:\/\/greensolarvietnam.vn\/index.php?rest_route=\/wp\/v2\/product\/16742","targetHints":{"allow":["GET"]}}],"collection":[{"href":"https:\/\/greensolarvietnam.vn\/index.php?rest_route=\/wp\/v2\/product"}],"about":[{"href":"https:\/\/greensolarvietnam.vn\/index.php?rest_route=\/wp\/v2\/types\/product"}],"replies":[{"embeddable":true,"href":"https:\/\/greensolarvietnam.vn\/index.php?rest_route=%2Fwp%2Fv2%2Fcomments&post=16742"}],"wp:featuredmedia":[{"embeddable":true,"href":"https:\/\/greensolarvietnam.vn\/index.php?rest_route=\/wp\/v2\/media\/16743"}],"wp:attachment":[{"href":"https:\/\/greensolarvietnam.vn\/index.php?rest_route=%2Fwp%2Fv2%2Fmedia&parent=16742"}],"wp:term":[{"taxonomy":"product_cat","embeddable":true,"href":"https:\/\/greensolarvietnam.vn\/index.php?rest_route=%2Fwp%2Fv2%2Fproduct_cat&post=16742"},{"taxonomy":"product_tag","embeddable":true,"href":"https:\/\/greensolarvietnam.vn\/index.php?rest_route=%2Fwp%2Fv2%2Fproduct_tag&post=16742"}],"curies":[{"name":"wp","href":"https:\/\/api.w.org\/{rel}","templated":true}]}}