{"id":16744,"date":"2024-04-12T04:00:45","date_gmt":"2024-04-12T04:00:45","guid":{"rendered":"https:\/\/greensolarvietnam.vn\/?post_type=product&#038;p=16744"},"modified":"2024-04-12T04:01:04","modified_gmt":"2024-04-12T04:01:04","slug":"dong-ho-bam-tai-3-pha-eastron-sdm630-modbus-v2","status":"publish","type":"product","link":"https:\/\/greensolarvietnam.vn\/?product=dong-ho-bam-tai-3-pha-eastron-sdm630-modbus-v2","title":{"rendered":"\u0110\u1ed2NG H\u1ed2 B\u00c1M T\u1ea2I 3 PHA EASTRON SDM630 MODBUS V2"},"content":{"rendered":"<p>S\u1eed d\u1ee5ng cho bi\u1ebfn t\u1ea7n HYPONTECH, Growatt, Zever solar, Solplanet, Aiswei \u0110\u1eb6T V\u1ea4N \u0110\u1ec0:<\/p>\n<ul>\n<li>Ch\u00fang ta mu\u1ed1n \u0111\u1ea7u t\u01b0 \u0110MT \u0111\u1ec3 ti\u1ebft ki\u1ec7m chi ph\u00ed ti\u1ec1n \u0111i\u1ec7n.<\/li>\n<li>Ch\u00ednh ph\u1ee7 ch\u01b0a ban h\u00e0nh ch\u00ednh s\u00e1ch m\u1edbi \u0111\u1ec3 mua l\u1ea1i l\u01b0\u1ee3ng \u0111i\u1ec7n m\u1eb7t tr\u1eddi ph\u00e1t l\u00ean l\u01b0\u1edbi.<\/li>\n<li>C\u00f4ng ty \u0110i\u1ec7n l\u1ef1c ch\u01b0a c\u1ea5p \u0111\u1ed3ng h\u1ed3 hai chi\u1ec1u \u0111\u1ec3 ghi nh\u1eadn ch\u1ec9 s\u1ed1 \u0111i\u1ec7n m\u1eb7t tr\u1eddi ph\u00e1t l\u00ean l\u01b0\u1edbi.<\/li>\n<\/ul>\n<p>GI\u1ea2I PH\u00c1P \u201cZERO EXPORT\u201d: Zero Export hay \u201cH\u00f2a l\u01b0\u1edbi b\u00e1m t\u1ea3i\u201d l\u00e0 gi\u1ea3i ph\u00e1p \u0111\u1ea3m b\u1ea3o kh\u00f4ng cho s\u1ea3n l\u01b0\u1ee3ng \u0111i\u1ec7n m\u1eb7t tr\u1eddi d\u01b0 th\u1eeba ph\u00e1t l\u00ean l\u01b0\u1edbi \u0111i\u1ec7n. Bi\u1ebfn t\u1ea7n ch\u1ec9 cung c\u1ea5p \u0111\u1ee7 n\u0103ng l\u01b0\u1ee3ng \u0111\u1ec3 \u0111\u00e1p \u1ee9ng nhu c\u1ea7u s\u1eed d\u1ee5ng t\u1ea3i ti\u00eau th\u1ee5 c\u1ee7a kh\u00e1ch h\u00e0ng. Khi c\u00f3 \u0111i\u1ec7n n\u0103ng s\u1ea3n sinh d\u01b0 th\u1eeba t\u1eeb t\u1ea5m pin, bi\u1ebfn t\u1ea7n s\u1ebd t\u1ef1 \u0111\u1ed9ng ti\u00eau t\u00e1n n\u00f3 \u0111i d\u01b0\u1edbi d\u1ea1ng nhi\u1ec7t.<\/p>\n<p>M\u1ed9t \u0111\u1ed3ng h\u1ed3 th\u00f4ng minh (Smart meter) EASTRON s\u1ebd \u0111\u01b0\u1ee3c t\u00edch h\u1ee3p v\u1edbi bi\u1ebfn t\u1ea7n \u0111\u1ec3 k\u1ebft n\u1ed1i gi\u1eefa l\u01b0\u1edbi \u0111i\u1ec7n v\u00e0 h\u1ec7 th\u1ed1ng \u0111i\u1ec7n m\u1eb7t tr\u1eddi. Khi \u0111\u1ed3ng h\u1ed3 ph\u00e1t hi\u1ec7n ph\u1ea7n \u0111i\u1ec7n n\u0103ng d\u01b0 th\u1eeba, bi\u1ebfn t\u1ea7n s\u1ebd t\u1ef1 \u0111\u1ed9ng \u0111i\u1ec1u ch\u1ec9nh c\u00f4ng su\u1ea5t sao cho \u0111\u1ee7 \u0111\u1ec3 s\u1eed d\u1ee5ng c\u00e1c t\u1ea3i ti\u00eau th\u1ee5 \u0111i\u1ec7n.<\/p>\n","protected":false},"excerpt":{"rendered":"<p>S\u1eed d\u1ee5ng cho bi\u1ebfn t\u1ea7n HYPONTECH, Growatt, Zever solar, Solplanet, Aiswei \u0110\u1eb6T V\u1ea4N \u0110\u1ec0: Ch\u00fang ta mu\u1ed1n \u0111\u1ea7u t\u01b0 \u0110MT \u0111\u1ec3 ti\u1ebft ki\u1ec7m chi ph\u00ed ti\u1ec1n \u0111i\u1ec7n. Ch\u00ednh ph\u1ee7 ch\u01b0a ban h\u00e0nh ch\u00ednh s\u00e1ch m\u1edbi \u0111\u1ec3 mua l\u1ea1i l\u01b0\u1ee3ng \u0111i\u1ec7n m\u1eb7t tr\u1eddi ph\u00e1t l\u00ean l\u01b0\u1edbi. C\u00f4ng ty \u0110i\u1ec7n l\u1ef1c ch\u01b0a c\u1ea5p \u0111\u1ed3ng h\u1ed3 hai chi\u1ec1u &hellip;<\/p>\n<p class=\"read-more\"> <a class=\"\" href=\"https:\/\/greensolarvietnam.vn\/?product=dong-ho-bam-tai-3-pha-eastron-sdm630-modbus-v2\"> <span class=\"screen-reader-text\">\u0110\u1ed2NG H\u1ed2 B\u00c1M T\u1ea2I 3 PHA EASTRON SDM630 MODBUS V2<\/span> Read More &raquo;<\/a><\/p>\n","protected":false},"featured_media":16745,"comment_status":"closed","ping_status":"closed","template":"","meta":{"site-sidebar-layout":"default","site-content-layout":"default","ast-global-header-display":"","ast-main-header-display":"","ast-hfb-above-header-display":"","ast-hfb-below-header-display":"","ast-hfb-mobile-header-display":"","site-post-title":"","ast-breadcrumbs-content":"","ast-featured-img":"","footer-sml-layout":"","theme-transparent-header-meta":"default","adv-header-id-meta":"","stick-header-meta":"","header-above-stick-meta":"","header-main-stick-meta":"","header-below-stick-meta":""},"product_cat":[197],"product_tag":[],"class_list":{"0":"post-16744","1":"product","2":"type-product","3":"status-publish","4":"has-post-thumbnail","6":"product_cat-vat-tu-lap-dat-dien-mat-troi","8":"first","9":"instock","10":"shipping-taxable","11":"product-type-simple"},"yoast_head":"<!-- This site is optimized with the Yoast SEO Premium plugin v23.9 (Yoast SEO v24.4) - https:\/\/yoast.com\/wordpress\/plugins\/seo\/ -->\n<title>\u0110\u1ed2NG H\u1ed2 B\u00c1M T\u1ea2I 3 PHA EASTRON SDM630 MODBUS V2 - C\u00f4ng ty TNHH \u0111\u1ea7u t\u01b0 v\u00e0 c\u00f4ng ngh\u1ec7 Green Solar Vi\u1ec7t Nam<\/title>\n<meta name=\"robots\" content=\"index, follow, max-snippet:-1, max-image-preview:large, max-video-preview:-1\" \/>\n<link rel=\"canonical\" href=\"https:\/\/greensolarvietnam.vn\/?product=dong-ho-bam-tai-3-pha-eastron-sdm630-modbus-v2\" \/>\n<meta property=\"og:locale\" content=\"vi_VN\" \/>\n<meta property=\"og:type\" content=\"article\" \/>\n<meta property=\"og:title\" content=\"\u0110\u1ed2NG H\u1ed2 B\u00c1M T\u1ea2I 3 PHA EASTRON SDM630 MODBUS V2\" \/>\n<meta property=\"og:description\" content=\"S\u1eed d\u1ee5ng cho bi\u1ebfn t\u1ea7n HYPONTECH, Growatt, Zever solar, Solplanet, Aiswei \u0110\u1eb6T V\u1ea4N \u0110\u1ec0: Ch\u00fang ta mu\u1ed1n \u0111\u1ea7u t\u01b0 \u0110MT \u0111\u1ec3 ti\u1ebft ki\u1ec7m chi ph\u00ed ti\u1ec1n \u0111i\u1ec7n. Ch\u00ednh ph\u1ee7 ch\u01b0a ban h\u00e0nh ch\u00ednh s\u00e1ch m\u1edbi \u0111\u1ec3 mua l\u1ea1i l\u01b0\u1ee3ng \u0111i\u1ec7n m\u1eb7t tr\u1eddi ph\u00e1t l\u00ean l\u01b0\u1edbi. C\u00f4ng ty \u0110i\u1ec7n l\u1ef1c ch\u01b0a c\u1ea5p \u0111\u1ed3ng h\u1ed3 hai chi\u1ec1u &hellip; \u0110\u1ed2NG H\u1ed2 B\u00c1M T\u1ea2I 3 PHA EASTRON SDM630 MODBUS V2 Read More &raquo;\" \/>\n<meta property=\"og:url\" content=\"https:\/\/greensolarvietnam.vn\/?product=dong-ho-bam-tai-3-pha-eastron-sdm630-modbus-v2\" \/>\n<meta property=\"og:site_name\" content=\"C\u00f4ng ty TNHH \u0111\u1ea7u t\u01b0 v\u00e0 c\u00f4ng ngh\u1ec7 Green Solar Vi\u1ec7t Nam\" \/>\n<meta property=\"article:modified_time\" content=\"2024-04-12T04:01:04+00:00\" \/>\n<meta property=\"og:image\" content=\"https:\/\/greensolarvietnam.vn\/wp-content\/uploads\/2024\/04\/SDM630.jpg\" \/>\n\t<meta property=\"og:image:width\" content=\"800\" \/>\n\t<meta property=\"og:image:height\" content=\"703\" \/>\n\t<meta property=\"og:image:type\" content=\"image\/jpeg\" \/>\n<meta name=\"twitter:card\" content=\"summary_large_image\" \/>\n<meta name=\"twitter:label1\" content=\"\u01af\u1edbc t\u00ednh th\u1eddi gian \u0111\u1ecdc\" \/>\n\t<meta name=\"twitter:data1\" content=\"2 ph\u00fat\" \/>\n<script type=\"application\/ld+json\" class=\"yoast-schema-graph\">{\"@context\":\"https:\/\/schema.org\",\"@graph\":[{\"@type\":\"WebPage\",\"@id\":\"https:\/\/greensolarvietnam.vn\/?product=dong-ho-bam-tai-3-pha-eastron-sdm630-modbus-v2\",\"url\":\"https:\/\/greensolarvietnam.vn\/?product=dong-ho-bam-tai-3-pha-eastron-sdm630-modbus-v2\",\"name\":\"\u0110\u1ed2NG H\u1ed2 B\u00c1M T\u1ea2I 3 PHA EASTRON SDM630 MODBUS V2 - C\u00f4ng ty TNHH \u0111\u1ea7u t\u01b0 v\u00e0 c\u00f4ng ngh\u1ec7 Green Solar Vi\u1ec7t Nam\",\"isPartOf\":{\"@id\":\"https:\/\/greensolarvietnam.vn\/#website\"},\"primaryImageOfPage\":{\"@id\":\"https:\/\/greensolarvietnam.vn\/?product=dong-ho-bam-tai-3-pha-eastron-sdm630-modbus-v2#primaryimage\"},\"image\":{\"@id\":\"https:\/\/greensolarvietnam.vn\/?product=dong-ho-bam-tai-3-pha-eastron-sdm630-modbus-v2#primaryimage\"},\"thumbnailUrl\":\"https:\/\/greensolarvietnam.vn\/wp-content\/uploads\/2024\/04\/SDM630.jpg\",\"datePublished\":\"2024-04-12T04:00:45+00:00\",\"dateModified\":\"2024-04-12T04:01:04+00:00\",\"breadcrumb\":{\"@id\":\"https:\/\/greensolarvietnam.vn\/?product=dong-ho-bam-tai-3-pha-eastron-sdm630-modbus-v2#breadcrumb\"},\"inLanguage\":\"vi\",\"potentialAction\":[{\"@type\":\"ReadAction\",\"target\":[\"https:\/\/greensolarvietnam.vn\/?product=dong-ho-bam-tai-3-pha-eastron-sdm630-modbus-v2\"]}]},{\"@type\":\"ImageObject\",\"inLanguage\":\"vi\",\"@id\":\"https:\/\/greensolarvietnam.vn\/?product=dong-ho-bam-tai-3-pha-eastron-sdm630-modbus-v2#primaryimage\",\"url\":\"https:\/\/greensolarvietnam.vn\/wp-content\/uploads\/2024\/04\/SDM630.jpg\",\"contentUrl\":\"https:\/\/greensolarvietnam.vn\/wp-content\/uploads\/2024\/04\/SDM630.jpg\",\"width\":800,\"height\":703},{\"@type\":\"BreadcrumbList\",\"@id\":\"https:\/\/greensolarvietnam.vn\/?product=dong-ho-bam-tai-3-pha-eastron-sdm630-modbus-v2#breadcrumb\",\"itemListElement\":[{\"@type\":\"ListItem\",\"position\":1,\"name\":\"Trang ch\u1ee7\",\"item\":\"https:\/\/greensolarvietnam.vn\/\"},{\"@type\":\"ListItem\",\"position\":2,\"name\":\"S\u1ea3n ph\u1ea9m\",\"item\":\"https:\/\/greensolarvietnam.vn\/?post_type=product\"},{\"@type\":\"ListItem\",\"position\":3,\"name\":\"\u0110\u1ed2NG H\u1ed2 B\u00c1M T\u1ea2I 3 PHA EASTRON SDM630 MODBUS V2\"}]},{\"@type\":\"WebSite\",\"@id\":\"https:\/\/greensolarvietnam.vn\/#website\",\"url\":\"https:\/\/greensolarvietnam.vn\/\",\"name\":\"C\u00f4ng ty TNHH \u0111\u1ea7u t\u01b0 v\u00e0 c\u00f4ng ngh\u1ec7 Green Solar Vi\u1ec7t Nam\",\"description\":\"C\u00f4ng ty TNHH \u0111\u1ea7u t\u01b0 v\u00e0 c\u00f4ng ngh\u1ec7 Green Solar Vi\u1ec7t Nam\",\"publisher\":{\"@id\":\"https:\/\/greensolarvietnam.vn\/#organization\"},\"potentialAction\":[{\"@type\":\"SearchAction\",\"target\":{\"@type\":\"EntryPoint\",\"urlTemplate\":\"https:\/\/greensolarvietnam.vn\/?s={search_term_string}\"},\"query-input\":{\"@type\":\"PropertyValueSpecification\",\"valueRequired\":true,\"valueName\":\"search_term_string\"}}],\"inLanguage\":\"vi\"},{\"@type\":\"Organization\",\"@id\":\"https:\/\/greensolarvietnam.vn\/#organization\",\"name\":\"C\u00f4ng ty TNHH \u0111\u1ea7u t\u01b0 v\u00e0 c\u00f4ng ngh\u1ec7 Green Solar Vi\u1ec7t Nam\",\"url\":\"https:\/\/greensolarvietnam.vn\/\",\"logo\":{\"@type\":\"ImageObject\",\"inLanguage\":\"vi\",\"@id\":\"https:\/\/greensolarvietnam.vn\/#\/schema\/logo\/image\/\",\"url\":\"https:\/\/greensolarvietnam.vn\/wp-content\/uploads\/2025\/08\/cropped-cropped-cropped-Logo-163x68-1.png\",\"contentUrl\":\"https:\/\/greensolarvietnam.vn\/wp-content\/uploads\/2025\/08\/cropped-cropped-cropped-Logo-163x68-1.png\",\"width\":163,\"height\":55,\"caption\":\"C\u00f4ng ty TNHH \u0111\u1ea7u t\u01b0 v\u00e0 c\u00f4ng ngh\u1ec7 Green Solar Vi\u1ec7t Nam\"},\"image\":{\"@id\":\"https:\/\/greensolarvietnam.vn\/#\/schema\/logo\/image\/\"}}]}<\/script>\n<!-- \/ Yoast SEO Premium plugin. -->","yoast_head_json":{"title":"\u0110\u1ed2NG H\u1ed2 B\u00c1M T\u1ea2I 3 PHA EASTRON SDM630 MODBUS V2 - C\u00f4ng ty TNHH \u0111\u1ea7u t\u01b0 v\u00e0 c\u00f4ng ngh\u1ec7 Green Solar Vi\u1ec7t Nam","robots":{"index":"index","follow":"follow","max-snippet":"max-snippet:-1","max-image-preview":"max-image-preview:large","max-video-preview":"max-video-preview:-1"},"canonical":"https:\/\/greensolarvietnam.vn\/?product=dong-ho-bam-tai-3-pha-eastron-sdm630-modbus-v2","og_locale":"vi_VN","og_type":"article","og_title":"\u0110\u1ed2NG H\u1ed2 B\u00c1M T\u1ea2I 3 PHA EASTRON SDM630 MODBUS V2","og_description":"S\u1eed d\u1ee5ng cho bi\u1ebfn t\u1ea7n HYPONTECH, Growatt, Zever solar, Solplanet, Aiswei \u0110\u1eb6T V\u1ea4N \u0110\u1ec0: Ch\u00fang ta mu\u1ed1n \u0111\u1ea7u t\u01b0 \u0110MT \u0111\u1ec3 ti\u1ebft ki\u1ec7m chi ph\u00ed ti\u1ec1n \u0111i\u1ec7n. Ch\u00ednh ph\u1ee7 ch\u01b0a ban h\u00e0nh ch\u00ednh s\u00e1ch m\u1edbi \u0111\u1ec3 mua l\u1ea1i l\u01b0\u1ee3ng \u0111i\u1ec7n m\u1eb7t tr\u1eddi ph\u00e1t l\u00ean l\u01b0\u1edbi. C\u00f4ng ty \u0110i\u1ec7n l\u1ef1c ch\u01b0a c\u1ea5p \u0111\u1ed3ng h\u1ed3 hai chi\u1ec1u &hellip; \u0110\u1ed2NG H\u1ed2 B\u00c1M T\u1ea2I 3 PHA EASTRON SDM630 MODBUS V2 Read More &raquo;","og_url":"https:\/\/greensolarvietnam.vn\/?product=dong-ho-bam-tai-3-pha-eastron-sdm630-modbus-v2","og_site_name":"C\u00f4ng ty TNHH \u0111\u1ea7u t\u01b0 v\u00e0 c\u00f4ng ngh\u1ec7 Green Solar Vi\u1ec7t Nam","article_modified_time":"2024-04-12T04:01:04+00:00","og_image":[{"width":800,"height":703,"url":"https:\/\/greensolarvietnam.vn\/wp-content\/uploads\/2024\/04\/SDM630.jpg","type":"image\/jpeg"}],"twitter_card":"summary_large_image","twitter_misc":{"\u01af\u1edbc t\u00ednh th\u1eddi gian \u0111\u1ecdc":"2 ph\u00fat"},"schema":{"@context":"https:\/\/schema.org","@graph":[{"@type":"WebPage","@id":"https:\/\/greensolarvietnam.vn\/?product=dong-ho-bam-tai-3-pha-eastron-sdm630-modbus-v2","url":"https:\/\/greensolarvietnam.vn\/?product=dong-ho-bam-tai-3-pha-eastron-sdm630-modbus-v2","name":"\u0110\u1ed2NG H\u1ed2 B\u00c1M T\u1ea2I 3 PHA EASTRON SDM630 MODBUS V2 - C\u00f4ng ty TNHH \u0111\u1ea7u t\u01b0 v\u00e0 c\u00f4ng ngh\u1ec7 Green Solar Vi\u1ec7t Nam","isPartOf":{"@id":"https:\/\/greensolarvietnam.vn\/#website"},"primaryImageOfPage":{"@id":"https:\/\/greensolarvietnam.vn\/?product=dong-ho-bam-tai-3-pha-eastron-sdm630-modbus-v2#primaryimage"},"image":{"@id":"https:\/\/greensolarvietnam.vn\/?product=dong-ho-bam-tai-3-pha-eastron-sdm630-modbus-v2#primaryimage"},"thumbnailUrl":"https:\/\/greensolarvietnam.vn\/wp-content\/uploads\/2024\/04\/SDM630.jpg","datePublished":"2024-04-12T04:00:45+00:00","dateModified":"2024-04-12T04:01:04+00:00","breadcrumb":{"@id":"https:\/\/greensolarvietnam.vn\/?product=dong-ho-bam-tai-3-pha-eastron-sdm630-modbus-v2#breadcrumb"},"inLanguage":"vi","potentialAction":[{"@type":"ReadAction","target":["https:\/\/greensolarvietnam.vn\/?product=dong-ho-bam-tai-3-pha-eastron-sdm630-modbus-v2"]}]},{"@type":"ImageObject","inLanguage":"vi","@id":"https:\/\/greensolarvietnam.vn\/?product=dong-ho-bam-tai-3-pha-eastron-sdm630-modbus-v2#primaryimage","url":"https:\/\/greensolarvietnam.vn\/wp-content\/uploads\/2024\/04\/SDM630.jpg","contentUrl":"https:\/\/greensolarvietnam.vn\/wp-content\/uploads\/2024\/04\/SDM630.jpg","width":800,"height":703},{"@type":"BreadcrumbList","@id":"https:\/\/greensolarvietnam.vn\/?product=dong-ho-bam-tai-3-pha-eastron-sdm630-modbus-v2#breadcrumb","itemListElement":[{"@type":"ListItem","position":1,"name":"Trang ch\u1ee7","item":"https:\/\/greensolarvietnam.vn\/"},{"@type":"ListItem","position":2,"name":"S\u1ea3n ph\u1ea9m","item":"https:\/\/greensolarvietnam.vn\/?post_type=product"},{"@type":"ListItem","position":3,"name":"\u0110\u1ed2NG H\u1ed2 B\u00c1M T\u1ea2I 3 PHA EASTRON SDM630 MODBUS V2"}]},{"@type":"WebSite","@id":"https:\/\/greensolarvietnam.vn\/#website","url":"https:\/\/greensolarvietnam.vn\/","name":"C\u00f4ng ty TNHH \u0111\u1ea7u t\u01b0 v\u00e0 c\u00f4ng ngh\u1ec7 Green Solar Vi\u1ec7t Nam","description":"C\u00f4ng ty TNHH \u0111\u1ea7u t\u01b0 v\u00e0 c\u00f4ng ngh\u1ec7 Green Solar Vi\u1ec7t Nam","publisher":{"@id":"https:\/\/greensolarvietnam.vn\/#organization"},"potentialAction":[{"@type":"SearchAction","target":{"@type":"EntryPoint","urlTemplate":"https:\/\/greensolarvietnam.vn\/?s={search_term_string}"},"query-input":{"@type":"PropertyValueSpecification","valueRequired":true,"valueName":"search_term_string"}}],"inLanguage":"vi"},{"@type":"Organization","@id":"https:\/\/greensolarvietnam.vn\/#organization","name":"C\u00f4ng ty TNHH \u0111\u1ea7u t\u01b0 v\u00e0 c\u00f4ng ngh\u1ec7 Green Solar Vi\u1ec7t Nam","url":"https:\/\/greensolarvietnam.vn\/","logo":{"@type":"ImageObject","inLanguage":"vi","@id":"https:\/\/greensolarvietnam.vn\/#\/schema\/logo\/image\/","url":"https:\/\/greensolarvietnam.vn\/wp-content\/uploads\/2025\/08\/cropped-cropped-cropped-Logo-163x68-1.png","contentUrl":"https:\/\/greensolarvietnam.vn\/wp-content\/uploads\/2025\/08\/cropped-cropped-cropped-Logo-163x68-1.png","width":163,"height":55,"caption":"C\u00f4ng ty TNHH \u0111\u1ea7u t\u01b0 v\u00e0 c\u00f4ng ngh\u1ec7 Green Solar Vi\u1ec7t Nam"},"image":{"@id":"https:\/\/greensolarvietnam.vn\/#\/schema\/logo\/image\/"}}]}},"_links":{"self":[{"href":"https:\/\/greensolarvietnam.vn\/index.php?rest_route=\/wp\/v2\/product\/16744","targetHints":{"allow":["GET"]}}],"collection":[{"href":"https:\/\/greensolarvietnam.vn\/index.php?rest_route=\/wp\/v2\/product"}],"about":[{"href":"https:\/\/greensolarvietnam.vn\/index.php?rest_route=\/wp\/v2\/types\/product"}],"replies":[{"embeddable":true,"href":"https:\/\/greensolarvietnam.vn\/index.php?rest_route=%2Fwp%2Fv2%2Fcomments&post=16744"}],"wp:featuredmedia":[{"embeddable":true,"href":"https:\/\/greensolarvietnam.vn\/index.php?rest_route=\/wp\/v2\/media\/16745"}],"wp:attachment":[{"href":"https:\/\/greensolarvietnam.vn\/index.php?rest_route=%2Fwp%2Fv2%2Fmedia&parent=16744"}],"wp:term":[{"taxonomy":"product_cat","embeddable":true,"href":"https:\/\/greensolarvietnam.vn\/index.php?rest_route=%2Fwp%2Fv2%2Fproduct_cat&post=16744"},{"taxonomy":"product_tag","embeddable":true,"href":"https:\/\/greensolarvietnam.vn\/index.php?rest_route=%2Fwp%2Fv2%2Fproduct_tag&post=16744"}],"curies":[{"name":"wp","href":"https:\/\/api.w.org\/{rel}","templated":true}]}}