{"id":16746,"date":"2024-04-12T04:05:23","date_gmt":"2024-04-12T04:05:23","guid":{"rendered":"https:\/\/greensolarvietnam.vn\/?post_type=product&#038;p=16746"},"modified":"2024-04-12T04:05:23","modified_gmt":"2024-04-12T04:05:23","slug":"may-in-laser-imageclass-mf641cw","status":"publish","type":"product","link":"https:\/\/greensolarvietnam.vn\/?product=may-in-laser-imageclass-mf641cw","title":{"rendered":"M\u00c1Y IN LASER IMAGECLASS MF641CW"},"content":{"rendered":"<p>M\u00e1y in Laser m\u00e0u \u0111a ch\u1ee9c n\u0103ng, Nh\u1ecf g\u1ecdn v\u00e0 Hi\u1ec7u qu\u1ea3. \u0110\u01b0\u1ee3c thi\u1ebft k\u1ebf \u0111\u1ec3 \u0111em l\u1ea1i s\u1ef1 hi\u1ec7u qu\u1ea3, m\u00e1y in MF641Cw th\u1ec3 hi\u1ec7n n\u0103ng su\u1ea5t cao.<\/p>\n<p>M\u00e3 s\u1ea3n ph\u1ea9m: MF641CW<br \/>\nIn, Sao ch\u00e9p, Qu\u00e9t<br \/>\nT\u1ed1c \u0111\u1ed9 in (A4): L\u00ean t\u1edbi 18ppm (\u0110en tr\u1eafng\/M\u00e0u)<br \/>\n\u0110\u1ed9 ph\u00e2n gi\u1ea3i khi in: L\u00ean t\u1edbi 9.600 (t\u01b0\u01a1ng \u0111\u01b0\u01a1ng) x 600dpi<br \/>\nGigabit Ethernet, WiFi, K\u1ebft n\u1ed1i tr\u1ef1c ti\u1ebfp<br \/>\nL\u01b0\u1ee3ng b\u1ea3n in khuy\u1ebfn ngh\u1ecb h\u00e0ng th\u00e1ng: 250 \u2013 2.500 trang<\/p>\n","protected":false},"excerpt":{"rendered":"<p>M\u00e3 s\u1ea3n ph\u1ea9m: MF641CW<br \/>\nIn, Sao ch\u00e9p, Qu\u00e9t<br \/>\nT\u1ed1c \u0111\u1ed9 in (A4): L\u00ean t\u1edbi 18ppm (\u0110en tr\u1eafng\/M\u00e0u)<br \/>\n\u0110\u1ed9 ph\u00e2n gi\u1ea3i khi in: L\u00ean t\u1edbi 9.600 (t\u01b0\u01a1ng \u0111\u01b0\u01a1ng) x 600dpi<br \/>\nGigabit Ethernet, WiFi, K\u1ebft n\u1ed1i tr\u1ef1c ti\u1ebfp<br \/>\nL\u01b0\u1ee3ng b\u1ea3n in khuy\u1ebfn ngh\u1ecb h\u00e0ng th\u00e1ng: 250 \u2013 2.500 trang<\/p>\n","protected":false},"featured_media":16747,"comment_status":"closed","ping_status":"closed","template":"","meta":{"site-sidebar-layout":"default","site-content-layout":"default","ast-global-header-display":"","ast-main-header-display":"","ast-hfb-above-header-display":"","ast-hfb-below-header-display":"","ast-hfb-mobile-header-display":"","site-post-title":"","ast-breadcrumbs-content":"","ast-featured-img":"","footer-sml-layout":"","theme-transparent-header-meta":"default","adv-header-id-meta":"","stick-header-meta":"","header-above-stick-meta":"","header-main-stick-meta":"","header-below-stick-meta":""},"product_cat":[198],"product_tag":[],"class_list":{"0":"post-16746","1":"product","2":"type-product","3":"status-publish","4":"has-post-thumbnail","6":"product_cat-vat-tu-thiet-bi-cho-nha-may-thuy-dien","8":"first","9":"instock","10":"shipping-taxable","11":"product-type-simple"},"yoast_head":"<!-- This site is optimized with the Yoast SEO Premium plugin v23.9 (Yoast SEO v24.4) - https:\/\/yoast.com\/wordpress\/plugins\/seo\/ -->\n<title>M\u00c1Y IN LASER IMAGECLASS MF641CW - C\u00f4ng ty TNHH \u0111\u1ea7u t\u01b0 v\u00e0 c\u00f4ng ngh\u1ec7 Green Solar Vi\u1ec7t Nam<\/title>\n<meta name=\"robots\" content=\"index, follow, max-snippet:-1, max-image-preview:large, max-video-preview:-1\" \/>\n<link rel=\"canonical\" href=\"https:\/\/greensolarvietnam.vn\/?product=may-in-laser-imageclass-mf641cw\" \/>\n<meta property=\"og:locale\" content=\"vi_VN\" \/>\n<meta property=\"og:type\" content=\"article\" \/>\n<meta property=\"og:title\" content=\"M\u00c1Y IN LASER IMAGECLASS MF641CW\" \/>\n<meta property=\"og:description\" content=\"M\u00e3 s\u1ea3n ph\u1ea9m: MF641CW In, Sao ch\u00e9p, Qu\u00e9t T\u1ed1c \u0111\u1ed9 in (A4): L\u00ean t\u1edbi 18ppm (\u0110en tr\u1eafng\/M\u00e0u) \u0110\u1ed9 ph\u00e2n gi\u1ea3i khi in: L\u00ean t\u1edbi 9.600 (t\u01b0\u01a1ng \u0111\u01b0\u01a1ng) x 600dpi Gigabit Ethernet, WiFi, K\u1ebft n\u1ed1i tr\u1ef1c ti\u1ebfp L\u01b0\u1ee3ng b\u1ea3n in khuy\u1ebfn ngh\u1ecb h\u00e0ng th\u00e1ng: 250 \u2013 2.500 trang\" \/>\n<meta property=\"og:url\" content=\"https:\/\/greensolarvietnam.vn\/?product=may-in-laser-imageclass-mf641cw\" \/>\n<meta property=\"og:site_name\" content=\"C\u00f4ng ty TNHH \u0111\u1ea7u t\u01b0 v\u00e0 c\u00f4ng ngh\u1ec7 Green Solar Vi\u1ec7t Nam\" \/>\n<meta property=\"og:image\" content=\"https:\/\/greensolarvietnam.vn\/wp-content\/uploads\/2024\/04\/May-in-laser-imageCLASS-MF641Cw.png\" \/>\n\t<meta property=\"og:image:width\" content=\"350\" \/>\n\t<meta property=\"og:image:height\" content=\"400\" \/>\n\t<meta property=\"og:image:type\" content=\"image\/png\" \/>\n<meta name=\"twitter:card\" content=\"summary_large_image\" \/>\n<meta name=\"twitter:label1\" content=\"\u01af\u1edbc t\u00ednh th\u1eddi gian \u0111\u1ecdc\" \/>\n\t<meta name=\"twitter:data1\" content=\"1 ph\u00fat\" \/>\n<script type=\"application\/ld+json\" class=\"yoast-schema-graph\">{\"@context\":\"https:\/\/schema.org\",\"@graph\":[{\"@type\":\"WebPage\",\"@id\":\"https:\/\/greensolarvietnam.vn\/?product=may-in-laser-imageclass-mf641cw\",\"url\":\"https:\/\/greensolarvietnam.vn\/?product=may-in-laser-imageclass-mf641cw\",\"name\":\"M\u00c1Y IN LASER IMAGECLASS MF641CW - C\u00f4ng ty TNHH \u0111\u1ea7u t\u01b0 v\u00e0 c\u00f4ng ngh\u1ec7 Green Solar Vi\u1ec7t Nam\",\"isPartOf\":{\"@id\":\"https:\/\/greensolarvietnam.vn\/#website\"},\"primaryImageOfPage\":{\"@id\":\"https:\/\/greensolarvietnam.vn\/?product=may-in-laser-imageclass-mf641cw#primaryimage\"},\"image\":{\"@id\":\"https:\/\/greensolarvietnam.vn\/?product=may-in-laser-imageclass-mf641cw#primaryimage\"},\"thumbnailUrl\":\"https:\/\/greensolarvietnam.vn\/wp-content\/uploads\/2024\/04\/May-in-laser-imageCLASS-MF641Cw.png\",\"datePublished\":\"2024-04-12T04:05:23+00:00\",\"breadcrumb\":{\"@id\":\"https:\/\/greensolarvietnam.vn\/?product=may-in-laser-imageclass-mf641cw#breadcrumb\"},\"inLanguage\":\"vi\",\"potentialAction\":[{\"@type\":\"ReadAction\",\"target\":[\"https:\/\/greensolarvietnam.vn\/?product=may-in-laser-imageclass-mf641cw\"]}]},{\"@type\":\"ImageObject\",\"inLanguage\":\"vi\",\"@id\":\"https:\/\/greensolarvietnam.vn\/?product=may-in-laser-imageclass-mf641cw#primaryimage\",\"url\":\"https:\/\/greensolarvietnam.vn\/wp-content\/uploads\/2024\/04\/May-in-laser-imageCLASS-MF641Cw.png\",\"contentUrl\":\"https:\/\/greensolarvietnam.vn\/wp-content\/uploads\/2024\/04\/May-in-laser-imageCLASS-MF641Cw.png\",\"width\":350,\"height\":400},{\"@type\":\"BreadcrumbList\",\"@id\":\"https:\/\/greensolarvietnam.vn\/?product=may-in-laser-imageclass-mf641cw#breadcrumb\",\"itemListElement\":[{\"@type\":\"ListItem\",\"position\":1,\"name\":\"Trang ch\u1ee7\",\"item\":\"https:\/\/greensolarvietnam.vn\/\"},{\"@type\":\"ListItem\",\"position\":2,\"name\":\"S\u1ea3n ph\u1ea9m\",\"item\":\"https:\/\/greensolarvietnam.vn\/?post_type=product\"},{\"@type\":\"ListItem\",\"position\":3,\"name\":\"M\u00c1Y IN LASER IMAGECLASS MF641CW\"}]},{\"@type\":\"WebSite\",\"@id\":\"https:\/\/greensolarvietnam.vn\/#website\",\"url\":\"https:\/\/greensolarvietnam.vn\/\",\"name\":\"C\u00f4ng ty TNHH \u0111\u1ea7u t\u01b0 v\u00e0 c\u00f4ng ngh\u1ec7 Green Solar Vi\u1ec7t Nam\",\"description\":\"C\u00f4ng ty TNHH \u0111\u1ea7u t\u01b0 v\u00e0 c\u00f4ng ngh\u1ec7 Green Solar Vi\u1ec7t Nam\",\"publisher\":{\"@id\":\"https:\/\/greensolarvietnam.vn\/#organization\"},\"potentialAction\":[{\"@type\":\"SearchAction\",\"target\":{\"@type\":\"EntryPoint\",\"urlTemplate\":\"https:\/\/greensolarvietnam.vn\/?s={search_term_string}\"},\"query-input\":{\"@type\":\"PropertyValueSpecification\",\"valueRequired\":true,\"valueName\":\"search_term_string\"}}],\"inLanguage\":\"vi\"},{\"@type\":\"Organization\",\"@id\":\"https:\/\/greensolarvietnam.vn\/#organization\",\"name\":\"C\u00f4ng ty TNHH \u0111\u1ea7u t\u01b0 v\u00e0 c\u00f4ng ngh\u1ec7 Green Solar Vi\u1ec7t Nam\",\"url\":\"https:\/\/greensolarvietnam.vn\/\",\"logo\":{\"@type\":\"ImageObject\",\"inLanguage\":\"vi\",\"@id\":\"https:\/\/greensolarvietnam.vn\/#\/schema\/logo\/image\/\",\"url\":\"https:\/\/greensolarvietnam.vn\/wp-content\/uploads\/2025\/08\/cropped-cropped-cropped-Logo-163x68-1.png\",\"contentUrl\":\"https:\/\/greensolarvietnam.vn\/wp-content\/uploads\/2025\/08\/cropped-cropped-cropped-Logo-163x68-1.png\",\"width\":163,\"height\":55,\"caption\":\"C\u00f4ng ty TNHH \u0111\u1ea7u t\u01b0 v\u00e0 c\u00f4ng ngh\u1ec7 Green Solar Vi\u1ec7t Nam\"},\"image\":{\"@id\":\"https:\/\/greensolarvietnam.vn\/#\/schema\/logo\/image\/\"}}]}<\/script>\n<!-- \/ Yoast SEO Premium plugin. -->","yoast_head_json":{"title":"M\u00c1Y IN LASER IMAGECLASS MF641CW - C\u00f4ng ty TNHH \u0111\u1ea7u t\u01b0 v\u00e0 c\u00f4ng ngh\u1ec7 Green Solar Vi\u1ec7t Nam","robots":{"index":"index","follow":"follow","max-snippet":"max-snippet:-1","max-image-preview":"max-image-preview:large","max-video-preview":"max-video-preview:-1"},"canonical":"https:\/\/greensolarvietnam.vn\/?product=may-in-laser-imageclass-mf641cw","og_locale":"vi_VN","og_type":"article","og_title":"M\u00c1Y IN LASER IMAGECLASS MF641CW","og_description":"M\u00e3 s\u1ea3n ph\u1ea9m: MF641CW In, Sao ch\u00e9p, Qu\u00e9t T\u1ed1c \u0111\u1ed9 in (A4): L\u00ean t\u1edbi 18ppm (\u0110en tr\u1eafng\/M\u00e0u) \u0110\u1ed9 ph\u00e2n gi\u1ea3i khi in: L\u00ean t\u1edbi 9.600 (t\u01b0\u01a1ng \u0111\u01b0\u01a1ng) x 600dpi Gigabit Ethernet, WiFi, K\u1ebft n\u1ed1i tr\u1ef1c ti\u1ebfp L\u01b0\u1ee3ng b\u1ea3n in khuy\u1ebfn ngh\u1ecb h\u00e0ng th\u00e1ng: 250 \u2013 2.500 trang","og_url":"https:\/\/greensolarvietnam.vn\/?product=may-in-laser-imageclass-mf641cw","og_site_name":"C\u00f4ng ty TNHH \u0111\u1ea7u t\u01b0 v\u00e0 c\u00f4ng ngh\u1ec7 Green Solar Vi\u1ec7t Nam","og_image":[{"width":350,"height":400,"url":"https:\/\/greensolarvietnam.vn\/wp-content\/uploads\/2024\/04\/May-in-laser-imageCLASS-MF641Cw.png","type":"image\/png"}],"twitter_card":"summary_large_image","twitter_misc":{"\u01af\u1edbc t\u00ednh th\u1eddi gian \u0111\u1ecdc":"1 ph\u00fat"},"schema":{"@context":"https:\/\/schema.org","@graph":[{"@type":"WebPage","@id":"https:\/\/greensolarvietnam.vn\/?product=may-in-laser-imageclass-mf641cw","url":"https:\/\/greensolarvietnam.vn\/?product=may-in-laser-imageclass-mf641cw","name":"M\u00c1Y IN LASER IMAGECLASS MF641CW - C\u00f4ng ty TNHH \u0111\u1ea7u t\u01b0 v\u00e0 c\u00f4ng ngh\u1ec7 Green Solar Vi\u1ec7t Nam","isPartOf":{"@id":"https:\/\/greensolarvietnam.vn\/#website"},"primaryImageOfPage":{"@id":"https:\/\/greensolarvietnam.vn\/?product=may-in-laser-imageclass-mf641cw#primaryimage"},"image":{"@id":"https:\/\/greensolarvietnam.vn\/?product=may-in-laser-imageclass-mf641cw#primaryimage"},"thumbnailUrl":"https:\/\/greensolarvietnam.vn\/wp-content\/uploads\/2024\/04\/May-in-laser-imageCLASS-MF641Cw.png","datePublished":"2024-04-12T04:05:23+00:00","breadcrumb":{"@id":"https:\/\/greensolarvietnam.vn\/?product=may-in-laser-imageclass-mf641cw#breadcrumb"},"inLanguage":"vi","potentialAction":[{"@type":"ReadAction","target":["https:\/\/greensolarvietnam.vn\/?product=may-in-laser-imageclass-mf641cw"]}]},{"@type":"ImageObject","inLanguage":"vi","@id":"https:\/\/greensolarvietnam.vn\/?product=may-in-laser-imageclass-mf641cw#primaryimage","url":"https:\/\/greensolarvietnam.vn\/wp-content\/uploads\/2024\/04\/May-in-laser-imageCLASS-MF641Cw.png","contentUrl":"https:\/\/greensolarvietnam.vn\/wp-content\/uploads\/2024\/04\/May-in-laser-imageCLASS-MF641Cw.png","width":350,"height":400},{"@type":"BreadcrumbList","@id":"https:\/\/greensolarvietnam.vn\/?product=may-in-laser-imageclass-mf641cw#breadcrumb","itemListElement":[{"@type":"ListItem","position":1,"name":"Trang ch\u1ee7","item":"https:\/\/greensolarvietnam.vn\/"},{"@type":"ListItem","position":2,"name":"S\u1ea3n ph\u1ea9m","item":"https:\/\/greensolarvietnam.vn\/?post_type=product"},{"@type":"ListItem","position":3,"name":"M\u00c1Y IN LASER IMAGECLASS MF641CW"}]},{"@type":"WebSite","@id":"https:\/\/greensolarvietnam.vn\/#website","url":"https:\/\/greensolarvietnam.vn\/","name":"C\u00f4ng ty TNHH \u0111\u1ea7u t\u01b0 v\u00e0 c\u00f4ng ngh\u1ec7 Green Solar Vi\u1ec7t Nam","description":"C\u00f4ng ty TNHH \u0111\u1ea7u t\u01b0 v\u00e0 c\u00f4ng ngh\u1ec7 Green Solar Vi\u1ec7t Nam","publisher":{"@id":"https:\/\/greensolarvietnam.vn\/#organization"},"potentialAction":[{"@type":"SearchAction","target":{"@type":"EntryPoint","urlTemplate":"https:\/\/greensolarvietnam.vn\/?s={search_term_string}"},"query-input":{"@type":"PropertyValueSpecification","valueRequired":true,"valueName":"search_term_string"}}],"inLanguage":"vi"},{"@type":"Organization","@id":"https:\/\/greensolarvietnam.vn\/#organization","name":"C\u00f4ng ty TNHH \u0111\u1ea7u t\u01b0 v\u00e0 c\u00f4ng ngh\u1ec7 Green Solar Vi\u1ec7t Nam","url":"https:\/\/greensolarvietnam.vn\/","logo":{"@type":"ImageObject","inLanguage":"vi","@id":"https:\/\/greensolarvietnam.vn\/#\/schema\/logo\/image\/","url":"https:\/\/greensolarvietnam.vn\/wp-content\/uploads\/2025\/08\/cropped-cropped-cropped-Logo-163x68-1.png","contentUrl":"https:\/\/greensolarvietnam.vn\/wp-content\/uploads\/2025\/08\/cropped-cropped-cropped-Logo-163x68-1.png","width":163,"height":55,"caption":"C\u00f4ng ty TNHH \u0111\u1ea7u t\u01b0 v\u00e0 c\u00f4ng ngh\u1ec7 Green Solar Vi\u1ec7t Nam"},"image":{"@id":"https:\/\/greensolarvietnam.vn\/#\/schema\/logo\/image\/"}}]}},"_links":{"self":[{"href":"https:\/\/greensolarvietnam.vn\/index.php?rest_route=\/wp\/v2\/product\/16746","targetHints":{"allow":["GET"]}}],"collection":[{"href":"https:\/\/greensolarvietnam.vn\/index.php?rest_route=\/wp\/v2\/product"}],"about":[{"href":"https:\/\/greensolarvietnam.vn\/index.php?rest_route=\/wp\/v2\/types\/product"}],"replies":[{"embeddable":true,"href":"https:\/\/greensolarvietnam.vn\/index.php?rest_route=%2Fwp%2Fv2%2Fcomments&post=16746"}],"wp:featuredmedia":[{"embeddable":true,"href":"https:\/\/greensolarvietnam.vn\/index.php?rest_route=\/wp\/v2\/media\/16747"}],"wp:attachment":[{"href":"https:\/\/greensolarvietnam.vn\/index.php?rest_route=%2Fwp%2Fv2%2Fmedia&parent=16746"}],"wp:term":[{"taxonomy":"product_cat","embeddable":true,"href":"https:\/\/greensolarvietnam.vn\/index.php?rest_route=%2Fwp%2Fv2%2Fproduct_cat&post=16746"},{"taxonomy":"product_tag","embeddable":true,"href":"https:\/\/greensolarvietnam.vn\/index.php?rest_route=%2Fwp%2Fv2%2Fproduct_tag&post=16746"}],"curies":[{"name":"wp","href":"https:\/\/api.w.org\/{rel}","templated":true}]}}