{"id":16748,"date":"2024-04-12T04:06:15","date_gmt":"2024-04-12T04:06:15","guid":{"rendered":"https:\/\/greensolarvietnam.vn\/?post_type=product&#038;p=16748"},"modified":"2024-04-12T04:06:15","modified_gmt":"2024-04-12T04:06:15","slug":"cam-bien-ap-suat-titec-germany-dt1-u-01","status":"publish","type":"product","link":"https:\/\/greensolarvietnam.vn\/?product=cam-bien-ap-suat-titec-germany-dt1-u-01","title":{"rendered":"C\u1ea2M BI\u1ebeN \u00c1P SU\u1ea4T TITEC- GERMANY DT1-U\/01"},"content":{"rendered":"<h2 id=\"tongquan\" class=\"heading_h2\">TH\u00d4NG S\u1ed0 K\u1ef8 THU\u1eacT<\/h2>\n<div class=\"content aaa\">\n<p>Model: DT1-U\/01<\/p>\n<p>D\u1ea3i \u0111o: B\u1ed9 c\u1ea3m bi\u1ebfn \u00e1p l\u1ef1c \u0111\u01b0\u1eddng \u1ed1ng n\u01b0\u1edbc 0\u2026 1.6 bar<\/p>\n<p>Ng\u00f5 ra: 0-10V<\/p>\n<p>Nhi\u1ec7t \u0111\u1ed9 l\u00e0m vi\u1ec7c: 0\u2026+ 85 \u0111\u1ed9 C<\/p>\n<p>Sai s\u1ed1 ti\u00eau chu\u1ea9n: 0,5%<\/p>\n<p>Th\u1eddi gian \u0111\u00e1p \u1ee9ng: 2 ms<\/p>\n<\/div>\n","protected":false},"excerpt":{"rendered":"<p>C\u1ea3m bi\u1ebfn \u00e1p su\u1ea5t TITEC s\u1ea3n ph\u1ea9m c\u1ea3m bi\u1ebfn ch\u1ea5t l\u01b0\u1ee3ng t\u1ed1t \u0111\u1ebfn t\u1eeb \u0110\u1ee9c. C\u00e1c m\u1ee9c thang \u0111o \u0111a d\u1ea1ng ph\u00f9 h\u1ee3p cho c\u00e1c d\u1ea1ng l\u01b0u ch\u1ea5t nh\u01b0 n\u01b0\u1edbc, kh\u00ed, h\u01a1i, th\u1ee7y l\u1ef1c.<\/p>\n<p>C\u1ea3m bi\u1ebfn \u00e1p su\u1ea5t TITEC l\u00e0 d\u00f2ng c\u1ea3m bi\u1ebfn chuy\u00ean d\u00f9ng cho c\u00e1c \u1ee9ng d\u1ee5ng \u0111o \u00e1p su\u1ea5t trong nh\u00e0 m\u00e1y, HVAC, BMS.<\/p>\n","protected":false},"featured_media":16749,"comment_status":"closed","ping_status":"closed","template":"","meta":{"site-sidebar-layout":"default","site-content-layout":"default","ast-global-header-display":"","ast-main-header-display":"","ast-hfb-above-header-display":"","ast-hfb-below-header-display":"","ast-hfb-mobile-header-display":"","site-post-title":"","ast-breadcrumbs-content":"","ast-featured-img":"","footer-sml-layout":"","theme-transparent-header-meta":"default","adv-header-id-meta":"","stick-header-meta":"","header-above-stick-meta":"","header-main-stick-meta":"","header-below-stick-meta":""},"product_cat":[198],"product_tag":[],"class_list":{"0":"post-16748","1":"product","2":"type-product","3":"status-publish","4":"has-post-thumbnail","6":"product_cat-vat-tu-thiet-bi-cho-nha-may-thuy-dien","8":"first","9":"instock","10":"shipping-taxable","11":"product-type-simple"},"yoast_head":"<!-- This site is optimized with the Yoast SEO Premium plugin v23.9 (Yoast SEO v24.4) - https:\/\/yoast.com\/wordpress\/plugins\/seo\/ -->\n<title>C\u1ea2M BI\u1ebeN \u00c1P SU\u1ea4T TITEC- GERMANY DT1-U\/01 - C\u00f4ng ty TNHH \u0111\u1ea7u t\u01b0 v\u00e0 c\u00f4ng ngh\u1ec7 Green Solar Vi\u1ec7t Nam<\/title>\n<meta name=\"robots\" content=\"index, follow, max-snippet:-1, max-image-preview:large, max-video-preview:-1\" \/>\n<link rel=\"canonical\" href=\"https:\/\/greensolarvietnam.vn\/?product=cam-bien-ap-suat-titec-germany-dt1-u-01\" \/>\n<meta property=\"og:locale\" content=\"vi_VN\" \/>\n<meta property=\"og:type\" content=\"article\" \/>\n<meta property=\"og:title\" content=\"C\u1ea2M BI\u1ebeN \u00c1P SU\u1ea4T TITEC- GERMANY DT1-U\/01\" \/>\n<meta property=\"og:description\" content=\"C\u1ea3m bi\u1ebfn \u00e1p su\u1ea5t TITEC s\u1ea3n ph\u1ea9m c\u1ea3m bi\u1ebfn ch\u1ea5t l\u01b0\u1ee3ng t\u1ed1t \u0111\u1ebfn t\u1eeb \u0110\u1ee9c. C\u00e1c m\u1ee9c thang \u0111o \u0111a d\u1ea1ng ph\u00f9 h\u1ee3p cho c\u00e1c d\u1ea1ng l\u01b0u ch\u1ea5t nh\u01b0 n\u01b0\u1edbc, kh\u00ed, h\u01a1i, th\u1ee7y l\u1ef1c.  C\u1ea3m bi\u1ebfn \u00e1p su\u1ea5t TITEC l\u00e0 d\u00f2ng c\u1ea3m bi\u1ebfn chuy\u00ean d\u00f9ng cho c\u00e1c \u1ee9ng d\u1ee5ng \u0111o \u00e1p su\u1ea5t trong nh\u00e0 m\u00e1y, HVAC, BMS.\" \/>\n<meta property=\"og:url\" content=\"https:\/\/greensolarvietnam.vn\/?product=cam-bien-ap-suat-titec-germany-dt1-u-01\" \/>\n<meta property=\"og:site_name\" content=\"C\u00f4ng ty TNHH \u0111\u1ea7u t\u01b0 v\u00e0 c\u00f4ng ngh\u1ec7 Green Solar Vi\u1ec7t Nam\" \/>\n<meta property=\"og:image\" content=\"https:\/\/greensolarvietnam.vn\/wp-content\/uploads\/2024\/04\/Cam_bien_ap_suat_TITEC-_Germany_DT1-U_01-removebg-preview.png\" \/>\n\t<meta property=\"og:image:width\" content=\"350\" \/>\n\t<meta property=\"og:image:height\" content=\"400\" \/>\n\t<meta property=\"og:image:type\" content=\"image\/png\" \/>\n<meta name=\"twitter:card\" content=\"summary_large_image\" \/>\n<script type=\"application\/ld+json\" class=\"yoast-schema-graph\">{\"@context\":\"https:\/\/schema.org\",\"@graph\":[{\"@type\":\"WebPage\",\"@id\":\"https:\/\/greensolarvietnam.vn\/?product=cam-bien-ap-suat-titec-germany-dt1-u-01\",\"url\":\"https:\/\/greensolarvietnam.vn\/?product=cam-bien-ap-suat-titec-germany-dt1-u-01\",\"name\":\"C\u1ea2M BI\u1ebeN \u00c1P SU\u1ea4T TITEC- GERMANY DT1-U\/01 - C\u00f4ng ty TNHH \u0111\u1ea7u t\u01b0 v\u00e0 c\u00f4ng ngh\u1ec7 Green Solar Vi\u1ec7t Nam\",\"isPartOf\":{\"@id\":\"https:\/\/greensolarvietnam.vn\/#website\"},\"primaryImageOfPage\":{\"@id\":\"https:\/\/greensolarvietnam.vn\/?product=cam-bien-ap-suat-titec-germany-dt1-u-01#primaryimage\"},\"image\":{\"@id\":\"https:\/\/greensolarvietnam.vn\/?product=cam-bien-ap-suat-titec-germany-dt1-u-01#primaryimage\"},\"thumbnailUrl\":\"https:\/\/greensolarvietnam.vn\/wp-content\/uploads\/2024\/04\/Cam_bien_ap_suat_TITEC-_Germany_DT1-U_01-removebg-preview.png\",\"datePublished\":\"2024-04-12T04:06:15+00:00\",\"breadcrumb\":{\"@id\":\"https:\/\/greensolarvietnam.vn\/?product=cam-bien-ap-suat-titec-germany-dt1-u-01#breadcrumb\"},\"inLanguage\":\"vi\",\"potentialAction\":[{\"@type\":\"ReadAction\",\"target\":[\"https:\/\/greensolarvietnam.vn\/?product=cam-bien-ap-suat-titec-germany-dt1-u-01\"]}]},{\"@type\":\"ImageObject\",\"inLanguage\":\"vi\",\"@id\":\"https:\/\/greensolarvietnam.vn\/?product=cam-bien-ap-suat-titec-germany-dt1-u-01#primaryimage\",\"url\":\"https:\/\/greensolarvietnam.vn\/wp-content\/uploads\/2024\/04\/Cam_bien_ap_suat_TITEC-_Germany_DT1-U_01-removebg-preview.png\",\"contentUrl\":\"https:\/\/greensolarvietnam.vn\/wp-content\/uploads\/2024\/04\/Cam_bien_ap_suat_TITEC-_Germany_DT1-U_01-removebg-preview.png\",\"width\":350,\"height\":400},{\"@type\":\"BreadcrumbList\",\"@id\":\"https:\/\/greensolarvietnam.vn\/?product=cam-bien-ap-suat-titec-germany-dt1-u-01#breadcrumb\",\"itemListElement\":[{\"@type\":\"ListItem\",\"position\":1,\"name\":\"Trang ch\u1ee7\",\"item\":\"https:\/\/greensolarvietnam.vn\/\"},{\"@type\":\"ListItem\",\"position\":2,\"name\":\"S\u1ea3n ph\u1ea9m\",\"item\":\"https:\/\/greensolarvietnam.vn\/?post_type=product\"},{\"@type\":\"ListItem\",\"position\":3,\"name\":\"C\u1ea2M BI\u1ebeN \u00c1P SU\u1ea4T TITEC- GERMANY DT1-U\/01\"}]},{\"@type\":\"WebSite\",\"@id\":\"https:\/\/greensolarvietnam.vn\/#website\",\"url\":\"https:\/\/greensolarvietnam.vn\/\",\"name\":\"C\u00f4ng ty TNHH \u0111\u1ea7u t\u01b0 v\u00e0 c\u00f4ng ngh\u1ec7 Green Solar Vi\u1ec7t Nam\",\"description\":\"C\u00f4ng ty TNHH \u0111\u1ea7u t\u01b0 v\u00e0 c\u00f4ng ngh\u1ec7 Green Solar Vi\u1ec7t Nam\",\"publisher\":{\"@id\":\"https:\/\/greensolarvietnam.vn\/#organization\"},\"potentialAction\":[{\"@type\":\"SearchAction\",\"target\":{\"@type\":\"EntryPoint\",\"urlTemplate\":\"https:\/\/greensolarvietnam.vn\/?s={search_term_string}\"},\"query-input\":{\"@type\":\"PropertyValueSpecification\",\"valueRequired\":true,\"valueName\":\"search_term_string\"}}],\"inLanguage\":\"vi\"},{\"@type\":\"Organization\",\"@id\":\"https:\/\/greensolarvietnam.vn\/#organization\",\"name\":\"C\u00f4ng ty TNHH \u0111\u1ea7u t\u01b0 v\u00e0 c\u00f4ng ngh\u1ec7 Green Solar Vi\u1ec7t Nam\",\"url\":\"https:\/\/greensolarvietnam.vn\/\",\"logo\":{\"@type\":\"ImageObject\",\"inLanguage\":\"vi\",\"@id\":\"https:\/\/greensolarvietnam.vn\/#\/schema\/logo\/image\/\",\"url\":\"https:\/\/greensolarvietnam.vn\/wp-content\/uploads\/2025\/08\/cropped-cropped-cropped-Logo-163x68-1.png\",\"contentUrl\":\"https:\/\/greensolarvietnam.vn\/wp-content\/uploads\/2025\/08\/cropped-cropped-cropped-Logo-163x68-1.png\",\"width\":163,\"height\":55,\"caption\":\"C\u00f4ng ty TNHH \u0111\u1ea7u t\u01b0 v\u00e0 c\u00f4ng ngh\u1ec7 Green Solar Vi\u1ec7t Nam\"},\"image\":{\"@id\":\"https:\/\/greensolarvietnam.vn\/#\/schema\/logo\/image\/\"}}]}<\/script>\n<!-- \/ Yoast SEO Premium plugin. -->","yoast_head_json":{"title":"C\u1ea2M BI\u1ebeN \u00c1P SU\u1ea4T TITEC- GERMANY DT1-U\/01 - C\u00f4ng ty TNHH \u0111\u1ea7u t\u01b0 v\u00e0 c\u00f4ng ngh\u1ec7 Green Solar Vi\u1ec7t Nam","robots":{"index":"index","follow":"follow","max-snippet":"max-snippet:-1","max-image-preview":"max-image-preview:large","max-video-preview":"max-video-preview:-1"},"canonical":"https:\/\/greensolarvietnam.vn\/?product=cam-bien-ap-suat-titec-germany-dt1-u-01","og_locale":"vi_VN","og_type":"article","og_title":"C\u1ea2M BI\u1ebeN \u00c1P SU\u1ea4T TITEC- GERMANY DT1-U\/01","og_description":"C\u1ea3m bi\u1ebfn \u00e1p su\u1ea5t TITEC s\u1ea3n ph\u1ea9m c\u1ea3m bi\u1ebfn ch\u1ea5t l\u01b0\u1ee3ng t\u1ed1t \u0111\u1ebfn t\u1eeb \u0110\u1ee9c. C\u00e1c m\u1ee9c thang \u0111o \u0111a d\u1ea1ng ph\u00f9 h\u1ee3p cho c\u00e1c d\u1ea1ng l\u01b0u ch\u1ea5t nh\u01b0 n\u01b0\u1edbc, kh\u00ed, h\u01a1i, th\u1ee7y l\u1ef1c.  C\u1ea3m bi\u1ebfn \u00e1p su\u1ea5t TITEC l\u00e0 d\u00f2ng c\u1ea3m bi\u1ebfn chuy\u00ean d\u00f9ng cho c\u00e1c \u1ee9ng d\u1ee5ng \u0111o \u00e1p su\u1ea5t trong nh\u00e0 m\u00e1y, HVAC, BMS.","og_url":"https:\/\/greensolarvietnam.vn\/?product=cam-bien-ap-suat-titec-germany-dt1-u-01","og_site_name":"C\u00f4ng ty TNHH \u0111\u1ea7u t\u01b0 v\u00e0 c\u00f4ng ngh\u1ec7 Green Solar Vi\u1ec7t Nam","og_image":[{"width":350,"height":400,"url":"https:\/\/greensolarvietnam.vn\/wp-content\/uploads\/2024\/04\/Cam_bien_ap_suat_TITEC-_Germany_DT1-U_01-removebg-preview.png","type":"image\/png"}],"twitter_card":"summary_large_image","schema":{"@context":"https:\/\/schema.org","@graph":[{"@type":"WebPage","@id":"https:\/\/greensolarvietnam.vn\/?product=cam-bien-ap-suat-titec-germany-dt1-u-01","url":"https:\/\/greensolarvietnam.vn\/?product=cam-bien-ap-suat-titec-germany-dt1-u-01","name":"C\u1ea2M BI\u1ebeN \u00c1P SU\u1ea4T TITEC- GERMANY DT1-U\/01 - C\u00f4ng ty TNHH \u0111\u1ea7u t\u01b0 v\u00e0 c\u00f4ng ngh\u1ec7 Green Solar Vi\u1ec7t Nam","isPartOf":{"@id":"https:\/\/greensolarvietnam.vn\/#website"},"primaryImageOfPage":{"@id":"https:\/\/greensolarvietnam.vn\/?product=cam-bien-ap-suat-titec-germany-dt1-u-01#primaryimage"},"image":{"@id":"https:\/\/greensolarvietnam.vn\/?product=cam-bien-ap-suat-titec-germany-dt1-u-01#primaryimage"},"thumbnailUrl":"https:\/\/greensolarvietnam.vn\/wp-content\/uploads\/2024\/04\/Cam_bien_ap_suat_TITEC-_Germany_DT1-U_01-removebg-preview.png","datePublished":"2024-04-12T04:06:15+00:00","breadcrumb":{"@id":"https:\/\/greensolarvietnam.vn\/?product=cam-bien-ap-suat-titec-germany-dt1-u-01#breadcrumb"},"inLanguage":"vi","potentialAction":[{"@type":"ReadAction","target":["https:\/\/greensolarvietnam.vn\/?product=cam-bien-ap-suat-titec-germany-dt1-u-01"]}]},{"@type":"ImageObject","inLanguage":"vi","@id":"https:\/\/greensolarvietnam.vn\/?product=cam-bien-ap-suat-titec-germany-dt1-u-01#primaryimage","url":"https:\/\/greensolarvietnam.vn\/wp-content\/uploads\/2024\/04\/Cam_bien_ap_suat_TITEC-_Germany_DT1-U_01-removebg-preview.png","contentUrl":"https:\/\/greensolarvietnam.vn\/wp-content\/uploads\/2024\/04\/Cam_bien_ap_suat_TITEC-_Germany_DT1-U_01-removebg-preview.png","width":350,"height":400},{"@type":"BreadcrumbList","@id":"https:\/\/greensolarvietnam.vn\/?product=cam-bien-ap-suat-titec-germany-dt1-u-01#breadcrumb","itemListElement":[{"@type":"ListItem","position":1,"name":"Trang ch\u1ee7","item":"https:\/\/greensolarvietnam.vn\/"},{"@type":"ListItem","position":2,"name":"S\u1ea3n ph\u1ea9m","item":"https:\/\/greensolarvietnam.vn\/?post_type=product"},{"@type":"ListItem","position":3,"name":"C\u1ea2M BI\u1ebeN \u00c1P SU\u1ea4T TITEC- GERMANY DT1-U\/01"}]},{"@type":"WebSite","@id":"https:\/\/greensolarvietnam.vn\/#website","url":"https:\/\/greensolarvietnam.vn\/","name":"C\u00f4ng ty TNHH \u0111\u1ea7u t\u01b0 v\u00e0 c\u00f4ng ngh\u1ec7 Green Solar Vi\u1ec7t Nam","description":"C\u00f4ng ty TNHH \u0111\u1ea7u t\u01b0 v\u00e0 c\u00f4ng ngh\u1ec7 Green Solar Vi\u1ec7t Nam","publisher":{"@id":"https:\/\/greensolarvietnam.vn\/#organization"},"potentialAction":[{"@type":"SearchAction","target":{"@type":"EntryPoint","urlTemplate":"https:\/\/greensolarvietnam.vn\/?s={search_term_string}"},"query-input":{"@type":"PropertyValueSpecification","valueRequired":true,"valueName":"search_term_string"}}],"inLanguage":"vi"},{"@type":"Organization","@id":"https:\/\/greensolarvietnam.vn\/#organization","name":"C\u00f4ng ty TNHH \u0111\u1ea7u t\u01b0 v\u00e0 c\u00f4ng ngh\u1ec7 Green Solar Vi\u1ec7t Nam","url":"https:\/\/greensolarvietnam.vn\/","logo":{"@type":"ImageObject","inLanguage":"vi","@id":"https:\/\/greensolarvietnam.vn\/#\/schema\/logo\/image\/","url":"https:\/\/greensolarvietnam.vn\/wp-content\/uploads\/2025\/08\/cropped-cropped-cropped-Logo-163x68-1.png","contentUrl":"https:\/\/greensolarvietnam.vn\/wp-content\/uploads\/2025\/08\/cropped-cropped-cropped-Logo-163x68-1.png","width":163,"height":55,"caption":"C\u00f4ng ty TNHH \u0111\u1ea7u t\u01b0 v\u00e0 c\u00f4ng ngh\u1ec7 Green Solar Vi\u1ec7t Nam"},"image":{"@id":"https:\/\/greensolarvietnam.vn\/#\/schema\/logo\/image\/"}}]}},"_links":{"self":[{"href":"https:\/\/greensolarvietnam.vn\/index.php?rest_route=\/wp\/v2\/product\/16748","targetHints":{"allow":["GET"]}}],"collection":[{"href":"https:\/\/greensolarvietnam.vn\/index.php?rest_route=\/wp\/v2\/product"}],"about":[{"href":"https:\/\/greensolarvietnam.vn\/index.php?rest_route=\/wp\/v2\/types\/product"}],"replies":[{"embeddable":true,"href":"https:\/\/greensolarvietnam.vn\/index.php?rest_route=%2Fwp%2Fv2%2Fcomments&post=16748"}],"wp:featuredmedia":[{"embeddable":true,"href":"https:\/\/greensolarvietnam.vn\/index.php?rest_route=\/wp\/v2\/media\/16749"}],"wp:attachment":[{"href":"https:\/\/greensolarvietnam.vn\/index.php?rest_route=%2Fwp%2Fv2%2Fmedia&parent=16748"}],"wp:term":[{"taxonomy":"product_cat","embeddable":true,"href":"https:\/\/greensolarvietnam.vn\/index.php?rest_route=%2Fwp%2Fv2%2Fproduct_cat&post=16748"},{"taxonomy":"product_tag","embeddable":true,"href":"https:\/\/greensolarvietnam.vn\/index.php?rest_route=%2Fwp%2Fv2%2Fproduct_tag&post=16748"}],"curies":[{"name":"wp","href":"https:\/\/api.w.org\/{rel}","templated":true}]}}