{"id":16752,"date":"2024-04-12T04:08:31","date_gmt":"2024-04-12T04:08:31","guid":{"rendered":"https:\/\/greensolarvietnam.vn\/?post_type=product&#038;p=16752"},"modified":"2024-04-12T04:08:31","modified_gmt":"2024-04-12T04:08:31","slug":"relay-nhiet-lr2k0301-0-11-0-16a","status":"publish","type":"product","link":"https:\/\/greensolarvietnam.vn\/?product=relay-nhiet-lr2k0301-0-11-0-16a","title":{"rendered":"RELAY NHI\u1ec6T LR2K0301 0.11 \u2013 0.16A"},"content":{"rendered":"<h2 id=\"tongquan\" class=\"heading_h2\">TH\u00d4NG S\u1ed0 K\u1ef8 THU\u1eacT<\/h2>\n<div class=\"content aaa\">\n<p>M\u00e3 s\u1ea3n ph\u1ea9m :\u00a0R\u01a1 Le Nhi\u1ec7t LR2K0301 0.11 \u2013 0.16A<\/p>\n<p>Th\u00f4ng s\u1ed1 k\u1ef9 thu\u1eadt:\u00a0\u00a00.11 \u2013 0.16A\u00a0.<\/p>\n<\/div>\n","protected":false},"excerpt":{"rendered":"<p><strong>Relay nhi\u1ec7t 0.11 \u2013 0.16A LR2K0301 Schneider<\/strong>\u00a0c\u00f3 0.11-0.16A \u0111\u01b0\u1ee3c thi\u1ebft k\u1ebf ph\u00f9 h\u1ee3p v\u1edbi c\u00f4ng tr\u00ecnh s\u1eed d\u1ee5ng, gi\u00fap \u0111\u00f3ng c\u1eaft t\u1ef1 \u0111\u1ed9ng c\u00e1c thi\u1ebft b\u1ecb, b\u1ea3o v\u1ec7 an to\u00e0n cho ng\u01b0\u1eddi s\u1eed d\u1ee5ng<\/p>\n","protected":false},"featured_media":16753,"comment_status":"closed","ping_status":"closed","template":"","meta":{"site-sidebar-layout":"default","site-content-layout":"default","ast-global-header-display":"","ast-main-header-display":"","ast-hfb-above-header-display":"","ast-hfb-below-header-display":"","ast-hfb-mobile-header-display":"","site-post-title":"","ast-breadcrumbs-content":"","ast-featured-img":"","footer-sml-layout":"","theme-transparent-header-meta":"default","adv-header-id-meta":"","stick-header-meta":"","header-above-stick-meta":"","header-main-stick-meta":"","header-below-stick-meta":""},"product_cat":[198],"product_tag":[],"class_list":{"0":"post-16752","1":"product","2":"type-product","3":"status-publish","4":"has-post-thumbnail","6":"product_cat-vat-tu-thiet-bi-cho-nha-may-thuy-dien","8":"first","9":"instock","10":"shipping-taxable","11":"product-type-simple"},"yoast_head":"<!-- This site is optimized with the Yoast SEO Premium plugin v23.9 (Yoast SEO v24.4) - https:\/\/yoast.com\/wordpress\/plugins\/seo\/ -->\n<title>RELAY NHI\u1ec6T LR2K0301 0.11 \u2013 0.16A - C\u00f4ng ty TNHH \u0111\u1ea7u t\u01b0 v\u00e0 c\u00f4ng ngh\u1ec7 Green Solar Vi\u1ec7t Nam<\/title>\n<meta name=\"robots\" content=\"index, follow, max-snippet:-1, max-image-preview:large, max-video-preview:-1\" \/>\n<link rel=\"canonical\" href=\"https:\/\/greensolarvietnam.vn\/?product=relay-nhiet-lr2k0301-0-11-0-16a\" \/>\n<meta property=\"og:locale\" content=\"vi_VN\" \/>\n<meta property=\"og:type\" content=\"article\" \/>\n<meta property=\"og:title\" content=\"RELAY NHI\u1ec6T LR2K0301 0.11 \u2013 0.16A\" \/>\n<meta property=\"og:description\" content=\"Relay nhi\u1ec7t 0.11 \u2013 0.16A LR2K0301 Schneider\u00a0c\u00f3 0.11-0.16A \u0111\u01b0\u1ee3c thi\u1ebft k\u1ebf ph\u00f9 h\u1ee3p v\u1edbi c\u00f4ng tr\u00ecnh s\u1eed d\u1ee5ng, gi\u00fap \u0111\u00f3ng c\u1eaft t\u1ef1 \u0111\u1ed9ng c\u00e1c thi\u1ebft b\u1ecb, b\u1ea3o v\u1ec7 an to\u00e0n cho ng\u01b0\u1eddi s\u1eed d\u1ee5ng\" \/>\n<meta property=\"og:url\" content=\"https:\/\/greensolarvietnam.vn\/?product=relay-nhiet-lr2k0301-0-11-0-16a\" \/>\n<meta property=\"og:site_name\" content=\"C\u00f4ng ty TNHH \u0111\u1ea7u t\u01b0 v\u00e0 c\u00f4ng ngh\u1ec7 Green Solar Vi\u1ec7t Nam\" \/>\n<meta property=\"og:image\" content=\"https:\/\/greensolarvietnam.vn\/wp-content\/uploads\/2024\/04\/New-Project.png\" \/>\n\t<meta property=\"og:image:width\" content=\"350\" \/>\n\t<meta property=\"og:image:height\" content=\"400\" \/>\n\t<meta property=\"og:image:type\" content=\"image\/png\" \/>\n<meta name=\"twitter:card\" content=\"summary_large_image\" \/>\n<script type=\"application\/ld+json\" class=\"yoast-schema-graph\">{\"@context\":\"https:\/\/schema.org\",\"@graph\":[{\"@type\":\"WebPage\",\"@id\":\"https:\/\/greensolarvietnam.vn\/?product=relay-nhiet-lr2k0301-0-11-0-16a\",\"url\":\"https:\/\/greensolarvietnam.vn\/?product=relay-nhiet-lr2k0301-0-11-0-16a\",\"name\":\"RELAY NHI\u1ec6T LR2K0301 0.11 \u2013 0.16A - C\u00f4ng ty TNHH \u0111\u1ea7u t\u01b0 v\u00e0 c\u00f4ng ngh\u1ec7 Green Solar Vi\u1ec7t Nam\",\"isPartOf\":{\"@id\":\"https:\/\/greensolarvietnam.vn\/#website\"},\"primaryImageOfPage\":{\"@id\":\"https:\/\/greensolarvietnam.vn\/?product=relay-nhiet-lr2k0301-0-11-0-16a#primaryimage\"},\"image\":{\"@id\":\"https:\/\/greensolarvietnam.vn\/?product=relay-nhiet-lr2k0301-0-11-0-16a#primaryimage\"},\"thumbnailUrl\":\"https:\/\/greensolarvietnam.vn\/wp-content\/uploads\/2024\/04\/New-Project.png\",\"datePublished\":\"2024-04-12T04:08:31+00:00\",\"breadcrumb\":{\"@id\":\"https:\/\/greensolarvietnam.vn\/?product=relay-nhiet-lr2k0301-0-11-0-16a#breadcrumb\"},\"inLanguage\":\"vi\",\"potentialAction\":[{\"@type\":\"ReadAction\",\"target\":[\"https:\/\/greensolarvietnam.vn\/?product=relay-nhiet-lr2k0301-0-11-0-16a\"]}]},{\"@type\":\"ImageObject\",\"inLanguage\":\"vi\",\"@id\":\"https:\/\/greensolarvietnam.vn\/?product=relay-nhiet-lr2k0301-0-11-0-16a#primaryimage\",\"url\":\"https:\/\/greensolarvietnam.vn\/wp-content\/uploads\/2024\/04\/New-Project.png\",\"contentUrl\":\"https:\/\/greensolarvietnam.vn\/wp-content\/uploads\/2024\/04\/New-Project.png\",\"width\":350,\"height\":400},{\"@type\":\"BreadcrumbList\",\"@id\":\"https:\/\/greensolarvietnam.vn\/?product=relay-nhiet-lr2k0301-0-11-0-16a#breadcrumb\",\"itemListElement\":[{\"@type\":\"ListItem\",\"position\":1,\"name\":\"Trang ch\u1ee7\",\"item\":\"https:\/\/greensolarvietnam.vn\/\"},{\"@type\":\"ListItem\",\"position\":2,\"name\":\"S\u1ea3n ph\u1ea9m\",\"item\":\"https:\/\/greensolarvietnam.vn\/?post_type=product\"},{\"@type\":\"ListItem\",\"position\":3,\"name\":\"RELAY NHI\u1ec6T LR2K0301 0.11 \u2013 0.16A\"}]},{\"@type\":\"WebSite\",\"@id\":\"https:\/\/greensolarvietnam.vn\/#website\",\"url\":\"https:\/\/greensolarvietnam.vn\/\",\"name\":\"C\u00f4ng ty TNHH \u0111\u1ea7u t\u01b0 v\u00e0 c\u00f4ng ngh\u1ec7 Green Solar Vi\u1ec7t Nam\",\"description\":\"C\u00f4ng ty TNHH \u0111\u1ea7u t\u01b0 v\u00e0 c\u00f4ng ngh\u1ec7 Green Solar Vi\u1ec7t Nam\",\"publisher\":{\"@id\":\"https:\/\/greensolarvietnam.vn\/#organization\"},\"potentialAction\":[{\"@type\":\"SearchAction\",\"target\":{\"@type\":\"EntryPoint\",\"urlTemplate\":\"https:\/\/greensolarvietnam.vn\/?s={search_term_string}\"},\"query-input\":{\"@type\":\"PropertyValueSpecification\",\"valueRequired\":true,\"valueName\":\"search_term_string\"}}],\"inLanguage\":\"vi\"},{\"@type\":\"Organization\",\"@id\":\"https:\/\/greensolarvietnam.vn\/#organization\",\"name\":\"C\u00f4ng ty TNHH \u0111\u1ea7u t\u01b0 v\u00e0 c\u00f4ng ngh\u1ec7 Green Solar Vi\u1ec7t Nam\",\"url\":\"https:\/\/greensolarvietnam.vn\/\",\"logo\":{\"@type\":\"ImageObject\",\"inLanguage\":\"vi\",\"@id\":\"https:\/\/greensolarvietnam.vn\/#\/schema\/logo\/image\/\",\"url\":\"https:\/\/greensolarvietnam.vn\/wp-content\/uploads\/2025\/08\/cropped-cropped-cropped-Logo-163x68-1.png\",\"contentUrl\":\"https:\/\/greensolarvietnam.vn\/wp-content\/uploads\/2025\/08\/cropped-cropped-cropped-Logo-163x68-1.png\",\"width\":163,\"height\":55,\"caption\":\"C\u00f4ng ty TNHH \u0111\u1ea7u t\u01b0 v\u00e0 c\u00f4ng ngh\u1ec7 Green Solar Vi\u1ec7t Nam\"},\"image\":{\"@id\":\"https:\/\/greensolarvietnam.vn\/#\/schema\/logo\/image\/\"}}]}<\/script>\n<!-- \/ Yoast SEO Premium plugin. -->","yoast_head_json":{"title":"RELAY NHI\u1ec6T LR2K0301 0.11 \u2013 0.16A - C\u00f4ng ty TNHH \u0111\u1ea7u t\u01b0 v\u00e0 c\u00f4ng ngh\u1ec7 Green Solar Vi\u1ec7t Nam","robots":{"index":"index","follow":"follow","max-snippet":"max-snippet:-1","max-image-preview":"max-image-preview:large","max-video-preview":"max-video-preview:-1"},"canonical":"https:\/\/greensolarvietnam.vn\/?product=relay-nhiet-lr2k0301-0-11-0-16a","og_locale":"vi_VN","og_type":"article","og_title":"RELAY NHI\u1ec6T LR2K0301 0.11 \u2013 0.16A","og_description":"Relay nhi\u1ec7t 0.11 \u2013 0.16A LR2K0301 Schneider\u00a0c\u00f3 0.11-0.16A \u0111\u01b0\u1ee3c thi\u1ebft k\u1ebf ph\u00f9 h\u1ee3p v\u1edbi c\u00f4ng tr\u00ecnh s\u1eed d\u1ee5ng, gi\u00fap \u0111\u00f3ng c\u1eaft t\u1ef1 \u0111\u1ed9ng c\u00e1c thi\u1ebft b\u1ecb, b\u1ea3o v\u1ec7 an to\u00e0n cho ng\u01b0\u1eddi s\u1eed d\u1ee5ng","og_url":"https:\/\/greensolarvietnam.vn\/?product=relay-nhiet-lr2k0301-0-11-0-16a","og_site_name":"C\u00f4ng ty TNHH \u0111\u1ea7u t\u01b0 v\u00e0 c\u00f4ng ngh\u1ec7 Green Solar Vi\u1ec7t Nam","og_image":[{"width":350,"height":400,"url":"https:\/\/greensolarvietnam.vn\/wp-content\/uploads\/2024\/04\/New-Project.png","type":"image\/png"}],"twitter_card":"summary_large_image","schema":{"@context":"https:\/\/schema.org","@graph":[{"@type":"WebPage","@id":"https:\/\/greensolarvietnam.vn\/?product=relay-nhiet-lr2k0301-0-11-0-16a","url":"https:\/\/greensolarvietnam.vn\/?product=relay-nhiet-lr2k0301-0-11-0-16a","name":"RELAY NHI\u1ec6T LR2K0301 0.11 \u2013 0.16A - C\u00f4ng ty TNHH \u0111\u1ea7u t\u01b0 v\u00e0 c\u00f4ng ngh\u1ec7 Green Solar Vi\u1ec7t Nam","isPartOf":{"@id":"https:\/\/greensolarvietnam.vn\/#website"},"primaryImageOfPage":{"@id":"https:\/\/greensolarvietnam.vn\/?product=relay-nhiet-lr2k0301-0-11-0-16a#primaryimage"},"image":{"@id":"https:\/\/greensolarvietnam.vn\/?product=relay-nhiet-lr2k0301-0-11-0-16a#primaryimage"},"thumbnailUrl":"https:\/\/greensolarvietnam.vn\/wp-content\/uploads\/2024\/04\/New-Project.png","datePublished":"2024-04-12T04:08:31+00:00","breadcrumb":{"@id":"https:\/\/greensolarvietnam.vn\/?product=relay-nhiet-lr2k0301-0-11-0-16a#breadcrumb"},"inLanguage":"vi","potentialAction":[{"@type":"ReadAction","target":["https:\/\/greensolarvietnam.vn\/?product=relay-nhiet-lr2k0301-0-11-0-16a"]}]},{"@type":"ImageObject","inLanguage":"vi","@id":"https:\/\/greensolarvietnam.vn\/?product=relay-nhiet-lr2k0301-0-11-0-16a#primaryimage","url":"https:\/\/greensolarvietnam.vn\/wp-content\/uploads\/2024\/04\/New-Project.png","contentUrl":"https:\/\/greensolarvietnam.vn\/wp-content\/uploads\/2024\/04\/New-Project.png","width":350,"height":400},{"@type":"BreadcrumbList","@id":"https:\/\/greensolarvietnam.vn\/?product=relay-nhiet-lr2k0301-0-11-0-16a#breadcrumb","itemListElement":[{"@type":"ListItem","position":1,"name":"Trang ch\u1ee7","item":"https:\/\/greensolarvietnam.vn\/"},{"@type":"ListItem","position":2,"name":"S\u1ea3n ph\u1ea9m","item":"https:\/\/greensolarvietnam.vn\/?post_type=product"},{"@type":"ListItem","position":3,"name":"RELAY NHI\u1ec6T LR2K0301 0.11 \u2013 0.16A"}]},{"@type":"WebSite","@id":"https:\/\/greensolarvietnam.vn\/#website","url":"https:\/\/greensolarvietnam.vn\/","name":"C\u00f4ng ty TNHH \u0111\u1ea7u t\u01b0 v\u00e0 c\u00f4ng ngh\u1ec7 Green Solar Vi\u1ec7t Nam","description":"C\u00f4ng ty TNHH \u0111\u1ea7u t\u01b0 v\u00e0 c\u00f4ng ngh\u1ec7 Green Solar Vi\u1ec7t Nam","publisher":{"@id":"https:\/\/greensolarvietnam.vn\/#organization"},"potentialAction":[{"@type":"SearchAction","target":{"@type":"EntryPoint","urlTemplate":"https:\/\/greensolarvietnam.vn\/?s={search_term_string}"},"query-input":{"@type":"PropertyValueSpecification","valueRequired":true,"valueName":"search_term_string"}}],"inLanguage":"vi"},{"@type":"Organization","@id":"https:\/\/greensolarvietnam.vn\/#organization","name":"C\u00f4ng ty TNHH \u0111\u1ea7u t\u01b0 v\u00e0 c\u00f4ng ngh\u1ec7 Green Solar Vi\u1ec7t Nam","url":"https:\/\/greensolarvietnam.vn\/","logo":{"@type":"ImageObject","inLanguage":"vi","@id":"https:\/\/greensolarvietnam.vn\/#\/schema\/logo\/image\/","url":"https:\/\/greensolarvietnam.vn\/wp-content\/uploads\/2025\/08\/cropped-cropped-cropped-Logo-163x68-1.png","contentUrl":"https:\/\/greensolarvietnam.vn\/wp-content\/uploads\/2025\/08\/cropped-cropped-cropped-Logo-163x68-1.png","width":163,"height":55,"caption":"C\u00f4ng ty TNHH \u0111\u1ea7u t\u01b0 v\u00e0 c\u00f4ng ngh\u1ec7 Green Solar Vi\u1ec7t Nam"},"image":{"@id":"https:\/\/greensolarvietnam.vn\/#\/schema\/logo\/image\/"}}]}},"_links":{"self":[{"href":"https:\/\/greensolarvietnam.vn\/index.php?rest_route=\/wp\/v2\/product\/16752","targetHints":{"allow":["GET"]}}],"collection":[{"href":"https:\/\/greensolarvietnam.vn\/index.php?rest_route=\/wp\/v2\/product"}],"about":[{"href":"https:\/\/greensolarvietnam.vn\/index.php?rest_route=\/wp\/v2\/types\/product"}],"replies":[{"embeddable":true,"href":"https:\/\/greensolarvietnam.vn\/index.php?rest_route=%2Fwp%2Fv2%2Fcomments&post=16752"}],"wp:featuredmedia":[{"embeddable":true,"href":"https:\/\/greensolarvietnam.vn\/index.php?rest_route=\/wp\/v2\/media\/16753"}],"wp:attachment":[{"href":"https:\/\/greensolarvietnam.vn\/index.php?rest_route=%2Fwp%2Fv2%2Fmedia&parent=16752"}],"wp:term":[{"taxonomy":"product_cat","embeddable":true,"href":"https:\/\/greensolarvietnam.vn\/index.php?rest_route=%2Fwp%2Fv2%2Fproduct_cat&post=16752"},{"taxonomy":"product_tag","embeddable":true,"href":"https:\/\/greensolarvietnam.vn\/index.php?rest_route=%2Fwp%2Fv2%2Fproduct_tag&post=16752"}],"curies":[{"name":"wp","href":"https:\/\/api.w.org\/{rel}","templated":true}]}}