{"id":16754,"date":"2024-04-12T04:09:26","date_gmt":"2024-04-12T04:09:26","guid":{"rendered":"https:\/\/greensolarvietnam.vn\/?post_type=product&#038;p=16754"},"modified":"2024-04-12T04:09:26","modified_gmt":"2024-04-12T04:09:26","slug":"bien-tan-abb-acs550-01-157a-4","status":"publish","type":"product","link":"https:\/\/greensolarvietnam.vn\/?product=bien-tan-abb-acs550-01-157a-4","title":{"rendered":"BI\u1ebeN T\u1ea6N ABB ACS550-01-157A-4"},"content":{"rendered":"<h2 id=\"tongquan\" class=\"heading_h2\">TH\u00d4NG S\u1ed0 K\u1ef8 THU\u1eacT<\/h2>\n<div class=\"content aaa\">\n<p>C\u00f4ng su\u1ea5t: 75Kw<br \/>\nM\u00e3 s\u1ea3n ph\u1ea9m : ACS550-01-157A-4<br \/>\n\u0110i\u1ec7n \u00e1p \u0111\u1ea7u v\u00e0o : 3 pha 380 ~ 480V 50\/60 Hz<br \/>\nT\u1ea7n s\u1ed1 ng\u00f5 ra : 0 ~ 500 Hz<br \/>\nC\u00f4ng su\u1ea5t ng\u00f5 ra : 75KW<br \/>\nNg\u00f5 v\u00e0o Analog : ( 4 \u2013 20mA, 0- 10V)<br \/>\nC\u00f3 \u0111\u1ea7u v\u00e0o s\u1ed1<br \/>\nQu\u00e1 t\u1ea3i 1.5 l\u1ea7n trong 1 ph\u00fat<br \/>\n\u0110i\u1ec1u khi\u1ec3n PID, \u0111i\u1ec1u khi\u1ec3n moment\u2026<br \/>\nC\u00f3 b\u1ed9 l\u1ecdc EMC<br \/>\nTruy\u1ec1n th\u00f4ng : RS485<\/p>\n<p><span style=\"font-size: 16px;\">S\u1eed d\u1ee5ng cho c\u00e1c lo\u1ea1i t\u1ea3i m\u00f4 men kh\u00f4ng \u0111\u1ed5i ho\u1eb7c m\u00f4 men thay \u0111\u1ed5i nh\u01b0 b\u0103ng t\u1ea3i, b\u01a1m, qu\u1ea1t, \u2026<\/span><\/p>\n<\/div>\n","protected":false},"excerpt":{"rendered":"<p>TH\u00d4NG S\u1ed0 K\u1ef8 THU\u1eacT C\u00f4ng su\u1ea5t: 75Kw M\u00e3 s\u1ea3n ph\u1ea9m : ACS550-01-157A-4 \u0110i\u1ec7n \u00e1p \u0111\u1ea7u v\u00e0o : 3 pha 380 ~ 480V 50\/60 Hz T\u1ea7n s\u1ed1 ng\u00f5 ra : 0 ~ 500 Hz C\u00f4ng su\u1ea5t ng\u00f5 ra : 75KW Ng\u00f5 v\u00e0o Analog : ( 4 \u2013 20mA, 0- 10V) C\u00f3 \u0111\u1ea7u v\u00e0o s\u1ed1 Qu\u00e1 t\u1ea3i &hellip;<\/p>\n<p class=\"read-more\"> <a class=\"\" href=\"https:\/\/greensolarvietnam.vn\/?product=bien-tan-abb-acs550-01-157a-4\"> <span class=\"screen-reader-text\">BI\u1ebeN T\u1ea6N ABB ACS550-01-157A-4<\/span> Read More &raquo;<\/a><\/p>\n","protected":false},"featured_media":16755,"comment_status":"closed","ping_status":"closed","template":"","meta":{"site-sidebar-layout":"default","site-content-layout":"default","ast-global-header-display":"","ast-main-header-display":"","ast-hfb-above-header-display":"","ast-hfb-below-header-display":"","ast-hfb-mobile-header-display":"","site-post-title":"","ast-breadcrumbs-content":"","ast-featured-img":"","footer-sml-layout":"","theme-transparent-header-meta":"default","adv-header-id-meta":"","stick-header-meta":"","header-above-stick-meta":"","header-main-stick-meta":"","header-below-stick-meta":""},"product_cat":[198],"product_tag":[],"class_list":{"0":"post-16754","1":"product","2":"type-product","3":"status-publish","4":"has-post-thumbnail","6":"product_cat-vat-tu-thiet-bi-cho-nha-may-thuy-dien","8":"first","9":"instock","10":"shipping-taxable","11":"product-type-simple"},"yoast_head":"<!-- This site is optimized with the Yoast SEO Premium plugin v23.9 (Yoast SEO v24.4) - https:\/\/yoast.com\/wordpress\/plugins\/seo\/ -->\n<title>BI\u1ebeN T\u1ea6N ABB ACS550-01-157A-4 - C\u00f4ng ty TNHH \u0111\u1ea7u t\u01b0 v\u00e0 c\u00f4ng ngh\u1ec7 Green Solar Vi\u1ec7t Nam<\/title>\n<meta name=\"robots\" content=\"index, follow, max-snippet:-1, max-image-preview:large, max-video-preview:-1\" \/>\n<link rel=\"canonical\" href=\"https:\/\/greensolarvietnam.vn\/?product=bien-tan-abb-acs550-01-157a-4\" \/>\n<meta property=\"og:locale\" content=\"vi_VN\" \/>\n<meta property=\"og:type\" content=\"article\" \/>\n<meta property=\"og:title\" content=\"BI\u1ebeN T\u1ea6N ABB ACS550-01-157A-4\" \/>\n<meta property=\"og:description\" content=\"TH\u00d4NG S\u1ed0 K\u1ef8 THU\u1eacT C\u00f4ng su\u1ea5t: 75Kw M\u00e3 s\u1ea3n ph\u1ea9m : ACS550-01-157A-4 \u0110i\u1ec7n \u00e1p \u0111\u1ea7u v\u00e0o : 3 pha 380 ~ 480V 50\/60 Hz T\u1ea7n s\u1ed1 ng\u00f5 ra : 0 ~ 500 Hz C\u00f4ng su\u1ea5t ng\u00f5 ra : 75KW Ng\u00f5 v\u00e0o Analog : ( 4 \u2013 20mA, 0- 10V) C\u00f3 \u0111\u1ea7u v\u00e0o s\u1ed1 Qu\u00e1 t\u1ea3i &hellip; BI\u1ebeN T\u1ea6N ABB ACS550-01-157A-4 Read More &raquo;\" \/>\n<meta property=\"og:url\" content=\"https:\/\/greensolarvietnam.vn\/?product=bien-tan-abb-acs550-01-157a-4\" \/>\n<meta property=\"og:site_name\" content=\"C\u00f4ng ty TNHH \u0111\u1ea7u t\u01b0 v\u00e0 c\u00f4ng ngh\u1ec7 Green Solar Vi\u1ec7t Nam\" \/>\n<meta property=\"og:image\" content=\"https:\/\/greensolarvietnam.vn\/wp-content\/uploads\/2024\/04\/Bien-tan-ABB-ACS550-01-157A-4.png\" \/>\n\t<meta property=\"og:image:width\" content=\"350\" \/>\n\t<meta property=\"og:image:height\" content=\"400\" \/>\n\t<meta property=\"og:image:type\" content=\"image\/png\" \/>\n<meta name=\"twitter:card\" content=\"summary_large_image\" \/>\n<meta name=\"twitter:label1\" content=\"\u01af\u1edbc t\u00ednh th\u1eddi gian \u0111\u1ecdc\" \/>\n\t<meta name=\"twitter:data1\" content=\"1 ph\u00fat\" \/>\n<script type=\"application\/ld+json\" class=\"yoast-schema-graph\">{\"@context\":\"https:\/\/schema.org\",\"@graph\":[{\"@type\":\"WebPage\",\"@id\":\"https:\/\/greensolarvietnam.vn\/?product=bien-tan-abb-acs550-01-157a-4\",\"url\":\"https:\/\/greensolarvietnam.vn\/?product=bien-tan-abb-acs550-01-157a-4\",\"name\":\"BI\u1ebeN T\u1ea6N ABB ACS550-01-157A-4 - C\u00f4ng ty TNHH \u0111\u1ea7u t\u01b0 v\u00e0 c\u00f4ng ngh\u1ec7 Green Solar Vi\u1ec7t Nam\",\"isPartOf\":{\"@id\":\"https:\/\/greensolarvietnam.vn\/#website\"},\"primaryImageOfPage\":{\"@id\":\"https:\/\/greensolarvietnam.vn\/?product=bien-tan-abb-acs550-01-157a-4#primaryimage\"},\"image\":{\"@id\":\"https:\/\/greensolarvietnam.vn\/?product=bien-tan-abb-acs550-01-157a-4#primaryimage\"},\"thumbnailUrl\":\"https:\/\/greensolarvietnam.vn\/wp-content\/uploads\/2024\/04\/Bien-tan-ABB-ACS550-01-157A-4.png\",\"datePublished\":\"2024-04-12T04:09:26+00:00\",\"breadcrumb\":{\"@id\":\"https:\/\/greensolarvietnam.vn\/?product=bien-tan-abb-acs550-01-157a-4#breadcrumb\"},\"inLanguage\":\"vi\",\"potentialAction\":[{\"@type\":\"ReadAction\",\"target\":[\"https:\/\/greensolarvietnam.vn\/?product=bien-tan-abb-acs550-01-157a-4\"]}]},{\"@type\":\"ImageObject\",\"inLanguage\":\"vi\",\"@id\":\"https:\/\/greensolarvietnam.vn\/?product=bien-tan-abb-acs550-01-157a-4#primaryimage\",\"url\":\"https:\/\/greensolarvietnam.vn\/wp-content\/uploads\/2024\/04\/Bien-tan-ABB-ACS550-01-157A-4.png\",\"contentUrl\":\"https:\/\/greensolarvietnam.vn\/wp-content\/uploads\/2024\/04\/Bien-tan-ABB-ACS550-01-157A-4.png\",\"width\":350,\"height\":400},{\"@type\":\"BreadcrumbList\",\"@id\":\"https:\/\/greensolarvietnam.vn\/?product=bien-tan-abb-acs550-01-157a-4#breadcrumb\",\"itemListElement\":[{\"@type\":\"ListItem\",\"position\":1,\"name\":\"Trang ch\u1ee7\",\"item\":\"https:\/\/greensolarvietnam.vn\/\"},{\"@type\":\"ListItem\",\"position\":2,\"name\":\"S\u1ea3n ph\u1ea9m\",\"item\":\"https:\/\/greensolarvietnam.vn\/?post_type=product\"},{\"@type\":\"ListItem\",\"position\":3,\"name\":\"BI\u1ebeN T\u1ea6N ABB ACS550-01-157A-4\"}]},{\"@type\":\"WebSite\",\"@id\":\"https:\/\/greensolarvietnam.vn\/#website\",\"url\":\"https:\/\/greensolarvietnam.vn\/\",\"name\":\"C\u00f4ng ty TNHH \u0111\u1ea7u t\u01b0 v\u00e0 c\u00f4ng ngh\u1ec7 Green Solar Vi\u1ec7t Nam\",\"description\":\"C\u00f4ng ty TNHH \u0111\u1ea7u t\u01b0 v\u00e0 c\u00f4ng ngh\u1ec7 Green Solar Vi\u1ec7t Nam\",\"publisher\":{\"@id\":\"https:\/\/greensolarvietnam.vn\/#organization\"},\"potentialAction\":[{\"@type\":\"SearchAction\",\"target\":{\"@type\":\"EntryPoint\",\"urlTemplate\":\"https:\/\/greensolarvietnam.vn\/?s={search_term_string}\"},\"query-input\":{\"@type\":\"PropertyValueSpecification\",\"valueRequired\":true,\"valueName\":\"search_term_string\"}}],\"inLanguage\":\"vi\"},{\"@type\":\"Organization\",\"@id\":\"https:\/\/greensolarvietnam.vn\/#organization\",\"name\":\"C\u00f4ng ty TNHH \u0111\u1ea7u t\u01b0 v\u00e0 c\u00f4ng ngh\u1ec7 Green Solar Vi\u1ec7t Nam\",\"url\":\"https:\/\/greensolarvietnam.vn\/\",\"logo\":{\"@type\":\"ImageObject\",\"inLanguage\":\"vi\",\"@id\":\"https:\/\/greensolarvietnam.vn\/#\/schema\/logo\/image\/\",\"url\":\"https:\/\/greensolarvietnam.vn\/wp-content\/uploads\/2025\/08\/cropped-cropped-cropped-Logo-163x68-1.png\",\"contentUrl\":\"https:\/\/greensolarvietnam.vn\/wp-content\/uploads\/2025\/08\/cropped-cropped-cropped-Logo-163x68-1.png\",\"width\":163,\"height\":55,\"caption\":\"C\u00f4ng ty TNHH \u0111\u1ea7u t\u01b0 v\u00e0 c\u00f4ng ngh\u1ec7 Green Solar Vi\u1ec7t Nam\"},\"image\":{\"@id\":\"https:\/\/greensolarvietnam.vn\/#\/schema\/logo\/image\/\"}}]}<\/script>\n<!-- \/ Yoast SEO Premium plugin. -->","yoast_head_json":{"title":"BI\u1ebeN T\u1ea6N ABB ACS550-01-157A-4 - C\u00f4ng ty TNHH \u0111\u1ea7u t\u01b0 v\u00e0 c\u00f4ng ngh\u1ec7 Green Solar Vi\u1ec7t Nam","robots":{"index":"index","follow":"follow","max-snippet":"max-snippet:-1","max-image-preview":"max-image-preview:large","max-video-preview":"max-video-preview:-1"},"canonical":"https:\/\/greensolarvietnam.vn\/?product=bien-tan-abb-acs550-01-157a-4","og_locale":"vi_VN","og_type":"article","og_title":"BI\u1ebeN T\u1ea6N ABB ACS550-01-157A-4","og_description":"TH\u00d4NG S\u1ed0 K\u1ef8 THU\u1eacT C\u00f4ng su\u1ea5t: 75Kw M\u00e3 s\u1ea3n ph\u1ea9m : ACS550-01-157A-4 \u0110i\u1ec7n \u00e1p \u0111\u1ea7u v\u00e0o : 3 pha 380 ~ 480V 50\/60 Hz T\u1ea7n s\u1ed1 ng\u00f5 ra : 0 ~ 500 Hz C\u00f4ng su\u1ea5t ng\u00f5 ra : 75KW Ng\u00f5 v\u00e0o Analog : ( 4 \u2013 20mA, 0- 10V) C\u00f3 \u0111\u1ea7u v\u00e0o s\u1ed1 Qu\u00e1 t\u1ea3i &hellip; BI\u1ebeN T\u1ea6N ABB ACS550-01-157A-4 Read More &raquo;","og_url":"https:\/\/greensolarvietnam.vn\/?product=bien-tan-abb-acs550-01-157a-4","og_site_name":"C\u00f4ng ty TNHH \u0111\u1ea7u t\u01b0 v\u00e0 c\u00f4ng ngh\u1ec7 Green Solar Vi\u1ec7t Nam","og_image":[{"width":350,"height":400,"url":"https:\/\/greensolarvietnam.vn\/wp-content\/uploads\/2024\/04\/Bien-tan-ABB-ACS550-01-157A-4.png","type":"image\/png"}],"twitter_card":"summary_large_image","twitter_misc":{"\u01af\u1edbc t\u00ednh th\u1eddi gian \u0111\u1ecdc":"1 ph\u00fat"},"schema":{"@context":"https:\/\/schema.org","@graph":[{"@type":"WebPage","@id":"https:\/\/greensolarvietnam.vn\/?product=bien-tan-abb-acs550-01-157a-4","url":"https:\/\/greensolarvietnam.vn\/?product=bien-tan-abb-acs550-01-157a-4","name":"BI\u1ebeN T\u1ea6N ABB ACS550-01-157A-4 - C\u00f4ng ty TNHH \u0111\u1ea7u t\u01b0 v\u00e0 c\u00f4ng ngh\u1ec7 Green Solar Vi\u1ec7t Nam","isPartOf":{"@id":"https:\/\/greensolarvietnam.vn\/#website"},"primaryImageOfPage":{"@id":"https:\/\/greensolarvietnam.vn\/?product=bien-tan-abb-acs550-01-157a-4#primaryimage"},"image":{"@id":"https:\/\/greensolarvietnam.vn\/?product=bien-tan-abb-acs550-01-157a-4#primaryimage"},"thumbnailUrl":"https:\/\/greensolarvietnam.vn\/wp-content\/uploads\/2024\/04\/Bien-tan-ABB-ACS550-01-157A-4.png","datePublished":"2024-04-12T04:09:26+00:00","breadcrumb":{"@id":"https:\/\/greensolarvietnam.vn\/?product=bien-tan-abb-acs550-01-157a-4#breadcrumb"},"inLanguage":"vi","potentialAction":[{"@type":"ReadAction","target":["https:\/\/greensolarvietnam.vn\/?product=bien-tan-abb-acs550-01-157a-4"]}]},{"@type":"ImageObject","inLanguage":"vi","@id":"https:\/\/greensolarvietnam.vn\/?product=bien-tan-abb-acs550-01-157a-4#primaryimage","url":"https:\/\/greensolarvietnam.vn\/wp-content\/uploads\/2024\/04\/Bien-tan-ABB-ACS550-01-157A-4.png","contentUrl":"https:\/\/greensolarvietnam.vn\/wp-content\/uploads\/2024\/04\/Bien-tan-ABB-ACS550-01-157A-4.png","width":350,"height":400},{"@type":"BreadcrumbList","@id":"https:\/\/greensolarvietnam.vn\/?product=bien-tan-abb-acs550-01-157a-4#breadcrumb","itemListElement":[{"@type":"ListItem","position":1,"name":"Trang ch\u1ee7","item":"https:\/\/greensolarvietnam.vn\/"},{"@type":"ListItem","position":2,"name":"S\u1ea3n ph\u1ea9m","item":"https:\/\/greensolarvietnam.vn\/?post_type=product"},{"@type":"ListItem","position":3,"name":"BI\u1ebeN T\u1ea6N ABB ACS550-01-157A-4"}]},{"@type":"WebSite","@id":"https:\/\/greensolarvietnam.vn\/#website","url":"https:\/\/greensolarvietnam.vn\/","name":"C\u00f4ng ty TNHH \u0111\u1ea7u t\u01b0 v\u00e0 c\u00f4ng ngh\u1ec7 Green Solar Vi\u1ec7t Nam","description":"C\u00f4ng ty TNHH \u0111\u1ea7u t\u01b0 v\u00e0 c\u00f4ng ngh\u1ec7 Green Solar Vi\u1ec7t Nam","publisher":{"@id":"https:\/\/greensolarvietnam.vn\/#organization"},"potentialAction":[{"@type":"SearchAction","target":{"@type":"EntryPoint","urlTemplate":"https:\/\/greensolarvietnam.vn\/?s={search_term_string}"},"query-input":{"@type":"PropertyValueSpecification","valueRequired":true,"valueName":"search_term_string"}}],"inLanguage":"vi"},{"@type":"Organization","@id":"https:\/\/greensolarvietnam.vn\/#organization","name":"C\u00f4ng ty TNHH \u0111\u1ea7u t\u01b0 v\u00e0 c\u00f4ng ngh\u1ec7 Green Solar Vi\u1ec7t Nam","url":"https:\/\/greensolarvietnam.vn\/","logo":{"@type":"ImageObject","inLanguage":"vi","@id":"https:\/\/greensolarvietnam.vn\/#\/schema\/logo\/image\/","url":"https:\/\/greensolarvietnam.vn\/wp-content\/uploads\/2025\/08\/cropped-cropped-cropped-Logo-163x68-1.png","contentUrl":"https:\/\/greensolarvietnam.vn\/wp-content\/uploads\/2025\/08\/cropped-cropped-cropped-Logo-163x68-1.png","width":163,"height":55,"caption":"C\u00f4ng ty TNHH \u0111\u1ea7u t\u01b0 v\u00e0 c\u00f4ng ngh\u1ec7 Green Solar Vi\u1ec7t Nam"},"image":{"@id":"https:\/\/greensolarvietnam.vn\/#\/schema\/logo\/image\/"}}]}},"_links":{"self":[{"href":"https:\/\/greensolarvietnam.vn\/index.php?rest_route=\/wp\/v2\/product\/16754","targetHints":{"allow":["GET"]}}],"collection":[{"href":"https:\/\/greensolarvietnam.vn\/index.php?rest_route=\/wp\/v2\/product"}],"about":[{"href":"https:\/\/greensolarvietnam.vn\/index.php?rest_route=\/wp\/v2\/types\/product"}],"replies":[{"embeddable":true,"href":"https:\/\/greensolarvietnam.vn\/index.php?rest_route=%2Fwp%2Fv2%2Fcomments&post=16754"}],"wp:featuredmedia":[{"embeddable":true,"href":"https:\/\/greensolarvietnam.vn\/index.php?rest_route=\/wp\/v2\/media\/16755"}],"wp:attachment":[{"href":"https:\/\/greensolarvietnam.vn\/index.php?rest_route=%2Fwp%2Fv2%2Fmedia&parent=16754"}],"wp:term":[{"taxonomy":"product_cat","embeddable":true,"href":"https:\/\/greensolarvietnam.vn\/index.php?rest_route=%2Fwp%2Fv2%2Fproduct_cat&post=16754"},{"taxonomy":"product_tag","embeddable":true,"href":"https:\/\/greensolarvietnam.vn\/index.php?rest_route=%2Fwp%2Fv2%2Fproduct_tag&post=16754"}],"curies":[{"name":"wp","href":"https:\/\/api.w.org\/{rel}","templated":true}]}}