{"id":16756,"date":"2024-04-12T04:11:17","date_gmt":"2024-04-12T04:11:17","guid":{"rendered":"https:\/\/greensolarvietnam.vn\/?post_type=product&#038;p=16756"},"modified":"2024-04-12T04:11:17","modified_gmt":"2024-04-12T04:11:17","slug":"thiet-bi-do-fluke-28ii","status":"publish","type":"product","link":"https:\/\/greensolarvietnam.vn\/?product=thiet-bi-do-fluke-28ii","title":{"rendered":"THI\u1ebeT B\u1eca \u0110O FLUKE 28II"},"content":{"rendered":"<h2 id=\"tongquan\" class=\"heading_h2\">TH\u00d4NG S\u1ed0 K\u1ef8 THU\u1eacT<\/h2>\n<div class=\"content aaa\">\n<p>M\u00e3 s\u1ea3n ph\u1ea9m : FLUKE 28II<br \/>\n\u0110i\u1ec7n \u00e1p DC: 0,1 mV \u0111\u00ea\u0301n 1000 V\/ \u00b10,05 % + 1<br \/>\n\u0110i\u1ec7n \u00e1p AC: 0,1 mV \u0111\u00ea\u0301n 1000 V\/ \u00b10,7 % +4<br \/>\nD\u00f2ng \u0111i\u1ec7n DC: 0,1 \u03bcA \u0111\u00ea\u0301n 10 A\/ \u00b10,2 % + 4<br \/>\nD\u00f2ng \u0111i\u1ec7n AC: 0,1 \u03bcA \u0111\u00ea\u0301n 10 A\/ \u00b11,0 % + 2<br \/>\n\u0110i\u1ec7n tr\u1edf: 0,1 \u03a9 \u0111\u00ea\u0301n 50 M\u03a9\/ \u00b1(0,2 % + 1)<br \/>\n\u0110\u1ed9 d\u1eabn \u0111i\u1ec7n: 60,00 nS\/ \u00b1 (1,0 % + 10)<br \/>\nKi\u1ec3m tra \u0111i-\u1ed1t: 2,0 V\/ \u00b1 (2,0 % + 1)<br \/>\nChu tr\u00ecnh ho\u1ea1t \u0111\u1ed9ng: 0,0 % \u0111\u00ea\u0301n 99,9 %\/ \u00b1(0,2 % tr\u00ean kHz + 0,1 %)<br \/>\n\u0110i\u1ec7n dung: 10 nF \u0111\u00ea\u0301n 9999 \u03bcF\/ \u00b1 (1,0 % + 2)<br \/>\nT\u1ea7n s\u1ed1: 0,5 Hz \u0111\u00ea\u0301n 199,99 kHz\/ \u00b1 (0,005 % + 1)<br \/>\nNhi\u1ec7t \u0111\u1ed9: -200 \u00b0C \u0111\u00ea\u0301n +1090 \u00b0C\/ \u00b1 (1,0 % + 10) \u00b0C<br \/>\nL\u1ea5y gi\u00e1 tr\u1ecb \u0111\u1ec9nh: Ghi gi\u00e1 tr\u1ecb \u0111i\u1ec7n \u00e1p qu\u00e1 \u0111\u1ed9 trong ch\u1ec9 250 us<br \/>\nGhi \u01a1\u0309 ch\u00ea\u0301 \u0111\u00f4\u0323 T\u00f4\u0301i thi\u00ea\u0309u\/T\u00f4\u0301i \u0111a\/Trung bi\u0300nh: T\u00edn hi\u1ec7u hi\u00ea\u0309n thi\u0323 l\u00ean \u0111\u1ebfn khoa\u0309ng 100 ms<br \/>\nBa\u0309o ha\u0300nh: 12 tha\u0301ng<\/p>\n<\/div>\n<p>\u0110\u1ed3ng h\u1ed3 c\u00f4ng nghi\u1ec7p Fluke 28 II\u00a0l\u00e0 thi\u1ebft b\u1ecb \u0111o v\u1ea1n n\u0103ng c\u00f4ng nghi\u1ec7p c\u00f3 t\u00ednh an to\u00e0n cao v\u00e0 m\u1ea1nh m\u1ebd.<\/p>\n","protected":false},"excerpt":{"rendered":"<p>TH\u00d4NG S\u1ed0 K\u1ef8 THU\u1eacT M\u00e3 s\u1ea3n ph\u1ea9m : FLUKE 28II \u0110i\u1ec7n \u00e1p DC: 0,1 mV \u0111\u00ea\u0301n 1000 V\/ \u00b10,05 % + 1 \u0110i\u1ec7n \u00e1p AC: 0,1 mV \u0111\u00ea\u0301n 1000 V\/ \u00b10,7 % +4 D\u00f2ng \u0111i\u1ec7n DC: 0,1 \u03bcA \u0111\u00ea\u0301n 10 A\/ \u00b10,2 % + 4 D\u00f2ng \u0111i\u1ec7n AC: 0,1 \u03bcA \u0111\u00ea\u0301n 10 A\/ \u00b11,0 % &hellip;<\/p>\n<p class=\"read-more\"> <a class=\"\" href=\"https:\/\/greensolarvietnam.vn\/?product=thiet-bi-do-fluke-28ii\"> <span class=\"screen-reader-text\">THI\u1ebeT B\u1eca \u0110O FLUKE 28II<\/span> Read More &raquo;<\/a><\/p>\n","protected":false},"featured_media":16757,"comment_status":"closed","ping_status":"closed","template":"","meta":{"site-sidebar-layout":"default","site-content-layout":"default","ast-global-header-display":"","ast-main-header-display":"","ast-hfb-above-header-display":"","ast-hfb-below-header-display":"","ast-hfb-mobile-header-display":"","site-post-title":"","ast-breadcrumbs-content":"","ast-featured-img":"","footer-sml-layout":"","theme-transparent-header-meta":"default","adv-header-id-meta":"","stick-header-meta":"","header-above-stick-meta":"","header-main-stick-meta":"","header-below-stick-meta":""},"product_cat":[199],"product_tag":[],"class_list":{"0":"post-16756","1":"product","2":"type-product","3":"status-publish","4":"has-post-thumbnail","6":"product_cat-vat-tu-thiet-bi-cho-nha-may-nhiet-dien","8":"first","9":"instock","10":"shipping-taxable","11":"product-type-simple"},"yoast_head":"<!-- This site is optimized with the Yoast SEO Premium plugin v23.9 (Yoast SEO v24.4) - https:\/\/yoast.com\/wordpress\/plugins\/seo\/ -->\n<title>THI\u1ebeT B\u1eca \u0110O FLUKE 28II - C\u00f4ng ty TNHH \u0111\u1ea7u t\u01b0 v\u00e0 c\u00f4ng ngh\u1ec7 Green Solar Vi\u1ec7t Nam<\/title>\n<meta name=\"robots\" content=\"index, follow, max-snippet:-1, max-image-preview:large, max-video-preview:-1\" \/>\n<link rel=\"canonical\" href=\"https:\/\/greensolarvietnam.vn\/?product=thiet-bi-do-fluke-28ii\" \/>\n<meta property=\"og:locale\" content=\"vi_VN\" \/>\n<meta property=\"og:type\" content=\"article\" \/>\n<meta property=\"og:title\" content=\"THI\u1ebeT B\u1eca \u0110O FLUKE 28II\" \/>\n<meta property=\"og:description\" content=\"TH\u00d4NG S\u1ed0 K\u1ef8 THU\u1eacT M\u00e3 s\u1ea3n ph\u1ea9m : FLUKE 28II \u0110i\u1ec7n \u00e1p DC: 0,1 mV \u0111\u00ea\u0301n 1000 V\/ \u00b10,05 % + 1 \u0110i\u1ec7n \u00e1p AC: 0,1 mV \u0111\u00ea\u0301n 1000 V\/ \u00b10,7 % +4 D\u00f2ng \u0111i\u1ec7n DC: 0,1 \u03bcA \u0111\u00ea\u0301n 10 A\/ \u00b10,2 % + 4 D\u00f2ng \u0111i\u1ec7n AC: 0,1 \u03bcA \u0111\u00ea\u0301n 10 A\/ \u00b11,0 % &hellip; THI\u1ebeT B\u1eca \u0110O FLUKE 28II Read More &raquo;\" \/>\n<meta property=\"og:url\" content=\"https:\/\/greensolarvietnam.vn\/?product=thiet-bi-do-fluke-28ii\" \/>\n<meta property=\"og:site_name\" content=\"C\u00f4ng ty TNHH \u0111\u1ea7u t\u01b0 v\u00e0 c\u00f4ng ngh\u1ec7 Green Solar Vi\u1ec7t Nam\" \/>\n<meta property=\"og:image\" content=\"https:\/\/greensolarvietnam.vn\/wp-content\/uploads\/2024\/04\/Thiet-Bi-do-FLUKE-28II.png\" \/>\n\t<meta property=\"og:image:width\" content=\"350\" \/>\n\t<meta property=\"og:image:height\" content=\"400\" \/>\n\t<meta property=\"og:image:type\" content=\"image\/png\" \/>\n<meta name=\"twitter:card\" content=\"summary_large_image\" \/>\n<meta name=\"twitter:label1\" content=\"\u01af\u1edbc t\u00ednh th\u1eddi gian \u0111\u1ecdc\" \/>\n\t<meta name=\"twitter:data1\" content=\"1 ph\u00fat\" \/>\n<script type=\"application\/ld+json\" class=\"yoast-schema-graph\">{\"@context\":\"https:\/\/schema.org\",\"@graph\":[{\"@type\":\"WebPage\",\"@id\":\"https:\/\/greensolarvietnam.vn\/?product=thiet-bi-do-fluke-28ii\",\"url\":\"https:\/\/greensolarvietnam.vn\/?product=thiet-bi-do-fluke-28ii\",\"name\":\"THI\u1ebeT B\u1eca \u0110O FLUKE 28II - C\u00f4ng ty TNHH \u0111\u1ea7u t\u01b0 v\u00e0 c\u00f4ng ngh\u1ec7 Green Solar Vi\u1ec7t Nam\",\"isPartOf\":{\"@id\":\"https:\/\/greensolarvietnam.vn\/#website\"},\"primaryImageOfPage\":{\"@id\":\"https:\/\/greensolarvietnam.vn\/?product=thiet-bi-do-fluke-28ii#primaryimage\"},\"image\":{\"@id\":\"https:\/\/greensolarvietnam.vn\/?product=thiet-bi-do-fluke-28ii#primaryimage\"},\"thumbnailUrl\":\"https:\/\/greensolarvietnam.vn\/wp-content\/uploads\/2024\/04\/Thiet-Bi-do-FLUKE-28II.png\",\"datePublished\":\"2024-04-12T04:11:17+00:00\",\"breadcrumb\":{\"@id\":\"https:\/\/greensolarvietnam.vn\/?product=thiet-bi-do-fluke-28ii#breadcrumb\"},\"inLanguage\":\"vi\",\"potentialAction\":[{\"@type\":\"ReadAction\",\"target\":[\"https:\/\/greensolarvietnam.vn\/?product=thiet-bi-do-fluke-28ii\"]}]},{\"@type\":\"ImageObject\",\"inLanguage\":\"vi\",\"@id\":\"https:\/\/greensolarvietnam.vn\/?product=thiet-bi-do-fluke-28ii#primaryimage\",\"url\":\"https:\/\/greensolarvietnam.vn\/wp-content\/uploads\/2024\/04\/Thiet-Bi-do-FLUKE-28II.png\",\"contentUrl\":\"https:\/\/greensolarvietnam.vn\/wp-content\/uploads\/2024\/04\/Thiet-Bi-do-FLUKE-28II.png\",\"width\":350,\"height\":400},{\"@type\":\"BreadcrumbList\",\"@id\":\"https:\/\/greensolarvietnam.vn\/?product=thiet-bi-do-fluke-28ii#breadcrumb\",\"itemListElement\":[{\"@type\":\"ListItem\",\"position\":1,\"name\":\"Trang ch\u1ee7\",\"item\":\"https:\/\/greensolarvietnam.vn\/\"},{\"@type\":\"ListItem\",\"position\":2,\"name\":\"S\u1ea3n ph\u1ea9m\",\"item\":\"https:\/\/greensolarvietnam.vn\/?post_type=product\"},{\"@type\":\"ListItem\",\"position\":3,\"name\":\"THI\u1ebeT B\u1eca \u0110O FLUKE 28II\"}]},{\"@type\":\"WebSite\",\"@id\":\"https:\/\/greensolarvietnam.vn\/#website\",\"url\":\"https:\/\/greensolarvietnam.vn\/\",\"name\":\"C\u00f4ng ty TNHH \u0111\u1ea7u t\u01b0 v\u00e0 c\u00f4ng ngh\u1ec7 Green Solar Vi\u1ec7t Nam\",\"description\":\"C\u00f4ng ty TNHH \u0111\u1ea7u t\u01b0 v\u00e0 c\u00f4ng ngh\u1ec7 Green Solar Vi\u1ec7t Nam\",\"publisher\":{\"@id\":\"https:\/\/greensolarvietnam.vn\/#organization\"},\"potentialAction\":[{\"@type\":\"SearchAction\",\"target\":{\"@type\":\"EntryPoint\",\"urlTemplate\":\"https:\/\/greensolarvietnam.vn\/?s={search_term_string}\"},\"query-input\":{\"@type\":\"PropertyValueSpecification\",\"valueRequired\":true,\"valueName\":\"search_term_string\"}}],\"inLanguage\":\"vi\"},{\"@type\":\"Organization\",\"@id\":\"https:\/\/greensolarvietnam.vn\/#organization\",\"name\":\"C\u00f4ng ty TNHH \u0111\u1ea7u t\u01b0 v\u00e0 c\u00f4ng ngh\u1ec7 Green Solar Vi\u1ec7t Nam\",\"url\":\"https:\/\/greensolarvietnam.vn\/\",\"logo\":{\"@type\":\"ImageObject\",\"inLanguage\":\"vi\",\"@id\":\"https:\/\/greensolarvietnam.vn\/#\/schema\/logo\/image\/\",\"url\":\"https:\/\/greensolarvietnam.vn\/wp-content\/uploads\/2025\/08\/cropped-cropped-cropped-Logo-163x68-1.png\",\"contentUrl\":\"https:\/\/greensolarvietnam.vn\/wp-content\/uploads\/2025\/08\/cropped-cropped-cropped-Logo-163x68-1.png\",\"width\":163,\"height\":55,\"caption\":\"C\u00f4ng ty TNHH \u0111\u1ea7u t\u01b0 v\u00e0 c\u00f4ng ngh\u1ec7 Green Solar Vi\u1ec7t Nam\"},\"image\":{\"@id\":\"https:\/\/greensolarvietnam.vn\/#\/schema\/logo\/image\/\"}}]}<\/script>\n<!-- \/ Yoast SEO Premium plugin. -->","yoast_head_json":{"title":"THI\u1ebeT B\u1eca \u0110O FLUKE 28II - C\u00f4ng ty TNHH \u0111\u1ea7u t\u01b0 v\u00e0 c\u00f4ng ngh\u1ec7 Green Solar Vi\u1ec7t Nam","robots":{"index":"index","follow":"follow","max-snippet":"max-snippet:-1","max-image-preview":"max-image-preview:large","max-video-preview":"max-video-preview:-1"},"canonical":"https:\/\/greensolarvietnam.vn\/?product=thiet-bi-do-fluke-28ii","og_locale":"vi_VN","og_type":"article","og_title":"THI\u1ebeT B\u1eca \u0110O FLUKE 28II","og_description":"TH\u00d4NG S\u1ed0 K\u1ef8 THU\u1eacT M\u00e3 s\u1ea3n ph\u1ea9m : FLUKE 28II \u0110i\u1ec7n \u00e1p DC: 0,1 mV \u0111\u00ea\u0301n 1000 V\/ \u00b10,05 % + 1 \u0110i\u1ec7n \u00e1p AC: 0,1 mV \u0111\u00ea\u0301n 1000 V\/ \u00b10,7 % +4 D\u00f2ng \u0111i\u1ec7n DC: 0,1 \u03bcA \u0111\u00ea\u0301n 10 A\/ \u00b10,2 % + 4 D\u00f2ng \u0111i\u1ec7n AC: 0,1 \u03bcA \u0111\u00ea\u0301n 10 A\/ \u00b11,0 % &hellip; THI\u1ebeT B\u1eca \u0110O FLUKE 28II Read More &raquo;","og_url":"https:\/\/greensolarvietnam.vn\/?product=thiet-bi-do-fluke-28ii","og_site_name":"C\u00f4ng ty TNHH \u0111\u1ea7u t\u01b0 v\u00e0 c\u00f4ng ngh\u1ec7 Green Solar Vi\u1ec7t Nam","og_image":[{"width":350,"height":400,"url":"https:\/\/greensolarvietnam.vn\/wp-content\/uploads\/2024\/04\/Thiet-Bi-do-FLUKE-28II.png","type":"image\/png"}],"twitter_card":"summary_large_image","twitter_misc":{"\u01af\u1edbc t\u00ednh th\u1eddi gian \u0111\u1ecdc":"1 ph\u00fat"},"schema":{"@context":"https:\/\/schema.org","@graph":[{"@type":"WebPage","@id":"https:\/\/greensolarvietnam.vn\/?product=thiet-bi-do-fluke-28ii","url":"https:\/\/greensolarvietnam.vn\/?product=thiet-bi-do-fluke-28ii","name":"THI\u1ebeT B\u1eca \u0110O FLUKE 28II - C\u00f4ng ty TNHH \u0111\u1ea7u t\u01b0 v\u00e0 c\u00f4ng ngh\u1ec7 Green Solar Vi\u1ec7t Nam","isPartOf":{"@id":"https:\/\/greensolarvietnam.vn\/#website"},"primaryImageOfPage":{"@id":"https:\/\/greensolarvietnam.vn\/?product=thiet-bi-do-fluke-28ii#primaryimage"},"image":{"@id":"https:\/\/greensolarvietnam.vn\/?product=thiet-bi-do-fluke-28ii#primaryimage"},"thumbnailUrl":"https:\/\/greensolarvietnam.vn\/wp-content\/uploads\/2024\/04\/Thiet-Bi-do-FLUKE-28II.png","datePublished":"2024-04-12T04:11:17+00:00","breadcrumb":{"@id":"https:\/\/greensolarvietnam.vn\/?product=thiet-bi-do-fluke-28ii#breadcrumb"},"inLanguage":"vi","potentialAction":[{"@type":"ReadAction","target":["https:\/\/greensolarvietnam.vn\/?product=thiet-bi-do-fluke-28ii"]}]},{"@type":"ImageObject","inLanguage":"vi","@id":"https:\/\/greensolarvietnam.vn\/?product=thiet-bi-do-fluke-28ii#primaryimage","url":"https:\/\/greensolarvietnam.vn\/wp-content\/uploads\/2024\/04\/Thiet-Bi-do-FLUKE-28II.png","contentUrl":"https:\/\/greensolarvietnam.vn\/wp-content\/uploads\/2024\/04\/Thiet-Bi-do-FLUKE-28II.png","width":350,"height":400},{"@type":"BreadcrumbList","@id":"https:\/\/greensolarvietnam.vn\/?product=thiet-bi-do-fluke-28ii#breadcrumb","itemListElement":[{"@type":"ListItem","position":1,"name":"Trang ch\u1ee7","item":"https:\/\/greensolarvietnam.vn\/"},{"@type":"ListItem","position":2,"name":"S\u1ea3n ph\u1ea9m","item":"https:\/\/greensolarvietnam.vn\/?post_type=product"},{"@type":"ListItem","position":3,"name":"THI\u1ebeT B\u1eca \u0110O FLUKE 28II"}]},{"@type":"WebSite","@id":"https:\/\/greensolarvietnam.vn\/#website","url":"https:\/\/greensolarvietnam.vn\/","name":"C\u00f4ng ty TNHH \u0111\u1ea7u t\u01b0 v\u00e0 c\u00f4ng ngh\u1ec7 Green Solar Vi\u1ec7t Nam","description":"C\u00f4ng ty TNHH \u0111\u1ea7u t\u01b0 v\u00e0 c\u00f4ng ngh\u1ec7 Green Solar Vi\u1ec7t Nam","publisher":{"@id":"https:\/\/greensolarvietnam.vn\/#organization"},"potentialAction":[{"@type":"SearchAction","target":{"@type":"EntryPoint","urlTemplate":"https:\/\/greensolarvietnam.vn\/?s={search_term_string}"},"query-input":{"@type":"PropertyValueSpecification","valueRequired":true,"valueName":"search_term_string"}}],"inLanguage":"vi"},{"@type":"Organization","@id":"https:\/\/greensolarvietnam.vn\/#organization","name":"C\u00f4ng ty TNHH \u0111\u1ea7u t\u01b0 v\u00e0 c\u00f4ng ngh\u1ec7 Green Solar Vi\u1ec7t Nam","url":"https:\/\/greensolarvietnam.vn\/","logo":{"@type":"ImageObject","inLanguage":"vi","@id":"https:\/\/greensolarvietnam.vn\/#\/schema\/logo\/image\/","url":"https:\/\/greensolarvietnam.vn\/wp-content\/uploads\/2025\/08\/cropped-cropped-cropped-Logo-163x68-1.png","contentUrl":"https:\/\/greensolarvietnam.vn\/wp-content\/uploads\/2025\/08\/cropped-cropped-cropped-Logo-163x68-1.png","width":163,"height":55,"caption":"C\u00f4ng ty TNHH \u0111\u1ea7u t\u01b0 v\u00e0 c\u00f4ng ngh\u1ec7 Green Solar Vi\u1ec7t Nam"},"image":{"@id":"https:\/\/greensolarvietnam.vn\/#\/schema\/logo\/image\/"}}]}},"_links":{"self":[{"href":"https:\/\/greensolarvietnam.vn\/index.php?rest_route=\/wp\/v2\/product\/16756","targetHints":{"allow":["GET"]}}],"collection":[{"href":"https:\/\/greensolarvietnam.vn\/index.php?rest_route=\/wp\/v2\/product"}],"about":[{"href":"https:\/\/greensolarvietnam.vn\/index.php?rest_route=\/wp\/v2\/types\/product"}],"replies":[{"embeddable":true,"href":"https:\/\/greensolarvietnam.vn\/index.php?rest_route=%2Fwp%2Fv2%2Fcomments&post=16756"}],"wp:featuredmedia":[{"embeddable":true,"href":"https:\/\/greensolarvietnam.vn\/index.php?rest_route=\/wp\/v2\/media\/16757"}],"wp:attachment":[{"href":"https:\/\/greensolarvietnam.vn\/index.php?rest_route=%2Fwp%2Fv2%2Fmedia&parent=16756"}],"wp:term":[{"taxonomy":"product_cat","embeddable":true,"href":"https:\/\/greensolarvietnam.vn\/index.php?rest_route=%2Fwp%2Fv2%2Fproduct_cat&post=16756"},{"taxonomy":"product_tag","embeddable":true,"href":"https:\/\/greensolarvietnam.vn\/index.php?rest_route=%2Fwp%2Fv2%2Fproduct_tag&post=16756"}],"curies":[{"name":"wp","href":"https:\/\/api.w.org\/{rel}","templated":true}]}}