{"id":16758,"date":"2024-04-12T04:12:53","date_gmt":"2024-04-12T04:12:53","guid":{"rendered":"https:\/\/greensolarvietnam.vn\/?post_type=product&#038;p=16758"},"modified":"2024-04-12T04:12:53","modified_gmt":"2024-04-12T04:12:53","slug":"thiet-bi-quan-trac-may-thuy-binh-ls10","status":"publish","type":"product","link":"https:\/\/greensolarvietnam.vn\/?product=thiet-bi-quan-trac-may-thuy-binh-ls10","title":{"rendered":"THI\u1ebeT B\u1eca QUAN TR\u1eaeC \u2013 M\u00c1Y TH\u1ee6Y B\u00ccNH LS10"},"content":{"rendered":"<h2 id=\"tongquan\" class=\"heading_h2\">TH\u00d4NG S\u1ed0 K\u1ef8 THU\u1eacT<\/h2>\n<div class=\"content aaa\">\n<p>M\u00e3 s\u1ea3n ph\u1ea9m: LS10<br \/>\n\u0110o cao \u0111\u1ed9 \u0111i\u1ec7n t\u1eed: 0.3m.<br \/>\n\u0110o cao \u0111\u1ed9 b\u1eb1ng mia truy\u1ec1n th\u1ed1ng: 1.0mm.<br \/>\n\u0110o kho\u1ea3ng c\u00e1ch: 15mm t\u1ea1i 30m.<br \/>\nD\u1ea3i \u0111o ng\u1eafn nh\u1ea5t: 1.8m.<br \/>\nD\u1ea3i \u0111o xa nh\u1ea5t: 110m.<br \/>\nTh\u1eddi gian \u0111o: 2.5 gi\u00e2y.<br \/>\nD\u1ea3i b\u00f9: \u00b1 10\u2018.<br \/>\n\u0110\u1ed9 ch\u00ednh x\u00e1c: 0.3\u2033.<br \/>\n\u0110\u1ed9 nh\u1ea1y: &lt;1\u2033.<br \/>\nDung l\u01b0\u1ee3ng: 30.000 \u0111i\u1ec3m \u0111o.<br \/>\nTruy\u1ec1n d\u1eef li\u1ec7u: USB, Bluetooth.<br \/>\nM\u00e0n h\u00ecnh: M\u00e0n h\u00ecnh m\u00e0u c\u1ea3m \u1ee9ng 3.6 inch.<br \/>\nPh\u00f3ng \u0111\u1ea1i: 32X.<br \/>\nTi\u00eau c\u1ef1 nh\u1ecf nh\u1ea5t: 0.6m.<br \/>\nTr\u1ecdng l\u01b0\u1ee3ng: 3.7kg.<br \/>\nNhi\u1ec7t \u0111\u1ed9 ho\u1ea1t \u0111\u1ed9ng: -20 \u00b0C to +50 \u00b0C.<br \/>\nCh\u1ed1ng b\u1ee5i\/n\u01b0\u1edbc: IP55.<br \/>\nCh\u1ed1ng \u1ea9m: 95% kh\u00f4ng ng\u01b0ng t\u1ee5.<br \/>\nNgu\u1ed3n \u0111i\u1ec7n: Pin s\u1ea1c Lithium Ion<br \/>\nTh\u1eddi gian l\u00e0m vi\u1ec7c: 12h<\/p>\n<p>M\u00e1y th\u1ee7y b\u00ecnh Leica LS10\u00a0\u0111\u01b0\u1ee3c thi\u1ebft k\u1ebf nh\u1ecf g\u1ecdn, c\u1ee9ng c\u00e1p, \u1ed1ng k\u00ednh ch\u1ed1ng b\u1ee5i, v\u00e0 b\u1ed9 b\u00f9 c\u1ef1c nh\u1ea1y t\u0103ng \u0111\u1ed9 ch\u00ednh x\u00e1c. \u0110\u01b0\u1ee3c nghi\u00ean c\u1ee9u v\u00e0 s\u1ea3n xu\u1ea5t, tr\u00ean d\u00e2y truy\u1ec1n m\u00e1y m\u00f3c hi\u1ec7n \u0111\u1ea1i.<\/p>\n<\/div>\n","protected":false},"excerpt":{"rendered":"<p>M\u00e1y th\u1ee7y b\u00ecnh Leica LS10\u00a0\u0111\u01b0\u1ee3c thi\u1ebft k\u1ebf nh\u1ecf g\u1ecdn, c\u1ee9ng c\u00e1p, \u1ed1ng k\u00ednh ch\u1ed1ng b\u1ee5i, v\u00e0 b\u1ed9 b\u00f9 c\u1ef1c nh\u1ea1y t\u0103ng \u0111\u1ed9 ch\u00ednh x\u00e1c. \u0110\u01b0\u1ee3c nghi\u00ean c\u1ee9u v\u00e0 s\u1ea3n xu\u1ea5t, tr\u00ean d\u00e2y truy\u1ec1n m\u00e1y m\u00f3c hi\u1ec7n \u0111\u1ea1i.<\/p>\n","protected":false},"featured_media":16759,"comment_status":"closed","ping_status":"closed","template":"","meta":{"site-sidebar-layout":"default","site-content-layout":"default","ast-global-header-display":"","ast-main-header-display":"","ast-hfb-above-header-display":"","ast-hfb-below-header-display":"","ast-hfb-mobile-header-display":"","site-post-title":"","ast-breadcrumbs-content":"","ast-featured-img":"","footer-sml-layout":"","theme-transparent-header-meta":"default","adv-header-id-meta":"","stick-header-meta":"","header-above-stick-meta":"","header-main-stick-meta":"","header-below-stick-meta":""},"product_cat":[199],"product_tag":[],"class_list":{"0":"post-16758","1":"product","2":"type-product","3":"status-publish","4":"has-post-thumbnail","6":"product_cat-vat-tu-thiet-bi-cho-nha-may-nhiet-dien","8":"first","9":"instock","10":"shipping-taxable","11":"product-type-simple"},"yoast_head":"<!-- This site is optimized with the Yoast SEO Premium plugin v23.9 (Yoast SEO v24.4) - https:\/\/yoast.com\/wordpress\/plugins\/seo\/ -->\n<title>THI\u1ebeT B\u1eca QUAN TR\u1eaeC \u2013 M\u00c1Y TH\u1ee6Y B\u00ccNH LS10 - C\u00f4ng ty TNHH \u0111\u1ea7u t\u01b0 v\u00e0 c\u00f4ng ngh\u1ec7 Green Solar Vi\u1ec7t Nam<\/title>\n<meta name=\"robots\" content=\"index, follow, max-snippet:-1, max-image-preview:large, max-video-preview:-1\" \/>\n<link rel=\"canonical\" href=\"https:\/\/greensolarvietnam.vn\/?product=thiet-bi-quan-trac-may-thuy-binh-ls10\" \/>\n<meta property=\"og:locale\" content=\"vi_VN\" \/>\n<meta property=\"og:type\" content=\"article\" \/>\n<meta property=\"og:title\" content=\"THI\u1ebeT B\u1eca QUAN TR\u1eaeC \u2013 M\u00c1Y TH\u1ee6Y B\u00ccNH LS10\" \/>\n<meta property=\"og:description\" content=\"M\u00e1y th\u1ee7y b\u00ecnh Leica LS10\u00a0\u0111\u01b0\u1ee3c thi\u1ebft k\u1ebf nh\u1ecf g\u1ecdn, c\u1ee9ng c\u00e1p, \u1ed1ng k\u00ednh ch\u1ed1ng b\u1ee5i, v\u00e0 b\u1ed9 b\u00f9 c\u1ef1c nh\u1ea1y t\u0103ng \u0111\u1ed9 ch\u00ednh x\u00e1c. \u0110\u01b0\u1ee3c nghi\u00ean c\u1ee9u v\u00e0 s\u1ea3n xu\u1ea5t, tr\u00ean d\u00e2y truy\u1ec1n m\u00e1y m\u00f3c hi\u1ec7n \u0111\u1ea1i.\" \/>\n<meta property=\"og:url\" content=\"https:\/\/greensolarvietnam.vn\/?product=thiet-bi-quan-trac-may-thuy-binh-ls10\" \/>\n<meta property=\"og:site_name\" content=\"C\u00f4ng ty TNHH \u0111\u1ea7u t\u01b0 v\u00e0 c\u00f4ng ngh\u1ec7 Green Solar Vi\u1ec7t Nam\" \/>\n<meta property=\"og:image\" content=\"https:\/\/greensolarvietnam.vn\/wp-content\/uploads\/2024\/04\/May-thuy-binh-LS10.png\" \/>\n\t<meta property=\"og:image:width\" content=\"350\" \/>\n\t<meta property=\"og:image:height\" content=\"400\" \/>\n\t<meta property=\"og:image:type\" content=\"image\/png\" \/>\n<meta name=\"twitter:card\" content=\"summary_large_image\" \/>\n<meta name=\"twitter:label1\" content=\"\u01af\u1edbc t\u00ednh th\u1eddi gian \u0111\u1ecdc\" \/>\n\t<meta name=\"twitter:data1\" content=\"1 ph\u00fat\" \/>\n<script type=\"application\/ld+json\" class=\"yoast-schema-graph\">{\"@context\":\"https:\/\/schema.org\",\"@graph\":[{\"@type\":\"WebPage\",\"@id\":\"https:\/\/greensolarvietnam.vn\/?product=thiet-bi-quan-trac-may-thuy-binh-ls10\",\"url\":\"https:\/\/greensolarvietnam.vn\/?product=thiet-bi-quan-trac-may-thuy-binh-ls10\",\"name\":\"THI\u1ebeT B\u1eca QUAN TR\u1eaeC \u2013 M\u00c1Y TH\u1ee6Y B\u00ccNH LS10 - C\u00f4ng ty TNHH \u0111\u1ea7u t\u01b0 v\u00e0 c\u00f4ng ngh\u1ec7 Green Solar Vi\u1ec7t Nam\",\"isPartOf\":{\"@id\":\"https:\/\/greensolarvietnam.vn\/#website\"},\"primaryImageOfPage\":{\"@id\":\"https:\/\/greensolarvietnam.vn\/?product=thiet-bi-quan-trac-may-thuy-binh-ls10#primaryimage\"},\"image\":{\"@id\":\"https:\/\/greensolarvietnam.vn\/?product=thiet-bi-quan-trac-may-thuy-binh-ls10#primaryimage\"},\"thumbnailUrl\":\"https:\/\/greensolarvietnam.vn\/wp-content\/uploads\/2024\/04\/May-thuy-binh-LS10.png\",\"datePublished\":\"2024-04-12T04:12:53+00:00\",\"breadcrumb\":{\"@id\":\"https:\/\/greensolarvietnam.vn\/?product=thiet-bi-quan-trac-may-thuy-binh-ls10#breadcrumb\"},\"inLanguage\":\"vi\",\"potentialAction\":[{\"@type\":\"ReadAction\",\"target\":[\"https:\/\/greensolarvietnam.vn\/?product=thiet-bi-quan-trac-may-thuy-binh-ls10\"]}]},{\"@type\":\"ImageObject\",\"inLanguage\":\"vi\",\"@id\":\"https:\/\/greensolarvietnam.vn\/?product=thiet-bi-quan-trac-may-thuy-binh-ls10#primaryimage\",\"url\":\"https:\/\/greensolarvietnam.vn\/wp-content\/uploads\/2024\/04\/May-thuy-binh-LS10.png\",\"contentUrl\":\"https:\/\/greensolarvietnam.vn\/wp-content\/uploads\/2024\/04\/May-thuy-binh-LS10.png\",\"width\":350,\"height\":400},{\"@type\":\"BreadcrumbList\",\"@id\":\"https:\/\/greensolarvietnam.vn\/?product=thiet-bi-quan-trac-may-thuy-binh-ls10#breadcrumb\",\"itemListElement\":[{\"@type\":\"ListItem\",\"position\":1,\"name\":\"Trang ch\u1ee7\",\"item\":\"https:\/\/greensolarvietnam.vn\/\"},{\"@type\":\"ListItem\",\"position\":2,\"name\":\"S\u1ea3n ph\u1ea9m\",\"item\":\"https:\/\/greensolarvietnam.vn\/?post_type=product\"},{\"@type\":\"ListItem\",\"position\":3,\"name\":\"THI\u1ebeT B\u1eca QUAN TR\u1eaeC \u2013 M\u00c1Y TH\u1ee6Y B\u00ccNH LS10\"}]},{\"@type\":\"WebSite\",\"@id\":\"https:\/\/greensolarvietnam.vn\/#website\",\"url\":\"https:\/\/greensolarvietnam.vn\/\",\"name\":\"C\u00f4ng ty TNHH \u0111\u1ea7u t\u01b0 v\u00e0 c\u00f4ng ngh\u1ec7 Green Solar Vi\u1ec7t Nam\",\"description\":\"C\u00f4ng ty TNHH \u0111\u1ea7u t\u01b0 v\u00e0 c\u00f4ng ngh\u1ec7 Green Solar Vi\u1ec7t Nam\",\"publisher\":{\"@id\":\"https:\/\/greensolarvietnam.vn\/#organization\"},\"potentialAction\":[{\"@type\":\"SearchAction\",\"target\":{\"@type\":\"EntryPoint\",\"urlTemplate\":\"https:\/\/greensolarvietnam.vn\/?s={search_term_string}\"},\"query-input\":{\"@type\":\"PropertyValueSpecification\",\"valueRequired\":true,\"valueName\":\"search_term_string\"}}],\"inLanguage\":\"vi\"},{\"@type\":\"Organization\",\"@id\":\"https:\/\/greensolarvietnam.vn\/#organization\",\"name\":\"C\u00f4ng ty TNHH \u0111\u1ea7u t\u01b0 v\u00e0 c\u00f4ng ngh\u1ec7 Green Solar Vi\u1ec7t Nam\",\"url\":\"https:\/\/greensolarvietnam.vn\/\",\"logo\":{\"@type\":\"ImageObject\",\"inLanguage\":\"vi\",\"@id\":\"https:\/\/greensolarvietnam.vn\/#\/schema\/logo\/image\/\",\"url\":\"https:\/\/greensolarvietnam.vn\/wp-content\/uploads\/2025\/08\/cropped-cropped-cropped-Logo-163x68-1.png\",\"contentUrl\":\"https:\/\/greensolarvietnam.vn\/wp-content\/uploads\/2025\/08\/cropped-cropped-cropped-Logo-163x68-1.png\",\"width\":163,\"height\":55,\"caption\":\"C\u00f4ng ty TNHH \u0111\u1ea7u t\u01b0 v\u00e0 c\u00f4ng ngh\u1ec7 Green Solar Vi\u1ec7t Nam\"},\"image\":{\"@id\":\"https:\/\/greensolarvietnam.vn\/#\/schema\/logo\/image\/\"}}]}<\/script>\n<!-- \/ Yoast SEO Premium plugin. -->","yoast_head_json":{"title":"THI\u1ebeT B\u1eca QUAN TR\u1eaeC \u2013 M\u00c1Y TH\u1ee6Y B\u00ccNH LS10 - C\u00f4ng ty TNHH \u0111\u1ea7u t\u01b0 v\u00e0 c\u00f4ng ngh\u1ec7 Green Solar Vi\u1ec7t Nam","robots":{"index":"index","follow":"follow","max-snippet":"max-snippet:-1","max-image-preview":"max-image-preview:large","max-video-preview":"max-video-preview:-1"},"canonical":"https:\/\/greensolarvietnam.vn\/?product=thiet-bi-quan-trac-may-thuy-binh-ls10","og_locale":"vi_VN","og_type":"article","og_title":"THI\u1ebeT B\u1eca QUAN TR\u1eaeC \u2013 M\u00c1Y TH\u1ee6Y B\u00ccNH LS10","og_description":"M\u00e1y th\u1ee7y b\u00ecnh Leica LS10\u00a0\u0111\u01b0\u1ee3c thi\u1ebft k\u1ebf nh\u1ecf g\u1ecdn, c\u1ee9ng c\u00e1p, \u1ed1ng k\u00ednh ch\u1ed1ng b\u1ee5i, v\u00e0 b\u1ed9 b\u00f9 c\u1ef1c nh\u1ea1y t\u0103ng \u0111\u1ed9 ch\u00ednh x\u00e1c. \u0110\u01b0\u1ee3c nghi\u00ean c\u1ee9u v\u00e0 s\u1ea3n xu\u1ea5t, tr\u00ean d\u00e2y truy\u1ec1n m\u00e1y m\u00f3c hi\u1ec7n \u0111\u1ea1i.","og_url":"https:\/\/greensolarvietnam.vn\/?product=thiet-bi-quan-trac-may-thuy-binh-ls10","og_site_name":"C\u00f4ng ty TNHH \u0111\u1ea7u t\u01b0 v\u00e0 c\u00f4ng ngh\u1ec7 Green Solar Vi\u1ec7t Nam","og_image":[{"width":350,"height":400,"url":"https:\/\/greensolarvietnam.vn\/wp-content\/uploads\/2024\/04\/May-thuy-binh-LS10.png","type":"image\/png"}],"twitter_card":"summary_large_image","twitter_misc":{"\u01af\u1edbc t\u00ednh th\u1eddi gian \u0111\u1ecdc":"1 ph\u00fat"},"schema":{"@context":"https:\/\/schema.org","@graph":[{"@type":"WebPage","@id":"https:\/\/greensolarvietnam.vn\/?product=thiet-bi-quan-trac-may-thuy-binh-ls10","url":"https:\/\/greensolarvietnam.vn\/?product=thiet-bi-quan-trac-may-thuy-binh-ls10","name":"THI\u1ebeT B\u1eca QUAN TR\u1eaeC \u2013 M\u00c1Y TH\u1ee6Y B\u00ccNH LS10 - C\u00f4ng ty TNHH \u0111\u1ea7u t\u01b0 v\u00e0 c\u00f4ng ngh\u1ec7 Green Solar Vi\u1ec7t Nam","isPartOf":{"@id":"https:\/\/greensolarvietnam.vn\/#website"},"primaryImageOfPage":{"@id":"https:\/\/greensolarvietnam.vn\/?product=thiet-bi-quan-trac-may-thuy-binh-ls10#primaryimage"},"image":{"@id":"https:\/\/greensolarvietnam.vn\/?product=thiet-bi-quan-trac-may-thuy-binh-ls10#primaryimage"},"thumbnailUrl":"https:\/\/greensolarvietnam.vn\/wp-content\/uploads\/2024\/04\/May-thuy-binh-LS10.png","datePublished":"2024-04-12T04:12:53+00:00","breadcrumb":{"@id":"https:\/\/greensolarvietnam.vn\/?product=thiet-bi-quan-trac-may-thuy-binh-ls10#breadcrumb"},"inLanguage":"vi","potentialAction":[{"@type":"ReadAction","target":["https:\/\/greensolarvietnam.vn\/?product=thiet-bi-quan-trac-may-thuy-binh-ls10"]}]},{"@type":"ImageObject","inLanguage":"vi","@id":"https:\/\/greensolarvietnam.vn\/?product=thiet-bi-quan-trac-may-thuy-binh-ls10#primaryimage","url":"https:\/\/greensolarvietnam.vn\/wp-content\/uploads\/2024\/04\/May-thuy-binh-LS10.png","contentUrl":"https:\/\/greensolarvietnam.vn\/wp-content\/uploads\/2024\/04\/May-thuy-binh-LS10.png","width":350,"height":400},{"@type":"BreadcrumbList","@id":"https:\/\/greensolarvietnam.vn\/?product=thiet-bi-quan-trac-may-thuy-binh-ls10#breadcrumb","itemListElement":[{"@type":"ListItem","position":1,"name":"Trang ch\u1ee7","item":"https:\/\/greensolarvietnam.vn\/"},{"@type":"ListItem","position":2,"name":"S\u1ea3n ph\u1ea9m","item":"https:\/\/greensolarvietnam.vn\/?post_type=product"},{"@type":"ListItem","position":3,"name":"THI\u1ebeT B\u1eca QUAN TR\u1eaeC \u2013 M\u00c1Y TH\u1ee6Y B\u00ccNH LS10"}]},{"@type":"WebSite","@id":"https:\/\/greensolarvietnam.vn\/#website","url":"https:\/\/greensolarvietnam.vn\/","name":"C\u00f4ng ty TNHH \u0111\u1ea7u t\u01b0 v\u00e0 c\u00f4ng ngh\u1ec7 Green Solar Vi\u1ec7t Nam","description":"C\u00f4ng ty TNHH \u0111\u1ea7u t\u01b0 v\u00e0 c\u00f4ng ngh\u1ec7 Green Solar Vi\u1ec7t Nam","publisher":{"@id":"https:\/\/greensolarvietnam.vn\/#organization"},"potentialAction":[{"@type":"SearchAction","target":{"@type":"EntryPoint","urlTemplate":"https:\/\/greensolarvietnam.vn\/?s={search_term_string}"},"query-input":{"@type":"PropertyValueSpecification","valueRequired":true,"valueName":"search_term_string"}}],"inLanguage":"vi"},{"@type":"Organization","@id":"https:\/\/greensolarvietnam.vn\/#organization","name":"C\u00f4ng ty TNHH \u0111\u1ea7u t\u01b0 v\u00e0 c\u00f4ng ngh\u1ec7 Green Solar Vi\u1ec7t Nam","url":"https:\/\/greensolarvietnam.vn\/","logo":{"@type":"ImageObject","inLanguage":"vi","@id":"https:\/\/greensolarvietnam.vn\/#\/schema\/logo\/image\/","url":"https:\/\/greensolarvietnam.vn\/wp-content\/uploads\/2025\/08\/cropped-cropped-cropped-Logo-163x68-1.png","contentUrl":"https:\/\/greensolarvietnam.vn\/wp-content\/uploads\/2025\/08\/cropped-cropped-cropped-Logo-163x68-1.png","width":163,"height":55,"caption":"C\u00f4ng ty TNHH \u0111\u1ea7u t\u01b0 v\u00e0 c\u00f4ng ngh\u1ec7 Green Solar Vi\u1ec7t Nam"},"image":{"@id":"https:\/\/greensolarvietnam.vn\/#\/schema\/logo\/image\/"}}]}},"_links":{"self":[{"href":"https:\/\/greensolarvietnam.vn\/index.php?rest_route=\/wp\/v2\/product\/16758","targetHints":{"allow":["GET"]}}],"collection":[{"href":"https:\/\/greensolarvietnam.vn\/index.php?rest_route=\/wp\/v2\/product"}],"about":[{"href":"https:\/\/greensolarvietnam.vn\/index.php?rest_route=\/wp\/v2\/types\/product"}],"replies":[{"embeddable":true,"href":"https:\/\/greensolarvietnam.vn\/index.php?rest_route=%2Fwp%2Fv2%2Fcomments&post=16758"}],"wp:featuredmedia":[{"embeddable":true,"href":"https:\/\/greensolarvietnam.vn\/index.php?rest_route=\/wp\/v2\/media\/16759"}],"wp:attachment":[{"href":"https:\/\/greensolarvietnam.vn\/index.php?rest_route=%2Fwp%2Fv2%2Fmedia&parent=16758"}],"wp:term":[{"taxonomy":"product_cat","embeddable":true,"href":"https:\/\/greensolarvietnam.vn\/index.php?rest_route=%2Fwp%2Fv2%2Fproduct_cat&post=16758"},{"taxonomy":"product_tag","embeddable":true,"href":"https:\/\/greensolarvietnam.vn\/index.php?rest_route=%2Fwp%2Fv2%2Fproduct_tag&post=16758"}],"curies":[{"name":"wp","href":"https:\/\/api.w.org\/{rel}","templated":true}]}}