{"id":16760,"date":"2024-04-12T04:14:33","date_gmt":"2024-04-12T04:14:33","guid":{"rendered":"https:\/\/greensolarvietnam.vn\/?post_type=product&#038;p=16760"},"modified":"2024-04-12T04:14:34","modified_gmt":"2024-04-12T04:14:34","slug":"cong-to-dien-tu-3-pha-elster-a1700-510a","status":"publish","type":"product","link":"https:\/\/greensolarvietnam.vn\/?product=cong-to-dien-tu-3-pha-elster-a1700-510a","title":{"rendered":"C\u00d4NG T\u01a0 \u0110I\u1ec6N T\u1eec 3 PHA ELSTER A1700 5(10)A"},"content":{"rendered":"<h2 id=\"tongquan\" class=\"heading_h2\">TH\u00d4NG S\u1ed0 K\u1ef8 THU\u1eacT<\/h2>\n<div class=\"content aaa\">\n<p>M\u00e3 s\u1ea3n ph\u1ea9m :\u00a0PB3FAAGHT-5<\/p>\n<p>\u0110i\u1ec7n \u00e1p: (58\/100 \u00f7 240\/415)VAC<\/p>\n<p>D\u00f2ng \u0111i\u1ec7n: 5(10)A<\/p>\n<p>Ph\u1ea1m vi \u0111o l\u01b0\u1eddng: Giao\/nh\u1eadn kWh ; 4Q kVArh; kVAh<\/p>\n<p>C\u1ea5p ch\u00ednh x\u00e1c: 0,5s\/ 0.2s<\/p>\n<p>Hi\u1ec3n th\u1ecb v\u00e0 gi\u00e1m s\u00e1t c\u00e1c gi\u00e1 tr\u1ecb \u0111o: V, I, PF, W, VAr, VA\u2026<\/p>\n<p>T\u1ea7n s\u1ed1 : 50 Hz ho\u1eb7c 60 Hz<\/p>\n<p>C\u00e1c thanh ghi th\u1eddi gian s\u1eed d\u1ee5ng v\u1edbi c\u1ea5u tr\u00fac bi\u1ec3u gi\u00e1 linh ho\u1ea1t<\/p>\n<p>C\u00e1c thanh ghi bi\u1ec3u \u0111\u1ed3 ph\u1ee5 t\u1ea3i v\u1edbi th\u1eddi gian t\u00edch ph\u00e2n c\u00f3 th\u1ec3 l\u1eadp tr\u00ecnh (1\u00f760) ph\u00fat<\/p>\n<p>K\u00edch th\u01b0\u1edbc: 297mm x 170mm x 81mm<\/p>\n<p>Ti\u00eau chu\u1ea9n :\u00a0IEC 60068-2-6 v\u00e0 IEC 60068-2-75<\/p>\n<\/div>\n","protected":false},"excerpt":{"rendered":"<p>C\u00f4ng t\u01a1 \u0111i\u1ec7n t\u1eed 3 pha 3 gi\u00e1 Elster A1700 \u0111o \u0111\u1ebfm \u0111i\u1ec7n n\u0103ng gi\u00e1n ti\u1ebfp 5(10)A. Thanh ghi \u0111i\u1ec7n n\u0103ng nhi\u1ec1u bi\u1ec3u gi\u00e1. M\u00e0n h\u00ecnh hi\u1ec3n th\u1ecb ki\u1ec3u ma tr\u1eadn \u0111a \u0111i\u1ec3m v\u1edbi 2 h\u00e0ng. C\u00f3 2 khe c\u1eafm Module d\u00e0nh cho ch\u1ee9c n\u0103ng m\u1edf r\u1ed9ng v\u00e0 \u0111o \u0111\u1ebfm t\u1eeb xa<\/p>\n","protected":false},"featured_media":16761,"comment_status":"closed","ping_status":"closed","template":"","meta":{"site-sidebar-layout":"default","site-content-layout":"default","ast-global-header-display":"","ast-main-header-display":"","ast-hfb-above-header-display":"","ast-hfb-below-header-display":"","ast-hfb-mobile-header-display":"","site-post-title":"","ast-breadcrumbs-content":"","ast-featured-img":"","footer-sml-layout":"","theme-transparent-header-meta":"default","adv-header-id-meta":"","stick-header-meta":"","header-above-stick-meta":"","header-main-stick-meta":"","header-below-stick-meta":""},"product_cat":[199],"product_tag":[],"class_list":{"0":"post-16760","1":"product","2":"type-product","3":"status-publish","4":"has-post-thumbnail","6":"product_cat-vat-tu-thiet-bi-cho-nha-may-nhiet-dien","8":"first","9":"instock","10":"shipping-taxable","11":"product-type-simple"},"yoast_head":"<!-- This site is optimized with the Yoast SEO Premium plugin v23.9 (Yoast SEO v24.4) - https:\/\/yoast.com\/wordpress\/plugins\/seo\/ -->\n<title>C\u00d4NG T\u01a0 \u0110I\u1ec6N T\u1eec 3 PHA ELSTER A1700 5(10)A - C\u00f4ng ty TNHH \u0111\u1ea7u t\u01b0 v\u00e0 c\u00f4ng ngh\u1ec7 Green Solar Vi\u1ec7t Nam<\/title>\n<meta name=\"robots\" content=\"index, follow, max-snippet:-1, max-image-preview:large, max-video-preview:-1\" \/>\n<link rel=\"canonical\" href=\"https:\/\/greensolarvietnam.vn\/?product=cong-to-dien-tu-3-pha-elster-a1700-510a\" \/>\n<meta property=\"og:locale\" content=\"vi_VN\" \/>\n<meta property=\"og:type\" content=\"article\" \/>\n<meta property=\"og:title\" content=\"C\u00d4NG T\u01a0 \u0110I\u1ec6N T\u1eec 3 PHA ELSTER A1700 5(10)A\" \/>\n<meta property=\"og:description\" content=\"C\u00f4ng t\u01a1 \u0111i\u1ec7n t\u1eed 3 pha 3 gi\u00e1 Elster A1700 \u0111o \u0111\u1ebfm \u0111i\u1ec7n n\u0103ng gi\u00e1n ti\u1ebfp 5(10)A. Thanh ghi \u0111i\u1ec7n n\u0103ng nhi\u1ec1u bi\u1ec3u gi\u00e1. M\u00e0n h\u00ecnh hi\u1ec3n th\u1ecb ki\u1ec3u ma tr\u1eadn \u0111a \u0111i\u1ec3m v\u1edbi 2 h\u00e0ng. C\u00f3 2 khe c\u1eafm Module d\u00e0nh cho ch\u1ee9c n\u0103ng m\u1edf r\u1ed9ng v\u00e0 \u0111o \u0111\u1ebfm t\u1eeb xa\" \/>\n<meta property=\"og:url\" content=\"https:\/\/greensolarvietnam.vn\/?product=cong-to-dien-tu-3-pha-elster-a1700-510a\" \/>\n<meta property=\"og:site_name\" content=\"C\u00f4ng ty TNHH \u0111\u1ea7u t\u01b0 v\u00e0 c\u00f4ng ngh\u1ec7 Green Solar Vi\u1ec7t Nam\" \/>\n<meta property=\"article:modified_time\" content=\"2024-04-12T04:14:34+00:00\" \/>\n<meta property=\"og:image\" content=\"https:\/\/greensolarvietnam.vn\/wp-content\/uploads\/2024\/04\/Cong-To-Dien-Tu-3-Pha-Elster-A1700-510A.png\" \/>\n\t<meta property=\"og:image:width\" content=\"350\" \/>\n\t<meta property=\"og:image:height\" content=\"400\" \/>\n\t<meta property=\"og:image:type\" content=\"image\/png\" \/>\n<meta name=\"twitter:card\" content=\"summary_large_image\" \/>\n<meta name=\"twitter:label1\" content=\"\u01af\u1edbc t\u00ednh th\u1eddi gian \u0111\u1ecdc\" \/>\n\t<meta name=\"twitter:data1\" content=\"1 ph\u00fat\" \/>\n<script type=\"application\/ld+json\" class=\"yoast-schema-graph\">{\"@context\":\"https:\/\/schema.org\",\"@graph\":[{\"@type\":\"WebPage\",\"@id\":\"https:\/\/greensolarvietnam.vn\/?product=cong-to-dien-tu-3-pha-elster-a1700-510a\",\"url\":\"https:\/\/greensolarvietnam.vn\/?product=cong-to-dien-tu-3-pha-elster-a1700-510a\",\"name\":\"C\u00d4NG T\u01a0 \u0110I\u1ec6N T\u1eec 3 PHA ELSTER A1700 5(10)A - C\u00f4ng ty TNHH \u0111\u1ea7u t\u01b0 v\u00e0 c\u00f4ng ngh\u1ec7 Green Solar Vi\u1ec7t Nam\",\"isPartOf\":{\"@id\":\"https:\/\/greensolarvietnam.vn\/#website\"},\"primaryImageOfPage\":{\"@id\":\"https:\/\/greensolarvietnam.vn\/?product=cong-to-dien-tu-3-pha-elster-a1700-510a#primaryimage\"},\"image\":{\"@id\":\"https:\/\/greensolarvietnam.vn\/?product=cong-to-dien-tu-3-pha-elster-a1700-510a#primaryimage\"},\"thumbnailUrl\":\"https:\/\/greensolarvietnam.vn\/wp-content\/uploads\/2024\/04\/Cong-To-Dien-Tu-3-Pha-Elster-A1700-510A.png\",\"datePublished\":\"2024-04-12T04:14:33+00:00\",\"dateModified\":\"2024-04-12T04:14:34+00:00\",\"breadcrumb\":{\"@id\":\"https:\/\/greensolarvietnam.vn\/?product=cong-to-dien-tu-3-pha-elster-a1700-510a#breadcrumb\"},\"inLanguage\":\"vi\",\"potentialAction\":[{\"@type\":\"ReadAction\",\"target\":[\"https:\/\/greensolarvietnam.vn\/?product=cong-to-dien-tu-3-pha-elster-a1700-510a\"]}]},{\"@type\":\"ImageObject\",\"inLanguage\":\"vi\",\"@id\":\"https:\/\/greensolarvietnam.vn\/?product=cong-to-dien-tu-3-pha-elster-a1700-510a#primaryimage\",\"url\":\"https:\/\/greensolarvietnam.vn\/wp-content\/uploads\/2024\/04\/Cong-To-Dien-Tu-3-Pha-Elster-A1700-510A.png\",\"contentUrl\":\"https:\/\/greensolarvietnam.vn\/wp-content\/uploads\/2024\/04\/Cong-To-Dien-Tu-3-Pha-Elster-A1700-510A.png\",\"width\":350,\"height\":400},{\"@type\":\"BreadcrumbList\",\"@id\":\"https:\/\/greensolarvietnam.vn\/?product=cong-to-dien-tu-3-pha-elster-a1700-510a#breadcrumb\",\"itemListElement\":[{\"@type\":\"ListItem\",\"position\":1,\"name\":\"Trang ch\u1ee7\",\"item\":\"https:\/\/greensolarvietnam.vn\/\"},{\"@type\":\"ListItem\",\"position\":2,\"name\":\"S\u1ea3n ph\u1ea9m\",\"item\":\"https:\/\/greensolarvietnam.vn\/?post_type=product\"},{\"@type\":\"ListItem\",\"position\":3,\"name\":\"C\u00d4NG T\u01a0 \u0110I\u1ec6N T\u1eec 3 PHA ELSTER A1700 5(10)A\"}]},{\"@type\":\"WebSite\",\"@id\":\"https:\/\/greensolarvietnam.vn\/#website\",\"url\":\"https:\/\/greensolarvietnam.vn\/\",\"name\":\"C\u00f4ng ty TNHH \u0111\u1ea7u t\u01b0 v\u00e0 c\u00f4ng ngh\u1ec7 Green Solar Vi\u1ec7t Nam\",\"description\":\"C\u00f4ng ty TNHH \u0111\u1ea7u t\u01b0 v\u00e0 c\u00f4ng ngh\u1ec7 Green Solar Vi\u1ec7t Nam\",\"publisher\":{\"@id\":\"https:\/\/greensolarvietnam.vn\/#organization\"},\"potentialAction\":[{\"@type\":\"SearchAction\",\"target\":{\"@type\":\"EntryPoint\",\"urlTemplate\":\"https:\/\/greensolarvietnam.vn\/?s={search_term_string}\"},\"query-input\":{\"@type\":\"PropertyValueSpecification\",\"valueRequired\":true,\"valueName\":\"search_term_string\"}}],\"inLanguage\":\"vi\"},{\"@type\":\"Organization\",\"@id\":\"https:\/\/greensolarvietnam.vn\/#organization\",\"name\":\"C\u00f4ng ty TNHH \u0111\u1ea7u t\u01b0 v\u00e0 c\u00f4ng ngh\u1ec7 Green Solar Vi\u1ec7t Nam\",\"url\":\"https:\/\/greensolarvietnam.vn\/\",\"logo\":{\"@type\":\"ImageObject\",\"inLanguage\":\"vi\",\"@id\":\"https:\/\/greensolarvietnam.vn\/#\/schema\/logo\/image\/\",\"url\":\"https:\/\/greensolarvietnam.vn\/wp-content\/uploads\/2025\/08\/cropped-cropped-cropped-Logo-163x68-1.png\",\"contentUrl\":\"https:\/\/greensolarvietnam.vn\/wp-content\/uploads\/2025\/08\/cropped-cropped-cropped-Logo-163x68-1.png\",\"width\":163,\"height\":55,\"caption\":\"C\u00f4ng ty TNHH \u0111\u1ea7u t\u01b0 v\u00e0 c\u00f4ng ngh\u1ec7 Green Solar Vi\u1ec7t Nam\"},\"image\":{\"@id\":\"https:\/\/greensolarvietnam.vn\/#\/schema\/logo\/image\/\"}}]}<\/script>\n<!-- \/ Yoast SEO Premium plugin. -->","yoast_head_json":{"title":"C\u00d4NG T\u01a0 \u0110I\u1ec6N T\u1eec 3 PHA ELSTER A1700 5(10)A - C\u00f4ng ty TNHH \u0111\u1ea7u t\u01b0 v\u00e0 c\u00f4ng ngh\u1ec7 Green Solar Vi\u1ec7t Nam","robots":{"index":"index","follow":"follow","max-snippet":"max-snippet:-1","max-image-preview":"max-image-preview:large","max-video-preview":"max-video-preview:-1"},"canonical":"https:\/\/greensolarvietnam.vn\/?product=cong-to-dien-tu-3-pha-elster-a1700-510a","og_locale":"vi_VN","og_type":"article","og_title":"C\u00d4NG T\u01a0 \u0110I\u1ec6N T\u1eec 3 PHA ELSTER A1700 5(10)A","og_description":"C\u00f4ng t\u01a1 \u0111i\u1ec7n t\u1eed 3 pha 3 gi\u00e1 Elster A1700 \u0111o \u0111\u1ebfm \u0111i\u1ec7n n\u0103ng gi\u00e1n ti\u1ebfp 5(10)A. Thanh ghi \u0111i\u1ec7n n\u0103ng nhi\u1ec1u bi\u1ec3u gi\u00e1. M\u00e0n h\u00ecnh hi\u1ec3n th\u1ecb ki\u1ec3u ma tr\u1eadn \u0111a \u0111i\u1ec3m v\u1edbi 2 h\u00e0ng. C\u00f3 2 khe c\u1eafm Module d\u00e0nh cho ch\u1ee9c n\u0103ng m\u1edf r\u1ed9ng v\u00e0 \u0111o \u0111\u1ebfm t\u1eeb xa","og_url":"https:\/\/greensolarvietnam.vn\/?product=cong-to-dien-tu-3-pha-elster-a1700-510a","og_site_name":"C\u00f4ng ty TNHH \u0111\u1ea7u t\u01b0 v\u00e0 c\u00f4ng ngh\u1ec7 Green Solar Vi\u1ec7t Nam","article_modified_time":"2024-04-12T04:14:34+00:00","og_image":[{"width":350,"height":400,"url":"https:\/\/greensolarvietnam.vn\/wp-content\/uploads\/2024\/04\/Cong-To-Dien-Tu-3-Pha-Elster-A1700-510A.png","type":"image\/png"}],"twitter_card":"summary_large_image","twitter_misc":{"\u01af\u1edbc t\u00ednh th\u1eddi gian \u0111\u1ecdc":"1 ph\u00fat"},"schema":{"@context":"https:\/\/schema.org","@graph":[{"@type":"WebPage","@id":"https:\/\/greensolarvietnam.vn\/?product=cong-to-dien-tu-3-pha-elster-a1700-510a","url":"https:\/\/greensolarvietnam.vn\/?product=cong-to-dien-tu-3-pha-elster-a1700-510a","name":"C\u00d4NG T\u01a0 \u0110I\u1ec6N T\u1eec 3 PHA ELSTER A1700 5(10)A - C\u00f4ng ty TNHH \u0111\u1ea7u t\u01b0 v\u00e0 c\u00f4ng ngh\u1ec7 Green Solar Vi\u1ec7t Nam","isPartOf":{"@id":"https:\/\/greensolarvietnam.vn\/#website"},"primaryImageOfPage":{"@id":"https:\/\/greensolarvietnam.vn\/?product=cong-to-dien-tu-3-pha-elster-a1700-510a#primaryimage"},"image":{"@id":"https:\/\/greensolarvietnam.vn\/?product=cong-to-dien-tu-3-pha-elster-a1700-510a#primaryimage"},"thumbnailUrl":"https:\/\/greensolarvietnam.vn\/wp-content\/uploads\/2024\/04\/Cong-To-Dien-Tu-3-Pha-Elster-A1700-510A.png","datePublished":"2024-04-12T04:14:33+00:00","dateModified":"2024-04-12T04:14:34+00:00","breadcrumb":{"@id":"https:\/\/greensolarvietnam.vn\/?product=cong-to-dien-tu-3-pha-elster-a1700-510a#breadcrumb"},"inLanguage":"vi","potentialAction":[{"@type":"ReadAction","target":["https:\/\/greensolarvietnam.vn\/?product=cong-to-dien-tu-3-pha-elster-a1700-510a"]}]},{"@type":"ImageObject","inLanguage":"vi","@id":"https:\/\/greensolarvietnam.vn\/?product=cong-to-dien-tu-3-pha-elster-a1700-510a#primaryimage","url":"https:\/\/greensolarvietnam.vn\/wp-content\/uploads\/2024\/04\/Cong-To-Dien-Tu-3-Pha-Elster-A1700-510A.png","contentUrl":"https:\/\/greensolarvietnam.vn\/wp-content\/uploads\/2024\/04\/Cong-To-Dien-Tu-3-Pha-Elster-A1700-510A.png","width":350,"height":400},{"@type":"BreadcrumbList","@id":"https:\/\/greensolarvietnam.vn\/?product=cong-to-dien-tu-3-pha-elster-a1700-510a#breadcrumb","itemListElement":[{"@type":"ListItem","position":1,"name":"Trang ch\u1ee7","item":"https:\/\/greensolarvietnam.vn\/"},{"@type":"ListItem","position":2,"name":"S\u1ea3n ph\u1ea9m","item":"https:\/\/greensolarvietnam.vn\/?post_type=product"},{"@type":"ListItem","position":3,"name":"C\u00d4NG T\u01a0 \u0110I\u1ec6N T\u1eec 3 PHA ELSTER A1700 5(10)A"}]},{"@type":"WebSite","@id":"https:\/\/greensolarvietnam.vn\/#website","url":"https:\/\/greensolarvietnam.vn\/","name":"C\u00f4ng ty TNHH \u0111\u1ea7u t\u01b0 v\u00e0 c\u00f4ng ngh\u1ec7 Green Solar Vi\u1ec7t Nam","description":"C\u00f4ng ty TNHH \u0111\u1ea7u t\u01b0 v\u00e0 c\u00f4ng ngh\u1ec7 Green Solar Vi\u1ec7t Nam","publisher":{"@id":"https:\/\/greensolarvietnam.vn\/#organization"},"potentialAction":[{"@type":"SearchAction","target":{"@type":"EntryPoint","urlTemplate":"https:\/\/greensolarvietnam.vn\/?s={search_term_string}"},"query-input":{"@type":"PropertyValueSpecification","valueRequired":true,"valueName":"search_term_string"}}],"inLanguage":"vi"},{"@type":"Organization","@id":"https:\/\/greensolarvietnam.vn\/#organization","name":"C\u00f4ng ty TNHH \u0111\u1ea7u t\u01b0 v\u00e0 c\u00f4ng ngh\u1ec7 Green Solar Vi\u1ec7t Nam","url":"https:\/\/greensolarvietnam.vn\/","logo":{"@type":"ImageObject","inLanguage":"vi","@id":"https:\/\/greensolarvietnam.vn\/#\/schema\/logo\/image\/","url":"https:\/\/greensolarvietnam.vn\/wp-content\/uploads\/2025\/08\/cropped-cropped-cropped-Logo-163x68-1.png","contentUrl":"https:\/\/greensolarvietnam.vn\/wp-content\/uploads\/2025\/08\/cropped-cropped-cropped-Logo-163x68-1.png","width":163,"height":55,"caption":"C\u00f4ng ty TNHH \u0111\u1ea7u t\u01b0 v\u00e0 c\u00f4ng ngh\u1ec7 Green Solar Vi\u1ec7t Nam"},"image":{"@id":"https:\/\/greensolarvietnam.vn\/#\/schema\/logo\/image\/"}}]}},"_links":{"self":[{"href":"https:\/\/greensolarvietnam.vn\/index.php?rest_route=\/wp\/v2\/product\/16760","targetHints":{"allow":["GET"]}}],"collection":[{"href":"https:\/\/greensolarvietnam.vn\/index.php?rest_route=\/wp\/v2\/product"}],"about":[{"href":"https:\/\/greensolarvietnam.vn\/index.php?rest_route=\/wp\/v2\/types\/product"}],"replies":[{"embeddable":true,"href":"https:\/\/greensolarvietnam.vn\/index.php?rest_route=%2Fwp%2Fv2%2Fcomments&post=16760"}],"wp:featuredmedia":[{"embeddable":true,"href":"https:\/\/greensolarvietnam.vn\/index.php?rest_route=\/wp\/v2\/media\/16761"}],"wp:attachment":[{"href":"https:\/\/greensolarvietnam.vn\/index.php?rest_route=%2Fwp%2Fv2%2Fmedia&parent=16760"}],"wp:term":[{"taxonomy":"product_cat","embeddable":true,"href":"https:\/\/greensolarvietnam.vn\/index.php?rest_route=%2Fwp%2Fv2%2Fproduct_cat&post=16760"},{"taxonomy":"product_tag","embeddable":true,"href":"https:\/\/greensolarvietnam.vn\/index.php?rest_route=%2Fwp%2Fv2%2Fproduct_tag&post=16760"}],"curies":[{"name":"wp","href":"https:\/\/api.w.org\/{rel}","templated":true}]}}