{"id":16768,"date":"2024-04-12T04:27:02","date_gmt":"2024-04-12T04:27:02","guid":{"rendered":"https:\/\/greensolarvietnam.vn\/?post_type=product&#038;p=16768"},"modified":"2024-04-12T04:32:28","modified_gmt":"2024-04-12T04:32:28","slug":"cam-bien-do-nhiet-do-cs250dm","status":"publish","type":"product","link":"https:\/\/greensolarvietnam.vn\/?product=cam-bien-do-nhiet-do-cs250dm","title":{"rendered":"C\u1ea2M BI\u1ebeN \u0110O NHI\u1ec6T \u0110\u1ed8 CS250DM"},"content":{"rendered":"<p>Th\u00f4ng S\u1ed1 K\u1ef9 Thu\u1eadt CS250DM<\/p>\n<p>T\u00ean s\u1ea3n ph\u1ea9m<br \/>\nCS250DM<br \/>\n\u0110o l\u01b0\u1eddng kh\u00f4ng ch\u1eafc ch\u1eafn<br \/>\n\u00b10,3\u00b0C<br \/>\nV\u1eadt li\u1ec7u th\u00e2n<br \/>\nV\u1ecf th\u00e9p kh\u00f4ng g\u1ec9 316L<br \/>\nCh\u1ed1ng s\u00e9t lan truy\u1ec1n<br \/>\nc\u00e1ch ly 1200 V<br \/>\nCung c\u1ea5p hi\u00ea\u0323u \u0111i\u00ea\u0323n th\u1ebf<br \/>\n5 \u0111\u1ebfn 30 Vdc<br \/>\nD\u00f2ng \u0111i\u1ec7n ho\u1ea1t \u0111\u1ed9ng<br \/>\n15mA<br \/>\nH\u1ec7 s\u1ed1 nhi\u1ec7t \u0111\u1ed9<br \/>\nTCR = 3850 ph\u1ea7n tri\u1ec7u\/K<br \/>\n\u0110\u01b0\u1eddng k\u00ednh g\u1ed1c<br \/>\n0,32 cm (0,125 in.)<br \/>\nChi\u1ec1u d\u00e0i th\u00e2n t\u1ed5ng th\u1ec3<br \/>\n6,35 cm (2,5 in&gt;0<br \/>\nK\u00edch th\u01b0\u1edbc c\u1ea3m bi\u1ebfn<br \/>\n17,15 x 11,13 x 6,05 cm (6,75 x 4,38 x 2,38 inch)<br \/>\nTr\u1ecdng l\u01b0\u1ee3ng c\u1ea3m bi\u1ebfn<br \/>\n90,7 g (0,2 lb)<br \/>\nC\u1ea3m bi\u1ebfn<br \/>\n\u0110\u1ed9 ch\u00ednh x\u00e1c<br \/>\n1000 ohm B\u1ea1ch kim Class A (Pt 1000)<br \/>\nCh\u00ednh x\u00e1c<br \/>\n\u00b1(0,15 + 0,002T)\u00b0C<br \/>\nS\u1ef1 \u1ed5n \u0111\u1ecbnh l\u00e2u d\u00e0i<br \/>\n\u0110\u1ed9 tr\u00f4i Ro t\u1ed1i \u0111a = 0,04% sau 1000 gi\u1edd \u1edf 400\u00b0C<br \/>\nPh\u1ea1m vi nhi\u1ec7t \u0111\u1ed9 \u0111o l\u01b0\u1eddng<br \/>\n\u201375\u00b0 \u0111\u1ebfn +250\u00b0C<br \/>\nTh\u1eddi gian c\u1ed1 \u0111\u1ecbnh<br \/>\n15 gi\u00e2y v\u1edbi t\u1ed1c \u0111\u1ed9 gi\u00f3 5 m\/s<br \/>\nTruy\u1ec1n th\u00f4ng<br \/>\nGiao th\u1ee9c<br \/>\nGiao th\u1ee9c Modbus RTU (qua RS-485)<br \/>\nS\u1ef1 s\u1eafp x\u1ebfp<br \/>\n8 data bits, 1 stop bit<br \/>\nT\u1ed1c \u0111\u1ed9 truy\u1ec1n<br \/>\n19.200 bps l\u00e0m m\u1eb7c \u0111\u1ecbnh (ng\u01b0\u1eddi d\u00f9ng c\u00f3 th\u1ec3 \u0111\u1ecbnh c\u1ea5u h\u00ecnh)<br \/>\nModbus ID<br \/>\nHai ch\u1eef s\u1ed1 cu\u1ed1i c\u1ee7a s\u1ed1 s\u00ea-ri l\u00e0 m\u1eb7c \u0111\u1ecbnh (ng\u01b0\u1eddi d\u00f9ng c\u00f3 th\u1ec3 \u0111\u1ecbnh c\u1ea5u h\u00ecnh)<br \/>\nC\u00e1p (\u0110\u1ea7u c\u1ea3m bi\u1ebfn \u0111\u1ebfn B\u1ea3ng DM)<\/p>\n<p>K\u00edch th\u01b0\u1edbc v\u00e0 lo\u1ea1i d\u00e2y<br \/>\n\u0110\u1ed3ng 24 AWG (7\/32,RT38)<br \/>\nLo\u1ea1i c\u00e1ch nhi\u1ec7t<br \/>\nPFA c\u00e1ch \u0111i\u1ec7n (Teflon\u00ae)<br \/>\nX\u1ebfp h\u1ea1ng c\u00e1ch nhi\u1ec7t<br \/>\n\u201375\u00b0 \u0111\u1ebfn +250\u00b0C<br \/>\nV\u1ecf b\u1ecdc<br \/>\nV\u1ecf b\u1ecdc PFA m\u1ecfng t\u1ed5ng th\u1ec3<br \/>\nS\u1ed1 l\u00f5i<br \/>\n3<br \/>\nT\u00ednh ch\u1ea5t v\u1eadt l\u00fd<br \/>\nCh\u1ed1ng m\u00e0i m\u00f2n v\u00e0 ch\u1ed1ng \u1ea9m t\u1ed1t<br \/>\n\u0110\u01b0\u1eddng k\u00ednh t\u1ed5ng th\u1ec3<br \/>\n2,1 mm (0,08 inch)<br \/>\nC\u00e1p (B\u1ea3ng DM \u0111\u1ebfn PT)<\/p>\n<p>K\u00edch th\u01b0\u1edbc v\u00e0 lo\u1ea1i d\u00e2y<br \/>\n\u0110\u1ed3ng \u0111\u00f3ng h\u1ed9p 24 AWG (7\/32)<br \/>\nLo\u1ea1i c\u00e1ch nhi\u1ec7t<br \/>\nPVC<br \/>\nUL<br \/>\nAWM 10012 1000V 105\u00b0C<br \/>\nV\u1ecf b\u1ecdc<br \/>\nPolypropylene s\u1ee3i theo y\u00eau c\u1ea7u \u0111\u1ec3 x\u00e2y d\u1ef1ng tr\u00f2n th\u1ed1ng nh\u1ea5t<br \/>\nLo\u1ea1i<br \/>\n24 AWG (7\/32) (d\u00e2y c\u00e1p, gi\u1ea5y b\u1ea1c ch\u1ea1m)<br \/>\nB\u1ea3o v\u1ec7<br \/>\nNh\u00f4m\/Mylar (\u0111\u1ed9 che ph\u1ee7 100%, ch\u1ed3ng ch\u00e9o t\u1ed1i thi\u1ec3u 25%, m\u1eb7t gi\u1ea5y b\u1ea1c h\u01b0\u1edbng v\u00e0o trong)<br \/>\n\u0110\u01b0\u1eddng k\u00ednh d\u00e2y danh ngh\u0129a<br \/>\n0,61 mm (0,024 inch)<br \/>\nT\u00ednh n\u0103ng \u0111\u1eb7c bi\u1ec7t c\u1ee7a CS250DM<\/p>\n<p>\u0110\u1ed9 ch\u00ednh x\u00e1c v\u00e0 \u0111\u1ed9 ch\u00ednh x\u00e1c cao<br \/>\nV\u01b0\u1ee3t ti\u00eau chu\u1ea9n IEC 61724-1 v\u1ec1 \u0111o nhi\u1ec7t \u0111\u1ed9 kh\u00f4ng kh\u00ed xung quanh<br \/>\nV\u01b0\u1ee3t qu\u00e1 ti\u00eau chu\u1ea9n EPA cho c\u00e1c ph\u00e9p \u0111o \u0394T<br \/>\n\u0110\u1ea7u ra Modbus RS-485 k\u1ef9 thu\u1eadt s\u1ed1 \u0111\u1ea3m b\u1ea3o ch\u1ea5t l\u01b0\u1ee3ng d\u1eef li\u1ec7u tr\u00ean chi\u1ec1u d\u00e0i c\u00e1p d\u00e0i<br \/>\nKh\u1ea3 n\u0103ng ch\u1ed1ng \u1ed3n v\u00e0 c\u00e1ch ly t\u1ed1t nh\u1ea5t trong ph\u00e2n kh\u00fac \u0111\u00e1p \u1ee9ng ti\u00eau chu\u1ea9n IEC Class 4<br \/>\nGi\u1ea5y ch\u1ee9ng nh\u1eadn hi\u1ec7u chu\u1ea9n theo s\u1ed1 s\u00ea-ri, c\u00f3 th\u1ec3 theo d\u00f5i c\u1ee7a NIST \u0111\u01b0\u1ee3c cung c\u1ea5p c\u00f9ng v\u1edbi m\u1ecdi c\u1ea3m bi\u1ebfn<\/p>\n","protected":false},"excerpt":{"rendered":"<p>CS250DM l\u00e0 c\u1ea3m bi\u1ebfn \u0111o nhi\u1ec7t \u0111\u1ed9 kh\u00f4ng kh\u00ed Pt-1000 Class-A \u0111\u1ec3 ph\u00e2n t\u00edch \u0111\u1ed9 d\u1ed1c nhi\u1ec7t \u0111\u1ed9 v\u00e0 \u0111\u1ed9 \u1ed5n \u0111\u1ecbnh. C\u1ea3m bi\u1ebfn n\u00e0y cung c\u1ea5p d\u1eef li\u1ec7u nhi\u1ec7t \u0111\u1ed9 kh\u00f4ng kh\u00ed c\u1ef1c k\u1ef3 ch\u00ednh x\u00e1c v\u00e0 c\u1ea7n thi\u1ebft cho c\u00e1c \u1ee9ng d\u1ee5ng gi\u00e1m s\u00e1t n\u0103ng l\u01b0\u1ee3ng m\u1eb7t tr\u1eddi Class A theo ti\u00eau chu\u1ea9n IEC 61724 v\u00e0 t\u00ednh to\u00e1n Nhi\u1ec7t \u0111\u1ed9 Delta (\u0394T). N\u00f3 c\u0169ng bao g\u1ed3m \u0111\u1ea7u ra Modbus RS-485 k\u1ef9 thu\u1eadt s\u1ed1, \u0111\u1ea3m b\u1ea3o ch\u1ea5t l\u01b0\u1ee3ng d\u1eef li\u1ec7u tr\u00ean chi\u1ec1u d\u00e0i c\u00e1p d\u00e0i.<\/p>\n","protected":false},"featured_media":16769,"comment_status":"closed","ping_status":"closed","template":"","meta":{"site-sidebar-layout":"default","site-content-layout":"default","ast-global-header-display":"","ast-main-header-display":"","ast-hfb-above-header-display":"","ast-hfb-below-header-display":"","ast-hfb-mobile-header-display":"","site-post-title":"","ast-breadcrumbs-content":"","ast-featured-img":"","footer-sml-layout":"","theme-transparent-header-meta":"default","adv-header-id-meta":"","stick-header-meta":"","header-above-stick-meta":"","header-main-stick-meta":"","header-below-stick-meta":""},"product_cat":[200],"product_tag":[],"class_list":{"0":"post-16768","1":"product","2":"type-product","3":"status-publish","4":"has-post-thumbnail","6":"product_cat-vat-tu-thiet-bi-cho-nha-may-nltt","8":"first","9":"instock","10":"shipping-taxable","11":"product-type-simple"},"yoast_head":"<!-- This site is optimized with the Yoast SEO Premium plugin v23.9 (Yoast SEO v24.4) - https:\/\/yoast.com\/wordpress\/plugins\/seo\/ -->\n<title>C\u1ea2M BI\u1ebeN \u0110O NHI\u1ec6T \u0110\u1ed8 CS250DM - C\u00f4ng ty TNHH \u0111\u1ea7u t\u01b0 v\u00e0 c\u00f4ng ngh\u1ec7 Green Solar Vi\u1ec7t Nam<\/title>\n<meta name=\"robots\" content=\"index, follow, max-snippet:-1, max-image-preview:large, max-video-preview:-1\" \/>\n<link rel=\"canonical\" href=\"https:\/\/greensolarvietnam.vn\/?product=cam-bien-do-nhiet-do-cs250dm\" \/>\n<meta property=\"og:locale\" content=\"vi_VN\" \/>\n<meta property=\"og:type\" content=\"article\" \/>\n<meta property=\"og:title\" content=\"C\u1ea2M BI\u1ebeN \u0110O NHI\u1ec6T \u0110\u1ed8 CS250DM\" \/>\n<meta property=\"og:description\" content=\"CS250DM l\u00e0 c\u1ea3m bi\u1ebfn \u0111o nhi\u1ec7t \u0111\u1ed9 kh\u00f4ng kh\u00ed Pt-1000 Class-A \u0111\u1ec3 ph\u00e2n t\u00edch \u0111\u1ed9 d\u1ed1c nhi\u1ec7t \u0111\u1ed9 v\u00e0 \u0111\u1ed9 \u1ed5n \u0111\u1ecbnh. C\u1ea3m bi\u1ebfn n\u00e0y cung c\u1ea5p d\u1eef li\u1ec7u nhi\u1ec7t \u0111\u1ed9 kh\u00f4ng kh\u00ed c\u1ef1c k\u1ef3 ch\u00ednh x\u00e1c v\u00e0 c\u1ea7n thi\u1ebft cho c\u00e1c \u1ee9ng d\u1ee5ng gi\u00e1m s\u00e1t n\u0103ng l\u01b0\u1ee3ng m\u1eb7t tr\u1eddi Class A theo ti\u00eau chu\u1ea9n IEC 61724 v\u00e0 t\u00ednh to\u00e1n Nhi\u1ec7t \u0111\u1ed9 Delta (\u0394T). N\u00f3 c\u0169ng bao g\u1ed3m \u0111\u1ea7u ra Modbus RS-485 k\u1ef9 thu\u1eadt s\u1ed1, \u0111\u1ea3m b\u1ea3o ch\u1ea5t l\u01b0\u1ee3ng d\u1eef li\u1ec7u tr\u00ean chi\u1ec1u d\u00e0i c\u00e1p d\u00e0i.\" \/>\n<meta property=\"og:url\" content=\"https:\/\/greensolarvietnam.vn\/?product=cam-bien-do-nhiet-do-cs250dm\" \/>\n<meta property=\"og:site_name\" content=\"C\u00f4ng ty TNHH \u0111\u1ea7u t\u01b0 v\u00e0 c\u00f4ng ngh\u1ec7 Green Solar Vi\u1ec7t Nam\" \/>\n<meta property=\"article:modified_time\" content=\"2024-04-12T04:32:28+00:00\" \/>\n<meta property=\"og:image\" content=\"https:\/\/greensolarvietnam.vn\/wp-content\/uploads\/2024\/04\/Cs250DM-2.jpg\" \/>\n\t<meta property=\"og:image:width\" content=\"579\" \/>\n\t<meta property=\"og:image:height\" content=\"295\" \/>\n\t<meta property=\"og:image:type\" content=\"image\/jpeg\" \/>\n<meta name=\"twitter:card\" content=\"summary_large_image\" \/>\n<meta name=\"twitter:label1\" content=\"\u01af\u1edbc t\u00ednh th\u1eddi gian \u0111\u1ecdc\" \/>\n\t<meta name=\"twitter:data1\" content=\"3 ph\u00fat\" \/>\n<script type=\"application\/ld+json\" class=\"yoast-schema-graph\">{\"@context\":\"https:\/\/schema.org\",\"@graph\":[{\"@type\":\"WebPage\",\"@id\":\"https:\/\/greensolarvietnam.vn\/?product=cam-bien-do-nhiet-do-cs250dm\",\"url\":\"https:\/\/greensolarvietnam.vn\/?product=cam-bien-do-nhiet-do-cs250dm\",\"name\":\"C\u1ea2M BI\u1ebeN \u0110O NHI\u1ec6T \u0110\u1ed8 CS250DM - C\u00f4ng ty TNHH \u0111\u1ea7u t\u01b0 v\u00e0 c\u00f4ng ngh\u1ec7 Green Solar Vi\u1ec7t Nam\",\"isPartOf\":{\"@id\":\"https:\/\/greensolarvietnam.vn\/#website\"},\"primaryImageOfPage\":{\"@id\":\"https:\/\/greensolarvietnam.vn\/?product=cam-bien-do-nhiet-do-cs250dm#primaryimage\"},\"image\":{\"@id\":\"https:\/\/greensolarvietnam.vn\/?product=cam-bien-do-nhiet-do-cs250dm#primaryimage\"},\"thumbnailUrl\":\"https:\/\/greensolarvietnam.vn\/wp-content\/uploads\/2024\/04\/Cs250DM-2.jpg\",\"datePublished\":\"2024-04-12T04:27:02+00:00\",\"dateModified\":\"2024-04-12T04:32:28+00:00\",\"breadcrumb\":{\"@id\":\"https:\/\/greensolarvietnam.vn\/?product=cam-bien-do-nhiet-do-cs250dm#breadcrumb\"},\"inLanguage\":\"vi\",\"potentialAction\":[{\"@type\":\"ReadAction\",\"target\":[\"https:\/\/greensolarvietnam.vn\/?product=cam-bien-do-nhiet-do-cs250dm\"]}]},{\"@type\":\"ImageObject\",\"inLanguage\":\"vi\",\"@id\":\"https:\/\/greensolarvietnam.vn\/?product=cam-bien-do-nhiet-do-cs250dm#primaryimage\",\"url\":\"https:\/\/greensolarvietnam.vn\/wp-content\/uploads\/2024\/04\/Cs250DM-2.jpg\",\"contentUrl\":\"https:\/\/greensolarvietnam.vn\/wp-content\/uploads\/2024\/04\/Cs250DM-2.jpg\",\"width\":579,\"height\":295},{\"@type\":\"BreadcrumbList\",\"@id\":\"https:\/\/greensolarvietnam.vn\/?product=cam-bien-do-nhiet-do-cs250dm#breadcrumb\",\"itemListElement\":[{\"@type\":\"ListItem\",\"position\":1,\"name\":\"Trang ch\u1ee7\",\"item\":\"https:\/\/greensolarvietnam.vn\/\"},{\"@type\":\"ListItem\",\"position\":2,\"name\":\"S\u1ea3n ph\u1ea9m\",\"item\":\"https:\/\/greensolarvietnam.vn\/?post_type=product\"},{\"@type\":\"ListItem\",\"position\":3,\"name\":\"C\u1ea2M BI\u1ebeN \u0110O NHI\u1ec6T \u0110\u1ed8 CS250DM\"}]},{\"@type\":\"WebSite\",\"@id\":\"https:\/\/greensolarvietnam.vn\/#website\",\"url\":\"https:\/\/greensolarvietnam.vn\/\",\"name\":\"C\u00f4ng ty TNHH \u0111\u1ea7u t\u01b0 v\u00e0 c\u00f4ng ngh\u1ec7 Green Solar Vi\u1ec7t Nam\",\"description\":\"C\u00f4ng ty TNHH \u0111\u1ea7u t\u01b0 v\u00e0 c\u00f4ng ngh\u1ec7 Green Solar Vi\u1ec7t Nam\",\"publisher\":{\"@id\":\"https:\/\/greensolarvietnam.vn\/#organization\"},\"potentialAction\":[{\"@type\":\"SearchAction\",\"target\":{\"@type\":\"EntryPoint\",\"urlTemplate\":\"https:\/\/greensolarvietnam.vn\/?s={search_term_string}\"},\"query-input\":{\"@type\":\"PropertyValueSpecification\",\"valueRequired\":true,\"valueName\":\"search_term_string\"}}],\"inLanguage\":\"vi\"},{\"@type\":\"Organization\",\"@id\":\"https:\/\/greensolarvietnam.vn\/#organization\",\"name\":\"C\u00f4ng ty TNHH \u0111\u1ea7u t\u01b0 v\u00e0 c\u00f4ng ngh\u1ec7 Green Solar Vi\u1ec7t Nam\",\"url\":\"https:\/\/greensolarvietnam.vn\/\",\"logo\":{\"@type\":\"ImageObject\",\"inLanguage\":\"vi\",\"@id\":\"https:\/\/greensolarvietnam.vn\/#\/schema\/logo\/image\/\",\"url\":\"https:\/\/greensolarvietnam.vn\/wp-content\/uploads\/2025\/08\/cropped-cropped-cropped-Logo-163x68-1.png\",\"contentUrl\":\"https:\/\/greensolarvietnam.vn\/wp-content\/uploads\/2025\/08\/cropped-cropped-cropped-Logo-163x68-1.png\",\"width\":163,\"height\":55,\"caption\":\"C\u00f4ng ty TNHH \u0111\u1ea7u t\u01b0 v\u00e0 c\u00f4ng ngh\u1ec7 Green Solar Vi\u1ec7t Nam\"},\"image\":{\"@id\":\"https:\/\/greensolarvietnam.vn\/#\/schema\/logo\/image\/\"}}]}<\/script>\n<!-- \/ Yoast SEO Premium plugin. -->","yoast_head_json":{"title":"C\u1ea2M BI\u1ebeN \u0110O NHI\u1ec6T \u0110\u1ed8 CS250DM - C\u00f4ng ty TNHH \u0111\u1ea7u t\u01b0 v\u00e0 c\u00f4ng ngh\u1ec7 Green Solar Vi\u1ec7t Nam","robots":{"index":"index","follow":"follow","max-snippet":"max-snippet:-1","max-image-preview":"max-image-preview:large","max-video-preview":"max-video-preview:-1"},"canonical":"https:\/\/greensolarvietnam.vn\/?product=cam-bien-do-nhiet-do-cs250dm","og_locale":"vi_VN","og_type":"article","og_title":"C\u1ea2M BI\u1ebeN \u0110O NHI\u1ec6T \u0110\u1ed8 CS250DM","og_description":"CS250DM l\u00e0 c\u1ea3m bi\u1ebfn \u0111o nhi\u1ec7t \u0111\u1ed9 kh\u00f4ng kh\u00ed Pt-1000 Class-A \u0111\u1ec3 ph\u00e2n t\u00edch \u0111\u1ed9 d\u1ed1c nhi\u1ec7t \u0111\u1ed9 v\u00e0 \u0111\u1ed9 \u1ed5n \u0111\u1ecbnh. C\u1ea3m bi\u1ebfn n\u00e0y cung c\u1ea5p d\u1eef li\u1ec7u nhi\u1ec7t \u0111\u1ed9 kh\u00f4ng kh\u00ed c\u1ef1c k\u1ef3 ch\u00ednh x\u00e1c v\u00e0 c\u1ea7n thi\u1ebft cho c\u00e1c \u1ee9ng d\u1ee5ng gi\u00e1m s\u00e1t n\u0103ng l\u01b0\u1ee3ng m\u1eb7t tr\u1eddi Class A theo ti\u00eau chu\u1ea9n IEC 61724 v\u00e0 t\u00ednh to\u00e1n Nhi\u1ec7t \u0111\u1ed9 Delta (\u0394T). N\u00f3 c\u0169ng bao g\u1ed3m \u0111\u1ea7u ra Modbus RS-485 k\u1ef9 thu\u1eadt s\u1ed1, \u0111\u1ea3m b\u1ea3o ch\u1ea5t l\u01b0\u1ee3ng d\u1eef li\u1ec7u tr\u00ean chi\u1ec1u d\u00e0i c\u00e1p d\u00e0i.","og_url":"https:\/\/greensolarvietnam.vn\/?product=cam-bien-do-nhiet-do-cs250dm","og_site_name":"C\u00f4ng ty TNHH \u0111\u1ea7u t\u01b0 v\u00e0 c\u00f4ng ngh\u1ec7 Green Solar Vi\u1ec7t Nam","article_modified_time":"2024-04-12T04:32:28+00:00","og_image":[{"width":579,"height":295,"url":"https:\/\/greensolarvietnam.vn\/wp-content\/uploads\/2024\/04\/Cs250DM-2.jpg","type":"image\/jpeg"}],"twitter_card":"summary_large_image","twitter_misc":{"\u01af\u1edbc t\u00ednh th\u1eddi gian \u0111\u1ecdc":"3 ph\u00fat"},"schema":{"@context":"https:\/\/schema.org","@graph":[{"@type":"WebPage","@id":"https:\/\/greensolarvietnam.vn\/?product=cam-bien-do-nhiet-do-cs250dm","url":"https:\/\/greensolarvietnam.vn\/?product=cam-bien-do-nhiet-do-cs250dm","name":"C\u1ea2M BI\u1ebeN \u0110O NHI\u1ec6T \u0110\u1ed8 CS250DM - C\u00f4ng ty TNHH \u0111\u1ea7u t\u01b0 v\u00e0 c\u00f4ng ngh\u1ec7 Green Solar Vi\u1ec7t Nam","isPartOf":{"@id":"https:\/\/greensolarvietnam.vn\/#website"},"primaryImageOfPage":{"@id":"https:\/\/greensolarvietnam.vn\/?product=cam-bien-do-nhiet-do-cs250dm#primaryimage"},"image":{"@id":"https:\/\/greensolarvietnam.vn\/?product=cam-bien-do-nhiet-do-cs250dm#primaryimage"},"thumbnailUrl":"https:\/\/greensolarvietnam.vn\/wp-content\/uploads\/2024\/04\/Cs250DM-2.jpg","datePublished":"2024-04-12T04:27:02+00:00","dateModified":"2024-04-12T04:32:28+00:00","breadcrumb":{"@id":"https:\/\/greensolarvietnam.vn\/?product=cam-bien-do-nhiet-do-cs250dm#breadcrumb"},"inLanguage":"vi","potentialAction":[{"@type":"ReadAction","target":["https:\/\/greensolarvietnam.vn\/?product=cam-bien-do-nhiet-do-cs250dm"]}]},{"@type":"ImageObject","inLanguage":"vi","@id":"https:\/\/greensolarvietnam.vn\/?product=cam-bien-do-nhiet-do-cs250dm#primaryimage","url":"https:\/\/greensolarvietnam.vn\/wp-content\/uploads\/2024\/04\/Cs250DM-2.jpg","contentUrl":"https:\/\/greensolarvietnam.vn\/wp-content\/uploads\/2024\/04\/Cs250DM-2.jpg","width":579,"height":295},{"@type":"BreadcrumbList","@id":"https:\/\/greensolarvietnam.vn\/?product=cam-bien-do-nhiet-do-cs250dm#breadcrumb","itemListElement":[{"@type":"ListItem","position":1,"name":"Trang ch\u1ee7","item":"https:\/\/greensolarvietnam.vn\/"},{"@type":"ListItem","position":2,"name":"S\u1ea3n ph\u1ea9m","item":"https:\/\/greensolarvietnam.vn\/?post_type=product"},{"@type":"ListItem","position":3,"name":"C\u1ea2M BI\u1ebeN \u0110O NHI\u1ec6T \u0110\u1ed8 CS250DM"}]},{"@type":"WebSite","@id":"https:\/\/greensolarvietnam.vn\/#website","url":"https:\/\/greensolarvietnam.vn\/","name":"C\u00f4ng ty TNHH \u0111\u1ea7u t\u01b0 v\u00e0 c\u00f4ng ngh\u1ec7 Green Solar Vi\u1ec7t Nam","description":"C\u00f4ng ty TNHH \u0111\u1ea7u t\u01b0 v\u00e0 c\u00f4ng ngh\u1ec7 Green Solar Vi\u1ec7t Nam","publisher":{"@id":"https:\/\/greensolarvietnam.vn\/#organization"},"potentialAction":[{"@type":"SearchAction","target":{"@type":"EntryPoint","urlTemplate":"https:\/\/greensolarvietnam.vn\/?s={search_term_string}"},"query-input":{"@type":"PropertyValueSpecification","valueRequired":true,"valueName":"search_term_string"}}],"inLanguage":"vi"},{"@type":"Organization","@id":"https:\/\/greensolarvietnam.vn\/#organization","name":"C\u00f4ng ty TNHH \u0111\u1ea7u t\u01b0 v\u00e0 c\u00f4ng ngh\u1ec7 Green Solar Vi\u1ec7t Nam","url":"https:\/\/greensolarvietnam.vn\/","logo":{"@type":"ImageObject","inLanguage":"vi","@id":"https:\/\/greensolarvietnam.vn\/#\/schema\/logo\/image\/","url":"https:\/\/greensolarvietnam.vn\/wp-content\/uploads\/2025\/08\/cropped-cropped-cropped-Logo-163x68-1.png","contentUrl":"https:\/\/greensolarvietnam.vn\/wp-content\/uploads\/2025\/08\/cropped-cropped-cropped-Logo-163x68-1.png","width":163,"height":55,"caption":"C\u00f4ng ty TNHH \u0111\u1ea7u t\u01b0 v\u00e0 c\u00f4ng ngh\u1ec7 Green Solar Vi\u1ec7t Nam"},"image":{"@id":"https:\/\/greensolarvietnam.vn\/#\/schema\/logo\/image\/"}}]}},"_links":{"self":[{"href":"https:\/\/greensolarvietnam.vn\/index.php?rest_route=\/wp\/v2\/product\/16768","targetHints":{"allow":["GET"]}}],"collection":[{"href":"https:\/\/greensolarvietnam.vn\/index.php?rest_route=\/wp\/v2\/product"}],"about":[{"href":"https:\/\/greensolarvietnam.vn\/index.php?rest_route=\/wp\/v2\/types\/product"}],"replies":[{"embeddable":true,"href":"https:\/\/greensolarvietnam.vn\/index.php?rest_route=%2Fwp%2Fv2%2Fcomments&post=16768"}],"wp:featuredmedia":[{"embeddable":true,"href":"https:\/\/greensolarvietnam.vn\/index.php?rest_route=\/wp\/v2\/media\/16769"}],"wp:attachment":[{"href":"https:\/\/greensolarvietnam.vn\/index.php?rest_route=%2Fwp%2Fv2%2Fmedia&parent=16768"}],"wp:term":[{"taxonomy":"product_cat","embeddable":true,"href":"https:\/\/greensolarvietnam.vn\/index.php?rest_route=%2Fwp%2Fv2%2Fproduct_cat&post=16768"},{"taxonomy":"product_tag","embeddable":true,"href":"https:\/\/greensolarvietnam.vn\/index.php?rest_route=%2Fwp%2Fv2%2Fproduct_tag&post=16768"}],"curies":[{"name":"wp","href":"https:\/\/api.w.org\/{rel}","templated":true}]}}