{"id":16773,"date":"2024-04-12T04:30:39","date_gmt":"2024-04-12T04:30:39","guid":{"rendered":"https:\/\/greensolarvietnam.vn\/?post_type=product&#038;p=16773"},"modified":"2024-04-12T04:32:14","modified_gmt":"2024-04-12T04:32:14","slug":"cam-bien-do-buc-xa-mat-troi-pyranometer-cs320","status":"publish","type":"product","link":"https:\/\/greensolarvietnam.vn\/?product=cam-bien-do-buc-xa-mat-troi-pyranometer-cs320","title":{"rendered":"C\u1ea2M BI\u1ebeN \u0110O B\u1ee8C X\u1ea0 M\u1eb6T TR\u1edcI PYRANOMETER CS320"},"content":{"rendered":"<div class=\"content aaa\">\n<p><strong>Th\u00f4ng S\u1ed1 K\u1ef9 Thu\u1eadt CS320<\/strong><\/p>\n<table width=\"616\">\n<tbody>\n<tr>\n<td width=\"157\"><strong>T\u00ean s\u1ea3n ph\u1ea9m<\/strong><\/td>\n<td width=\"459\"><strong>CS320<\/strong><\/td>\n<\/tr>\n<tr>\n<td width=\"157\">C\u1ea3m bi\u1ebfn<\/td>\n<td width=\"459\">M\u00e1y d\u00f2 nhi\u1ec7t \u0111i\u1ec7n, b\u1ed9 khu\u1ebfch t\u00e1n acrylic, l\u00f2 s\u01b0\u1edfi v\u00e0 m\u1ea1ch x\u1eed l\u00fd t\u00edn hi\u1ec7u \u0111\u01b0\u1ee3c g\u1eafn trong v\u1ecf nh\u00f4m<\/td>\n<\/tr>\n<tr>\n<td width=\"157\">M\u00f4 t\u1ea3 ph\u00e9p \u0111o<\/td>\n<td width=\"459\">\u0110o b\u1ee9c x\u1ea1 s\u00f3ng ng\u1eafn ph\u1ed5 r\u1ed9ng<\/td>\n<\/tr>\n<tr>\n<td width=\"157\">Ph\u00e2n lo\u1ea1i ISO<\/td>\n<td width=\"459\">Class C (second class)<\/td>\n<\/tr>\n<tr>\n<td width=\"157\">\u0110\u1ed9 kh\u00f4ng \u0111\u1ea3m b\u1ea3o hi\u1ec7u chu\u1ea9n<\/td>\n<td width=\"459\">\u00b12,6%<\/td>\n<\/tr>\n<tr>\n<td width=\"157\">Ph\u1ea1m vi \u0111o l\u01b0\u1eddng<\/td>\n<td width=\"459\">0 \u0111\u1ebfn 2000 W\/m2 (b\u1ee9c x\u1ea1 s\u00f3ng ng\u1eafn r\u00f2ng)<\/td>\n<\/tr>\n<tr>\n<td width=\"157\">Kh\u1ea3 n\u0103ng l\u1eb7p l\u1ea1i ph\u00e9p \u0111o<\/td>\n<td width=\"459\">&lt; 1%<\/td>\n<\/tr>\n<tr>\n<td width=\"157\">Tr\u00f4i D\u00e0i H\u1ea1n<\/td>\n<td width=\"459\">&lt; 2% (m\u1ed7i n\u0103m)<\/td>\n<\/tr>\n<tr>\n<td width=\"157\">phi tuy\u1ebfn t\u00ednh<\/td>\n<td width=\"459\">&lt; 1%<\/td>\n<\/tr>\n<tr>\n<td width=\"157\">Nh\u1ea1y c\u1ea3m<\/td>\n<td width=\"459\">0,057 mV\/W\/m2<\/td>\n<\/tr>\n<tr>\n<td width=\"157\">Lo\u1ea1i m\u00e1y d\u00f2<\/td>\n<td width=\"459\">nhi\u1ec7t \u0111i\u1ec7n th\u00e2n \u0111en<\/td>\n<\/tr>\n<tr>\n<td width=\"157\">Th\u1eddi gian \u0111\u00e1p \u1ee9ng SDI-12<\/td>\n<td width=\"459\">2 gi\u00e2y<\/td>\n<\/tr>\n<tr>\n<td width=\"157\">Ph\u1ea1m vi quan s\u00e1t (FOV)<\/td>\n<td width=\"459\">180\u00b0<\/td>\n<\/tr>\n<tr>\n<td width=\"157\">D\u1ea3i quang ph\u1ed5<\/td>\n<td width=\"459\">385 \u0111\u1ebfn 2105 nm (50% \u0111i\u1ec3m)<\/td>\n<\/tr>\n<tr>\n<td width=\"157\">Ph\u1ea3n \u1ee9ng \u0111\u1ecbnh h\u01b0\u1edbng (Cosine)<\/td>\n<td width=\"459\">&lt; \u00b120 W\/m2\u00a0(\u1edf 80\u00b0 thi\u00ean \u0111\u1ec9nh)<\/td>\n<\/tr>\n<tr>\n<td width=\"157\">\u0110\u00e1p \u1ee9ng nhi\u1ec7t \u0111\u1ed9<\/td>\n<td width=\"459\">&lt; 5% (t\u1eeb -15\u00b0 \u0111\u1ebfn +45\u00b0C)<\/td>\n<\/tr>\n<tr>\n<td width=\"157\">\u0110\u1ea7u ra<\/td>\n<td width=\"459\">SDI-12 (phi\u00ean b\u1ea3n 1.4) 1200 bps<\/td>\n<\/tr>\n<tr>\n<td width=\"157\">\u0110\u1ed9 l\u1ec7ch 0 A<\/td>\n<td width=\"459\">8W\/m2<\/td>\n<\/tr>\n<tr>\n<td width=\"157\">\u0110\u1ed9 l\u1ec7ch \u0111i\u1ec3m kh\u00f4ng B<\/td>\n<td width=\"459\">&lt; 5W\/m2<\/td>\n<\/tr>\n<tr>\n<td width=\"157\">Nhi\u1ec7t \u0111\u1ed9 ho\u1ea1t \u0111\u1ed9ng<\/td>\n<td width=\"459\">-50\u00b0 \u0111\u1ebfn +60\u00b0C<\/td>\n<\/tr>\n<tr>\n<td width=\"157\">M\u00f4i tr\u01b0\u1eddng ho\u1ea1t \u0111\u1ed9ng<\/td>\n<td width=\"459\">0 \u0111\u1ebfn 100% \u0111\u1ed9 \u1ea9m t\u01b0\u01a1ng \u0111\u1ed1i<\/td>\n<\/tr>\n<tr>\n<td width=\"157\">M\u00e1y s\u01b0\u1edfi<\/td>\n<td width=\"459\">0,2 W (tr\u00ean t\u00e0u)<\/td>\n<\/tr>\n<tr>\n<td width=\"157\">Y\u00eau c\u1ea7u v\u1ec1 c\u00f4ng su\u1ea5t m\u00e1y s\u01b0\u1edfi<\/td>\n<td width=\"459\">D\u00f2ng x\u1ea3 25 mA (\u1edf 12 Vdc)<\/td>\n<\/tr>\n<tr>\n<td width=\"157\">Y\u00eau c\u1ea7u \u0111i\u1ec7n \u00e1p \u0111\u1ea7u v\u00e0o<\/td>\n<td width=\"459\">6 \u0111\u1ebfn 24VDC<\/td>\n<\/tr>\n<tr>\n<td width=\"157\">D\u00f2ng ch\u1ea3y hi\u1ec7n t\u1ea1i<\/td>\n<td width=\"459\">5 mA (\u0111o l\u01b0\u1eddng)<br \/>\n3 mA (ch\u1edd)<\/td>\n<\/tr>\n<tr>\n<td width=\"157\">S\u1ef1 kh\u00f4ng ch\u1eafc ch\u1eafn trong T\u1ed5ng s\u1ed1 h\u00e0ng ng\u00e0y<\/td>\n<td width=\"459\">&lt; 5%<\/td>\n<\/tr>\n<tr>\n<td width=\"157\">L\u1ed7i Do M\u00e2y<\/td>\n<td width=\"459\">\u00b12 %<\/td>\n<\/tr>\n<tr>\n<td width=\"157\">\u0110\u00e1nh gi\u00e1 c\u01a1 h\u1ecdc<\/td>\n<td width=\"459\">IP66\/68<\/td>\n<\/tr>\n<tr>\n<td width=\"157\">Hi\u1ec7u chu\u1ea9n nh\u00e0 m\u00e1y<\/td>\n<td width=\"459\">C\u00f3 th\u1ec3 theo d\u00f5i \u0111\u1ebfn c\u00e1c m\u00e1y \u0111o nhi\u1ec7t \u0111\u1ed9 v\u1eadt ch\u1ea5t \u0111en ti\u00eau chu\u1ea9n th\u1ee9 c\u1ea5p c\u00f3 th\u1ec3 theo d\u00f5i tham chi\u1ebfu b\u1ee9c x\u1ea1 th\u1ebf gi\u1edbi \u1edf Davos, Th\u1ee5y S\u0129.<\/td>\n<\/tr>\n<tr>\n<td width=\"157\">Tu\u00e2n th\u1ee7 ti\u00eau chu\u1ea9n<\/td>\n<td width=\"459\">Ch\u1ec9 th\u1ecb RoHS 2011\/65\/EU<\/td>\n<\/tr>\n<tr>\n<td width=\"157\"><\/td>\n<td width=\"459\">B\u1ea3n s\u1eeda \u0111\u1ed5i RoHS Phthalates 2015\/863\/EU<\/td>\n<\/tr>\n<tr>\n<td width=\"157\">B\u1ea3o h\u00e0nh<\/td>\n<td width=\"459\">4 n\u0103m<\/td>\n<\/tr>\n<tr>\n<td width=\"157\">\u0110\u01b0\u1eddng k\u00ednh<\/td>\n<td width=\"459\">3,43 cm (1,35 inch)<\/td>\n<\/tr>\n<tr>\n<td width=\"157\">Chi\u1ec1u cao<\/td>\n<td width=\"459\">3,96 cm (1,56 in.)<\/td>\n<\/tr>\n<tr>\n<td width=\"157\">C\u00e2n n\u1eb7ng<\/td>\n<td width=\"459\">~65g (2.3oz)<br \/>\nC\u00f3 th\u1ec3 thay \u0111\u1ed5i do b\u1ea7u.<\/td>\n<\/tr>\n<\/tbody>\n<\/table>\n<p><strong>T\u00ednh n\u0103ng \u0111\u1eb7c bi\u1ec7t c\u1ee7a CS320<\/strong><\/p>\n<ul>\n<li>C\u1ea3m bi\u1ebfn nhi\u1ec7t \u0111i\u1ec7n lo\u1ea1i b\u1ecf c\u00e1c sai s\u1ed1 quang ph\u1ed5 li\u00ean quan \u0111\u1ebfn h\u1ecfa k\u1ebf t\u1ebf b\u00e0o silicon<\/li>\n<li>\u0110i\u1ec3m gi\u00e1 th\u1ea5p h\u01a1n nhi\u1ec1u so v\u1edbi c\u00e1c c\u1ea3m bi\u1ebfn nhi\u1ec7t \u0111i\u1ec7n kh\u00e1c<\/li>\n<li>C\u1ea3m bi\u1ebfn tr\u00ean bo m\u1ea1ch t\u1ef1 \u0111\u1ed9ng ph\u00e1t hi\u1ec7n n\u1ebfu CS320 \u1edf m\u1ee9c ph\u00f9 h\u1ee3p \u0111\u1ec3 c\u00e0i \u0111\u1eb7t, ch\u1ea9n \u0111o\u00e1n v\u00e0 kh\u1eafc ph\u1ee5c s\u1ef1 c\u1ed1 t\u1eeb xa<\/li>\n<li>\u0110\u01b0\u1ee3c thi\u1ebft k\u1ebf \u0111\u1ec3 \u1ed5n \u0111\u1ecbnh v\u00e0 tri\u1ec3n khai l\u00e2u d\u00e0i<\/li>\n<li>\u0110\u1ea7u c\u1ea3m bi\u1ebfn h\u00ecnh v\u00f2m cho ph\u00e9p s\u01b0\u01a1ng v\u00e0 m\u01b0a ch\u1ea3y ra<\/li>\n<li>M\u00e1y s\u01b0\u1edfi b\u00ean trong \u0111\u1ec3 gi\u1ea3m l\u1ed7i do s\u01b0\u01a1ng, s\u01b0\u01a1ng gi\u00e1, m\u01b0a v\u00e0 tuy\u1ebft<\/li>\n<li>\u0110\u1ea7u ra k\u1ef9 thu\u1eadt s\u1ed1 SDI-12<\/li>\n<li>\u0110\u1ea7u n\u1ed1i ch\u1ed1ng n\u01b0\u1edbc c\u00f3 th\u1ec3 th\u00e1o r\u1eddi kh\u1ecfi \u0111\u1ea7u c\u1ea3m bi\u1ebfn \u0111\u1ec3 b\u1ea3o d\u01b0\u1ee1ng nhanh ch\u00f3ng, d\u1ec5 d\u00e0ng<\/li>\n<li>D\u1eef li\u1ec7u hi\u1ec7u chu\u1ea9n \u0111\u01b0\u1ee3c l\u01b0u tr\u1eef tr\u00ean c\u1ea3m bi\u1ebfn<\/li>\n<\/ul>\n<\/div>\n","protected":false},"excerpt":{"rendered":"<p><strong>C\u1ea3m bi\u1ebfn \u0111o b\u1ee9c x\u1ea1 m\u1eb7t tr\u1eddi CS320<\/strong>\u00a0l\u00e0 m\u1ed9t pyranometer nhi\u1ec7t k\u1ebf k\u1ef9 thu\u1eadt s\u1ed1 \u0111o b\u1ee9c x\u1ea1 s\u00f3ng ng\u1eafn ph\u1ed5 r\u1ed9ng v\u00e0 giao ti\u1ebfp qua giao th\u1ee9c SDI-12 \u0111\u01a1n gi\u1ea3n t\u1edbi b\u1ed9 ghi d\u1eef li\u1ec7u. Thi\u1ebft k\u1ebf c\u1ea3m bi\u1ebfn n\u00e0y gi\u00fap lo\u1ea1i b\u1ecf l\u1ed7i \u0111o l\u01b0\u1eddng v\u00e0 l\u1ed7i l\u1eadp tr\u00ecnh c\u00f3 th\u1ec3 \u1ea3nh h\u01b0\u1edfng x\u1ea5u \u0111\u1ebfn ch\u1ea5t l\u01b0\u1ee3ng d\u1eef li\u1ec7u<\/p>\n<p>H\u1ecfa k\u1ebf n\u00e0y \u0111\u00e3 \u0111\u01b0\u1ee3c thi\u1ebft k\u1ebf \u0111\u1ec3 c\u1ea3i thi\u1ec7n \u0111\u00e1ng k\u1ec3 ph\u00e9p \u0111o b\u1ee9c x\u1ea1 m\u1eb7t tr\u1eddi to\u00e0n c\u1ea7u (ngay c\u1ea3 trong \u0111i\u1ec1u ki\u1ec7n nhi\u1ec1u m\u00e2y) m\u00e0 kh\u00f4ng ph\u1ea3i tr\u1ea3 th\u00eam chi ph\u00ed \u0111\u00e1ng k\u1ec3.\u00a0<strong>CS320<\/strong>\u00a0ph\u00f9 h\u1ee3p cho c\u00e1c \u1ee9ng d\u1ee5ng t\u1eeb nghi\u00ean c\u1ee9u m\u00f4i tr\u01b0\u1eddng \u0111\u1ebfn n\u00f4ng nghi\u1ec7p \u0111\u1ebfn c\u00e1c m\u1ea1ng l\u01b0\u1edbi th\u1eddi ti\u1ebft quy m\u00f4 trung b\u00ecnh (mesonets)<\/p>\n<p><strong>Pyranometer CS320<\/strong>\u00a0\u0111\u01b0\u1ee3c s\u1ea3n xu\u1ea5t b\u1eb1ng th\u00e2n nh\u00f4m anot h\u00f3a cao c\u1ea5p v\u00e0 \u0111\u1ea7u n\u1ed1i M8 b\u1eb1ng th\u00e9p kh\u00f4ng g\u1ec9 316 \u0111\u01b0\u1ee3c x\u1ebfp h\u1ea1ng IP68 (lo\u1ea1i h\u00e0ng h\u1ea3i). C\u1ea3m bi\u1ebfn\u00a0<strong>CS320<\/strong>\u00a0\u0111\u01b0\u1ee3c l\u00e0m n\u00f3ng (c\u00f3 th\u1ec3 b\u1eadt\/t\u1eaft d\u01b0\u1edbi s\u1ef1 \u0111i\u1ec1u khi\u1ec3n c\u1ee7a ng\u01b0\u1eddi d\u00f9ng) v\u00e0 cho ph\u00e9p ho\u1ea1t \u0111\u1ed9ng li\u00ean t\u1ee5c trong \u0111i\u1ec1u ki\u1ec7n m\u00f4i tr\u01b0\u1eddng thay \u0111\u1ed5i. D\u1eef li\u1ec7u hi\u1ec7u chu\u1ea9n c\u1ee7a pyranometer \u0111\u01b0\u1ee3c l\u01b0u tr\u1eef tr\u00ean c\u1ea3m bi\u1ebfn<\/p>\n","protected":false},"featured_media":16771,"comment_status":"closed","ping_status":"closed","template":"","meta":{"site-sidebar-layout":"default","site-content-layout":"default","ast-global-header-display":"","ast-main-header-display":"","ast-hfb-above-header-display":"","ast-hfb-below-header-display":"","ast-hfb-mobile-header-display":"","site-post-title":"","ast-breadcrumbs-content":"","ast-featured-img":"","footer-sml-layout":"","theme-transparent-header-meta":"default","adv-header-id-meta":"","stick-header-meta":"","header-above-stick-meta":"","header-main-stick-meta":"","header-below-stick-meta":""},"product_cat":[196,200],"product_tag":[],"class_list":{"0":"post-16773","1":"product","2":"type-product","3":"status-publish","4":"has-post-thumbnail","6":"product_cat-chua-phan-loai","7":"product_cat-vat-tu-thiet-bi-cho-nha-may-nltt","9":"first","10":"instock","11":"shipping-taxable","12":"product-type-simple"},"yoast_head":"<!-- This site is optimized with the Yoast SEO Premium plugin v23.9 (Yoast SEO v24.4) - https:\/\/yoast.com\/wordpress\/plugins\/seo\/ -->\n<title>C\u1ea2M BI\u1ebeN \u0110O B\u1ee8C X\u1ea0 M\u1eb6T TR\u1edcI PYRANOMETER CS320 - C\u00f4ng ty TNHH \u0111\u1ea7u t\u01b0 v\u00e0 c\u00f4ng ngh\u1ec7 Green Solar Vi\u1ec7t Nam<\/title>\n<meta name=\"robots\" content=\"index, follow, max-snippet:-1, max-image-preview:large, max-video-preview:-1\" \/>\n<link rel=\"canonical\" href=\"https:\/\/greensolarvietnam.vn\/?product=cam-bien-do-buc-xa-mat-troi-pyranometer-cs320\" \/>\n<meta property=\"og:locale\" content=\"vi_VN\" \/>\n<meta property=\"og:type\" content=\"article\" \/>\n<meta property=\"og:title\" content=\"C\u1ea2M BI\u1ebeN \u0110O B\u1ee8C X\u1ea0 M\u1eb6T TR\u1edcI PYRANOMETER CS320\" \/>\n<meta property=\"og:description\" content=\"C\u1ea3m bi\u1ebfn \u0111o b\u1ee9c x\u1ea1 m\u1eb7t tr\u1eddi CS320\u00a0l\u00e0 m\u1ed9t pyranometer nhi\u1ec7t k\u1ebf k\u1ef9 thu\u1eadt s\u1ed1 \u0111o b\u1ee9c x\u1ea1 s\u00f3ng ng\u1eafn ph\u1ed5 r\u1ed9ng v\u00e0 giao ti\u1ebfp qua giao th\u1ee9c SDI-12 \u0111\u01a1n gi\u1ea3n t\u1edbi b\u1ed9 ghi d\u1eef li\u1ec7u. Thi\u1ebft k\u1ebf c\u1ea3m bi\u1ebfn n\u00e0y gi\u00fap lo\u1ea1i b\u1ecf l\u1ed7i \u0111o l\u01b0\u1eddng v\u00e0 l\u1ed7i l\u1eadp tr\u00ecnh c\u00f3 th\u1ec3 \u1ea3nh h\u01b0\u1edfng x\u1ea5u \u0111\u1ebfn ch\u1ea5t l\u01b0\u1ee3ng d\u1eef li\u1ec7u  H\u1ecfa k\u1ebf n\u00e0y \u0111\u00e3 \u0111\u01b0\u1ee3c thi\u1ebft k\u1ebf \u0111\u1ec3 c\u1ea3i thi\u1ec7n \u0111\u00e1ng k\u1ec3 ph\u00e9p \u0111o b\u1ee9c x\u1ea1 m\u1eb7t tr\u1eddi to\u00e0n c\u1ea7u (ngay c\u1ea3 trong \u0111i\u1ec1u ki\u1ec7n nhi\u1ec1u m\u00e2y) m\u00e0 kh\u00f4ng ph\u1ea3i tr\u1ea3 th\u00eam chi ph\u00ed \u0111\u00e1ng k\u1ec3.\u00a0CS320\u00a0ph\u00f9 h\u1ee3p cho c\u00e1c \u1ee9ng d\u1ee5ng t\u1eeb nghi\u00ean c\u1ee9u m\u00f4i tr\u01b0\u1eddng \u0111\u1ebfn n\u00f4ng nghi\u1ec7p \u0111\u1ebfn c\u00e1c m\u1ea1ng l\u01b0\u1edbi th\u1eddi ti\u1ebft quy m\u00f4 trung b\u00ecnh (mesonets)  Pyranometer CS320\u00a0\u0111\u01b0\u1ee3c s\u1ea3n xu\u1ea5t b\u1eb1ng th\u00e2n nh\u00f4m anot h\u00f3a cao c\u1ea5p v\u00e0 \u0111\u1ea7u n\u1ed1i M8 b\u1eb1ng th\u00e9p kh\u00f4ng g\u1ec9 316 \u0111\u01b0\u1ee3c x\u1ebfp h\u1ea1ng IP68 (lo\u1ea1i h\u00e0ng h\u1ea3i). C\u1ea3m bi\u1ebfn\u00a0CS320\u00a0\u0111\u01b0\u1ee3c l\u00e0m n\u00f3ng (c\u00f3 th\u1ec3 b\u1eadt\/t\u1eaft d\u01b0\u1edbi s\u1ef1 \u0111i\u1ec1u khi\u1ec3n c\u1ee7a ng\u01b0\u1eddi d\u00f9ng) v\u00e0 cho ph\u00e9p ho\u1ea1t \u0111\u1ed9ng li\u00ean t\u1ee5c trong \u0111i\u1ec1u ki\u1ec7n m\u00f4i tr\u01b0\u1eddng thay \u0111\u1ed5i. D\u1eef li\u1ec7u hi\u1ec7u chu\u1ea9n c\u1ee7a pyranometer \u0111\u01b0\u1ee3c l\u01b0u tr\u1eef tr\u00ean c\u1ea3m bi\u1ebfn\" \/>\n<meta property=\"og:url\" content=\"https:\/\/greensolarvietnam.vn\/?product=cam-bien-do-buc-xa-mat-troi-pyranometer-cs320\" \/>\n<meta property=\"og:site_name\" content=\"C\u00f4ng ty TNHH \u0111\u1ea7u t\u01b0 v\u00e0 c\u00f4ng ngh\u1ec7 Green Solar Vi\u1ec7t Nam\" \/>\n<meta property=\"article:modified_time\" content=\"2024-04-12T04:32:14+00:00\" \/>\n<meta property=\"og:image\" content=\"https:\/\/greensolarvietnam.vn\/wp-content\/uploads\/2024\/04\/CS-320.jpg\" \/>\n\t<meta property=\"og:image:width\" content=\"808\" \/>\n\t<meta property=\"og:image:height\" content=\"682\" \/>\n\t<meta property=\"og:image:type\" content=\"image\/jpeg\" \/>\n<meta name=\"twitter:card\" content=\"summary_large_image\" \/>\n<meta name=\"twitter:label1\" content=\"\u01af\u1edbc t\u00ednh th\u1eddi gian \u0111\u1ecdc\" \/>\n\t<meta name=\"twitter:data1\" content=\"3 ph\u00fat\" \/>\n<script type=\"application\/ld+json\" class=\"yoast-schema-graph\">{\"@context\":\"https:\/\/schema.org\",\"@graph\":[{\"@type\":\"WebPage\",\"@id\":\"https:\/\/greensolarvietnam.vn\/?product=cam-bien-do-buc-xa-mat-troi-pyranometer-cs320\",\"url\":\"https:\/\/greensolarvietnam.vn\/?product=cam-bien-do-buc-xa-mat-troi-pyranometer-cs320\",\"name\":\"C\u1ea2M BI\u1ebeN \u0110O B\u1ee8C X\u1ea0 M\u1eb6T TR\u1edcI PYRANOMETER CS320 - C\u00f4ng ty TNHH \u0111\u1ea7u t\u01b0 v\u00e0 c\u00f4ng ngh\u1ec7 Green Solar Vi\u1ec7t Nam\",\"isPartOf\":{\"@id\":\"https:\/\/greensolarvietnam.vn\/#website\"},\"primaryImageOfPage\":{\"@id\":\"https:\/\/greensolarvietnam.vn\/?product=cam-bien-do-buc-xa-mat-troi-pyranometer-cs320#primaryimage\"},\"image\":{\"@id\":\"https:\/\/greensolarvietnam.vn\/?product=cam-bien-do-buc-xa-mat-troi-pyranometer-cs320#primaryimage\"},\"thumbnailUrl\":\"https:\/\/greensolarvietnam.vn\/wp-content\/uploads\/2024\/04\/CS-320.jpg\",\"datePublished\":\"2024-04-12T04:30:39+00:00\",\"dateModified\":\"2024-04-12T04:32:14+00:00\",\"breadcrumb\":{\"@id\":\"https:\/\/greensolarvietnam.vn\/?product=cam-bien-do-buc-xa-mat-troi-pyranometer-cs320#breadcrumb\"},\"inLanguage\":\"vi\",\"potentialAction\":[{\"@type\":\"ReadAction\",\"target\":[\"https:\/\/greensolarvietnam.vn\/?product=cam-bien-do-buc-xa-mat-troi-pyranometer-cs320\"]}]},{\"@type\":\"ImageObject\",\"inLanguage\":\"vi\",\"@id\":\"https:\/\/greensolarvietnam.vn\/?product=cam-bien-do-buc-xa-mat-troi-pyranometer-cs320#primaryimage\",\"url\":\"https:\/\/greensolarvietnam.vn\/wp-content\/uploads\/2024\/04\/CS-320.jpg\",\"contentUrl\":\"https:\/\/greensolarvietnam.vn\/wp-content\/uploads\/2024\/04\/CS-320.jpg\",\"width\":808,\"height\":682},{\"@type\":\"BreadcrumbList\",\"@id\":\"https:\/\/greensolarvietnam.vn\/?product=cam-bien-do-buc-xa-mat-troi-pyranometer-cs320#breadcrumb\",\"itemListElement\":[{\"@type\":\"ListItem\",\"position\":1,\"name\":\"Trang ch\u1ee7\",\"item\":\"https:\/\/greensolarvietnam.vn\/\"},{\"@type\":\"ListItem\",\"position\":2,\"name\":\"S\u1ea3n ph\u1ea9m\",\"item\":\"https:\/\/greensolarvietnam.vn\/?post_type=product\"},{\"@type\":\"ListItem\",\"position\":3,\"name\":\"C\u1ea2M BI\u1ebeN \u0110O B\u1ee8C X\u1ea0 M\u1eb6T TR\u1edcI PYRANOMETER CS320\"}]},{\"@type\":\"WebSite\",\"@id\":\"https:\/\/greensolarvietnam.vn\/#website\",\"url\":\"https:\/\/greensolarvietnam.vn\/\",\"name\":\"C\u00f4ng ty TNHH \u0111\u1ea7u t\u01b0 v\u00e0 c\u00f4ng ngh\u1ec7 Green Solar Vi\u1ec7t Nam\",\"description\":\"C\u00f4ng ty TNHH \u0111\u1ea7u t\u01b0 v\u00e0 c\u00f4ng ngh\u1ec7 Green Solar Vi\u1ec7t Nam\",\"publisher\":{\"@id\":\"https:\/\/greensolarvietnam.vn\/#organization\"},\"potentialAction\":[{\"@type\":\"SearchAction\",\"target\":{\"@type\":\"EntryPoint\",\"urlTemplate\":\"https:\/\/greensolarvietnam.vn\/?s={search_term_string}\"},\"query-input\":{\"@type\":\"PropertyValueSpecification\",\"valueRequired\":true,\"valueName\":\"search_term_string\"}}],\"inLanguage\":\"vi\"},{\"@type\":\"Organization\",\"@id\":\"https:\/\/greensolarvietnam.vn\/#organization\",\"name\":\"C\u00f4ng ty TNHH \u0111\u1ea7u t\u01b0 v\u00e0 c\u00f4ng ngh\u1ec7 Green Solar Vi\u1ec7t Nam\",\"url\":\"https:\/\/greensolarvietnam.vn\/\",\"logo\":{\"@type\":\"ImageObject\",\"inLanguage\":\"vi\",\"@id\":\"https:\/\/greensolarvietnam.vn\/#\/schema\/logo\/image\/\",\"url\":\"https:\/\/greensolarvietnam.vn\/wp-content\/uploads\/2025\/08\/cropped-cropped-cropped-Logo-163x68-1.png\",\"contentUrl\":\"https:\/\/greensolarvietnam.vn\/wp-content\/uploads\/2025\/08\/cropped-cropped-cropped-Logo-163x68-1.png\",\"width\":163,\"height\":55,\"caption\":\"C\u00f4ng ty TNHH \u0111\u1ea7u t\u01b0 v\u00e0 c\u00f4ng ngh\u1ec7 Green Solar Vi\u1ec7t Nam\"},\"image\":{\"@id\":\"https:\/\/greensolarvietnam.vn\/#\/schema\/logo\/image\/\"}}]}<\/script>\n<!-- \/ Yoast SEO Premium plugin. -->","yoast_head_json":{"title":"C\u1ea2M BI\u1ebeN \u0110O B\u1ee8C X\u1ea0 M\u1eb6T TR\u1edcI PYRANOMETER CS320 - C\u00f4ng ty TNHH \u0111\u1ea7u t\u01b0 v\u00e0 c\u00f4ng ngh\u1ec7 Green Solar Vi\u1ec7t Nam","robots":{"index":"index","follow":"follow","max-snippet":"max-snippet:-1","max-image-preview":"max-image-preview:large","max-video-preview":"max-video-preview:-1"},"canonical":"https:\/\/greensolarvietnam.vn\/?product=cam-bien-do-buc-xa-mat-troi-pyranometer-cs320","og_locale":"vi_VN","og_type":"article","og_title":"C\u1ea2M BI\u1ebeN \u0110O B\u1ee8C X\u1ea0 M\u1eb6T TR\u1edcI PYRANOMETER CS320","og_description":"C\u1ea3m bi\u1ebfn \u0111o b\u1ee9c x\u1ea1 m\u1eb7t tr\u1eddi CS320\u00a0l\u00e0 m\u1ed9t pyranometer nhi\u1ec7t k\u1ebf k\u1ef9 thu\u1eadt s\u1ed1 \u0111o b\u1ee9c x\u1ea1 s\u00f3ng ng\u1eafn ph\u1ed5 r\u1ed9ng v\u00e0 giao ti\u1ebfp qua giao th\u1ee9c SDI-12 \u0111\u01a1n gi\u1ea3n t\u1edbi b\u1ed9 ghi d\u1eef li\u1ec7u. Thi\u1ebft k\u1ebf c\u1ea3m bi\u1ebfn n\u00e0y gi\u00fap lo\u1ea1i b\u1ecf l\u1ed7i \u0111o l\u01b0\u1eddng v\u00e0 l\u1ed7i l\u1eadp tr\u00ecnh c\u00f3 th\u1ec3 \u1ea3nh h\u01b0\u1edfng x\u1ea5u \u0111\u1ebfn ch\u1ea5t l\u01b0\u1ee3ng d\u1eef li\u1ec7u  H\u1ecfa k\u1ebf n\u00e0y \u0111\u00e3 \u0111\u01b0\u1ee3c thi\u1ebft k\u1ebf \u0111\u1ec3 c\u1ea3i thi\u1ec7n \u0111\u00e1ng k\u1ec3 ph\u00e9p \u0111o b\u1ee9c x\u1ea1 m\u1eb7t tr\u1eddi to\u00e0n c\u1ea7u (ngay c\u1ea3 trong \u0111i\u1ec1u ki\u1ec7n nhi\u1ec1u m\u00e2y) m\u00e0 kh\u00f4ng ph\u1ea3i tr\u1ea3 th\u00eam chi ph\u00ed \u0111\u00e1ng k\u1ec3.\u00a0CS320\u00a0ph\u00f9 h\u1ee3p cho c\u00e1c \u1ee9ng d\u1ee5ng t\u1eeb nghi\u00ean c\u1ee9u m\u00f4i tr\u01b0\u1eddng \u0111\u1ebfn n\u00f4ng nghi\u1ec7p \u0111\u1ebfn c\u00e1c m\u1ea1ng l\u01b0\u1edbi th\u1eddi ti\u1ebft quy m\u00f4 trung b\u00ecnh (mesonets)  Pyranometer CS320\u00a0\u0111\u01b0\u1ee3c s\u1ea3n xu\u1ea5t b\u1eb1ng th\u00e2n nh\u00f4m anot h\u00f3a cao c\u1ea5p v\u00e0 \u0111\u1ea7u n\u1ed1i M8 b\u1eb1ng th\u00e9p kh\u00f4ng g\u1ec9 316 \u0111\u01b0\u1ee3c x\u1ebfp h\u1ea1ng IP68 (lo\u1ea1i h\u00e0ng h\u1ea3i). C\u1ea3m bi\u1ebfn\u00a0CS320\u00a0\u0111\u01b0\u1ee3c l\u00e0m n\u00f3ng (c\u00f3 th\u1ec3 b\u1eadt\/t\u1eaft d\u01b0\u1edbi s\u1ef1 \u0111i\u1ec1u khi\u1ec3n c\u1ee7a ng\u01b0\u1eddi d\u00f9ng) v\u00e0 cho ph\u00e9p ho\u1ea1t \u0111\u1ed9ng li\u00ean t\u1ee5c trong \u0111i\u1ec1u ki\u1ec7n m\u00f4i tr\u01b0\u1eddng thay \u0111\u1ed5i. D\u1eef li\u1ec7u hi\u1ec7u chu\u1ea9n c\u1ee7a pyranometer \u0111\u01b0\u1ee3c l\u01b0u tr\u1eef tr\u00ean c\u1ea3m bi\u1ebfn","og_url":"https:\/\/greensolarvietnam.vn\/?product=cam-bien-do-buc-xa-mat-troi-pyranometer-cs320","og_site_name":"C\u00f4ng ty TNHH \u0111\u1ea7u t\u01b0 v\u00e0 c\u00f4ng ngh\u1ec7 Green Solar Vi\u1ec7t Nam","article_modified_time":"2024-04-12T04:32:14+00:00","og_image":[{"width":808,"height":682,"url":"https:\/\/greensolarvietnam.vn\/wp-content\/uploads\/2024\/04\/CS-320.jpg","type":"image\/jpeg"}],"twitter_card":"summary_large_image","twitter_misc":{"\u01af\u1edbc t\u00ednh th\u1eddi gian \u0111\u1ecdc":"3 ph\u00fat"},"schema":{"@context":"https:\/\/schema.org","@graph":[{"@type":"WebPage","@id":"https:\/\/greensolarvietnam.vn\/?product=cam-bien-do-buc-xa-mat-troi-pyranometer-cs320","url":"https:\/\/greensolarvietnam.vn\/?product=cam-bien-do-buc-xa-mat-troi-pyranometer-cs320","name":"C\u1ea2M BI\u1ebeN \u0110O B\u1ee8C X\u1ea0 M\u1eb6T TR\u1edcI PYRANOMETER CS320 - C\u00f4ng ty TNHH \u0111\u1ea7u t\u01b0 v\u00e0 c\u00f4ng ngh\u1ec7 Green Solar Vi\u1ec7t Nam","isPartOf":{"@id":"https:\/\/greensolarvietnam.vn\/#website"},"primaryImageOfPage":{"@id":"https:\/\/greensolarvietnam.vn\/?product=cam-bien-do-buc-xa-mat-troi-pyranometer-cs320#primaryimage"},"image":{"@id":"https:\/\/greensolarvietnam.vn\/?product=cam-bien-do-buc-xa-mat-troi-pyranometer-cs320#primaryimage"},"thumbnailUrl":"https:\/\/greensolarvietnam.vn\/wp-content\/uploads\/2024\/04\/CS-320.jpg","datePublished":"2024-04-12T04:30:39+00:00","dateModified":"2024-04-12T04:32:14+00:00","breadcrumb":{"@id":"https:\/\/greensolarvietnam.vn\/?product=cam-bien-do-buc-xa-mat-troi-pyranometer-cs320#breadcrumb"},"inLanguage":"vi","potentialAction":[{"@type":"ReadAction","target":["https:\/\/greensolarvietnam.vn\/?product=cam-bien-do-buc-xa-mat-troi-pyranometer-cs320"]}]},{"@type":"ImageObject","inLanguage":"vi","@id":"https:\/\/greensolarvietnam.vn\/?product=cam-bien-do-buc-xa-mat-troi-pyranometer-cs320#primaryimage","url":"https:\/\/greensolarvietnam.vn\/wp-content\/uploads\/2024\/04\/CS-320.jpg","contentUrl":"https:\/\/greensolarvietnam.vn\/wp-content\/uploads\/2024\/04\/CS-320.jpg","width":808,"height":682},{"@type":"BreadcrumbList","@id":"https:\/\/greensolarvietnam.vn\/?product=cam-bien-do-buc-xa-mat-troi-pyranometer-cs320#breadcrumb","itemListElement":[{"@type":"ListItem","position":1,"name":"Trang ch\u1ee7","item":"https:\/\/greensolarvietnam.vn\/"},{"@type":"ListItem","position":2,"name":"S\u1ea3n ph\u1ea9m","item":"https:\/\/greensolarvietnam.vn\/?post_type=product"},{"@type":"ListItem","position":3,"name":"C\u1ea2M BI\u1ebeN \u0110O B\u1ee8C X\u1ea0 M\u1eb6T TR\u1edcI PYRANOMETER CS320"}]},{"@type":"WebSite","@id":"https:\/\/greensolarvietnam.vn\/#website","url":"https:\/\/greensolarvietnam.vn\/","name":"C\u00f4ng ty TNHH \u0111\u1ea7u t\u01b0 v\u00e0 c\u00f4ng ngh\u1ec7 Green Solar Vi\u1ec7t Nam","description":"C\u00f4ng ty TNHH \u0111\u1ea7u t\u01b0 v\u00e0 c\u00f4ng ngh\u1ec7 Green Solar Vi\u1ec7t Nam","publisher":{"@id":"https:\/\/greensolarvietnam.vn\/#organization"},"potentialAction":[{"@type":"SearchAction","target":{"@type":"EntryPoint","urlTemplate":"https:\/\/greensolarvietnam.vn\/?s={search_term_string}"},"query-input":{"@type":"PropertyValueSpecification","valueRequired":true,"valueName":"search_term_string"}}],"inLanguage":"vi"},{"@type":"Organization","@id":"https:\/\/greensolarvietnam.vn\/#organization","name":"C\u00f4ng ty TNHH \u0111\u1ea7u t\u01b0 v\u00e0 c\u00f4ng ngh\u1ec7 Green Solar Vi\u1ec7t Nam","url":"https:\/\/greensolarvietnam.vn\/","logo":{"@type":"ImageObject","inLanguage":"vi","@id":"https:\/\/greensolarvietnam.vn\/#\/schema\/logo\/image\/","url":"https:\/\/greensolarvietnam.vn\/wp-content\/uploads\/2025\/08\/cropped-cropped-cropped-Logo-163x68-1.png","contentUrl":"https:\/\/greensolarvietnam.vn\/wp-content\/uploads\/2025\/08\/cropped-cropped-cropped-Logo-163x68-1.png","width":163,"height":55,"caption":"C\u00f4ng ty TNHH \u0111\u1ea7u t\u01b0 v\u00e0 c\u00f4ng ngh\u1ec7 Green Solar Vi\u1ec7t Nam"},"image":{"@id":"https:\/\/greensolarvietnam.vn\/#\/schema\/logo\/image\/"}}]}},"_links":{"self":[{"href":"https:\/\/greensolarvietnam.vn\/index.php?rest_route=\/wp\/v2\/product\/16773","targetHints":{"allow":["GET"]}}],"collection":[{"href":"https:\/\/greensolarvietnam.vn\/index.php?rest_route=\/wp\/v2\/product"}],"about":[{"href":"https:\/\/greensolarvietnam.vn\/index.php?rest_route=\/wp\/v2\/types\/product"}],"replies":[{"embeddable":true,"href":"https:\/\/greensolarvietnam.vn\/index.php?rest_route=%2Fwp%2Fv2%2Fcomments&post=16773"}],"wp:featuredmedia":[{"embeddable":true,"href":"https:\/\/greensolarvietnam.vn\/index.php?rest_route=\/wp\/v2\/media\/16771"}],"wp:attachment":[{"href":"https:\/\/greensolarvietnam.vn\/index.php?rest_route=%2Fwp%2Fv2%2Fmedia&parent=16773"}],"wp:term":[{"taxonomy":"product_cat","embeddable":true,"href":"https:\/\/greensolarvietnam.vn\/index.php?rest_route=%2Fwp%2Fv2%2Fproduct_cat&post=16773"},{"taxonomy":"product_tag","embeddable":true,"href":"https:\/\/greensolarvietnam.vn\/index.php?rest_route=%2Fwp%2Fv2%2Fproduct_tag&post=16773"}],"curies":[{"name":"wp","href":"https:\/\/api.w.org\/{rel}","templated":true}]}}