{"id":16776,"date":"2024-04-12T04:33:24","date_gmt":"2024-04-12T04:33:24","guid":{"rendered":"https:\/\/greensolarvietnam.vn\/?post_type=product&#038;p=16776"},"modified":"2024-04-12T04:33:24","modified_gmt":"2024-04-12T04:33:24","slug":"thiet-bi-do-buc-xa-cs310","status":"publish","type":"product","link":"https:\/\/greensolarvietnam.vn\/?product=thiet-bi-do-buc-xa-cs310","title":{"rendered":"THI\u1ebeT B\u1eca \u0110O B\u1ee8C X\u1ea0 CS310"},"content":{"rendered":"<p><strong>Th\u00f4ng S\u1ed1 K\u1ef9 Thu\u1eadt CS310<\/strong><\/p>\n<table width=\"616\">\n<tbody>\n<tr>\n<td width=\"157\"><strong>T\u00ean s\u1ea3n ph\u1ea9m<\/strong><\/td>\n<td width=\"459\"><strong>CS310<\/strong><\/td>\n<\/tr>\n<tr>\n<td width=\"157\">C\u1ea3m bi\u1ebfn<\/td>\n<td width=\"459\">\u0110i-\u1ed1t quang silicon t\u0103ng c\u01b0\u1eddng m\u00e0u xanh lam v\u00e0 b\u1ed9 l\u1ecdc quang h\u1ecdc t\u00f9y ch\u1ec9nh<\/td>\n<\/tr>\n<tr>\n<td width=\"157\">M\u00f4 t\u1ea3 ph\u00e9p \u0111o<\/td>\n<td width=\"459\">\u0110o m\u1eadt \u0111\u1ed9 th\u00f4ng l\u01b0\u1ee3ng photon quang h\u1ee3p (PPFD) trong c\u1ea3 \u00e1nh s\u00e1ng t\u1ef1 nhi\u00ean v\u00e0 nh\u00e2n t\u1ea1o<\/td>\n<\/tr>\n<tr>\n<td width=\"157\">Ngu\u1ed3n c\u1ea5p<\/td>\n<td width=\"459\">T\u1ef1 cung c\u1ea5p n\u0103ng l\u01b0\u1ee3ng<\/td>\n<\/tr>\n<tr>\n<td width=\"157\">Nh\u1ea1y c\u1ea3m<\/td>\n<td width=\"459\">0,01 mV tr\u00ean \u00b5mol m-2\u00a0s-1<\/td>\n<\/tr>\n<tr>\n<td width=\"157\">H\u1ec7 s\u1ed1 hi\u1ec7u chu\u1ea9n (\u0110\u1ed1i \u1ee9ng c\u1ee7a \u0111\u1ed9 nh\u1ea1y)<\/td>\n<td width=\"459\">100,0 \u00b5mol m-2\u00a0s-1\u00a0m\u1ed7i mV<\/td>\n<\/tr>\n<tr>\n<td width=\"157\">\u0110\u1ed9 kh\u00f4ng \u0111\u1ea3m b\u1ea3o hi\u1ec7u chu\u1ea9n<\/td>\n<td width=\"459\">\u00b15% (\u0111\u1ed1i v\u1edbi t\u1ed5ng b\u1ee9c x\u1ea1 h\u00e0ng ng\u00e0y)<\/td>\n<\/tr>\n<tr>\n<td width=\"157\">Ph\u1ea1m vi \u0111\u1ea7u ra hi\u1ec7u chu\u1ea9n<\/td>\n<td width=\"459\">0 \u0111\u1ebfn 40 mV<\/td>\n<\/tr>\n<tr>\n<td width=\"157\">Ph\u1ea1m vi \u0111o l\u01b0\u1eddng<\/td>\n<td width=\"459\">0 \u0111\u1ebfn 4000 \u00b5mol m-2\u00a0s-1<\/td>\n<\/tr>\n<tr>\n<td width=\"157\">Kh\u1ea3 n\u0103ng l\u1eb7p l\u1ea1i ph\u00e9p \u0111o<\/td>\n<td width=\"459\">&lt; 1% (t\u1ed1i \u0111a 4000 \u03bcmol m-2\u00a0s-1)<\/td>\n<\/tr>\n<tr>\n<td width=\"157\">Tr\u00f4i D\u00e0i H\u1ea1n<\/td>\n<td width=\"459\">&lt; 2% m\u1ed7i n\u0103m<\/td>\n<\/tr>\n<tr>\n<td width=\"157\">phi tuy\u1ebfn t\u00ednh<\/td>\n<td width=\"459\">&lt; 1% (t\u1ed1i \u0111a 4000 \u00b5mol m-2\u00a0s-1)<\/td>\n<\/tr>\n<tr>\n<td width=\"157\">Th\u1eddi gian \u0111\u00e1p \u1ee9ng<\/td>\n<td width=\"459\">&lt; 1 mili gi\u00e2y<\/td>\n<\/tr>\n<tr>\n<td width=\"157\">Tr\u01b0\u1eddng nh\u00ecn (FOV)<\/td>\n<td width=\"459\">180\u00b0<\/td>\n<\/tr>\n<tr>\n<td width=\"157\">D\u1ea3i quang ph\u1ed5<\/td>\n<td width=\"459\">389 \u0111\u1ebfn 692 nm \u00b15 nm (b\u01b0\u1edbc s\u00f3ng trong \u0111\u00f3 ph\u1ea3n h\u1ed3i l\u1edbn h\u01a1n 50% m\u1ee9c t\u1ed1i \u0111a)<\/td>\n<\/tr>\n<tr>\n<td width=\"157\">\u0110\u1ed9 ch\u1ecdn l\u1ecdc quang ph\u1ed5<\/td>\n<td width=\"459\">&lt; 10% t\u1eeb 412 \u0111\u1ebfn 682 nm \u00b15 nm<\/td>\n<\/tr>\n<tr>\n<td width=\"157\">Ph\u1ea3n \u1ee9ng \u0111\u1ecbnh h\u01b0\u1edbng (Cosine)<\/td>\n<td width=\"459\">\u00b15% (\u1edf g\u00f3c thi\u00ean \u0111\u1ec9nh 75\u00b0)<\/td>\n<\/tr>\n<tr>\n<td width=\"157\">L\u1ed7i ph\u01b0\u01a1ng v\u1ecb<\/td>\n<td width=\"459\">&lt; 0,5%<\/td>\n<\/tr>\n<tr>\n<td width=\"157\">L\u1ed7i nghi\u00eang<\/td>\n<td width=\"459\">&lt; 0,5%<\/td>\n<\/tr>\n<tr>\n<td width=\"157\">\u0110\u00e1p \u1ee9ng nhi\u1ec7t \u0111\u1ed9<\/td>\n<td width=\"459\">-0,11 \u00b1 0,04% m\u1ed7i \u00b0C<\/td>\n<\/tr>\n<tr>\n<td width=\"157\">S\u1ef1 kh\u00f4ng ch\u1eafc ch\u1eafn trong T\u1ed5ng s\u1ed1 h\u00e0ng ng\u00e0y<\/td>\n<td width=\"459\">&lt; 5%<\/td>\n<\/tr>\n<tr>\n<td width=\"157\">m\u00e1y d\u00f2<\/td>\n<td width=\"459\">\u0110i-\u1ed1t quang silicon t\u0103ng c\u01b0\u1eddng m\u00e0u xanh lam<\/td>\n<\/tr>\n<tr>\n<td width=\"157\">nh\u00e0 \u1edf<\/td>\n<td width=\"459\">Th\u00e2n nh\u00f4m anodized v\u1edbi b\u1ed9 khu\u1ebfch t\u00e1n acrylic<\/td>\n<\/tr>\n<tr>\n<td width=\"157\">\u0110\u00e1nh gi\u00e1 IP<\/td>\n<td width=\"459\">IP68<\/td>\n<\/tr>\n<tr>\n<td width=\"157\">Nhi\u1ec7t \u0111\u1ed9 ho\u1ea1t \u0111\u1ed9ng<\/td>\n<td width=\"459\">-40\u00b0 \u0111\u1ebfn +70\u00b0C<\/td>\n<\/tr>\n<tr>\n<td width=\"157\">M\u00f4i tr\u01b0\u1eddng ho\u1ea1t \u0111\u1ed9ng<\/td>\n<td width=\"459\">0 \u0111\u1ebfn 100% \u0111\u1ed9 \u1ea9m t\u01b0\u01a1ng \u0111\u1ed1i<\/td>\n<\/tr>\n<tr>\n<td width=\"157\">C\u00e1p<\/td>\n<td width=\"459\">5 m d\u00e2y xo\u1eafn \u0111\u00f4i c\u00f3 v\u1ecf b\u1ecdc<\/td>\n<\/tr>\n<tr>\n<td width=\"157\">S\u1ef1 b\u1ea3o \u0111\u1ea3m<\/td>\n<td width=\"459\">4 n\u0103m (\u0111\u1ed1i v\u1edbi c\u00e1c khi\u1ebfm khuy\u1ebft v\u1ec1 v\u1eadt li\u1ec7u v\u00e0 tay ngh\u1ec1)<\/td>\n<\/tr>\n<tr>\n<td width=\"157\">\u0110\u01b0\u1eddng k\u00ednh<\/td>\n<td width=\"459\">2,4 cm (0,9 inch)<\/td>\n<\/tr>\n<tr>\n<td width=\"157\">Chi\u1ec1u cao<\/td>\n<td width=\"459\">3,5 cm (1,4 inch)<\/td>\n<\/tr>\n<tr>\n<td width=\"157\">C\u00e2n n\u1eb7ng<\/td>\n<td width=\"459\">100 g v\u1edbi 5 m d\u00e2y ch\u00ec (3,53 oz v\u1edbi 16,4 ft d\u00e2y ch\u00ec)<\/td>\n<\/tr>\n<\/tbody>\n<\/table>\n<p><strong>T\u00ednh n\u0103ng \u0111\u1eb7c bi\u1ec7t c\u1ee7a CS310<\/strong><\/p>\n<ul>\n<li>C\u1ea3m bi\u1ebfn l\u01b0\u1ee3ng t\u1eed to\u00e0n ph\u1ed5 v\u1edbi d\u1ea3i ph\u1ed5 t\u1eeb 389 \u0111\u1ebfn 692 nm (\u00b15 nm)<\/li>\n<li>C\u00e1c ph\u00e9p \u0111o ch\u00ednh x\u00e1c d\u01b0\u1edbi t\u1ea5t c\u1ea3 c\u00e1c ngu\u1ed3n s\u00e1ng bao g\u1ed3m \u0110i-\u1ed1t ph\u00e1t s\u00e1ng (\u0111\u00e8n LED)<\/li>\n<li>Th\u00e2n nh\u00f4m anodized h\u00ecnh v\u00f2m \u0111\u01b0\u1ee3c thi\u1ebft k\u1ebf ch\u1eafc ch\u1eafn v\u00e0 t\u1ef1 l\u00e0m s\u1ea1ch \u0111\u1ec3 c\u00f3 tu\u1ed5i th\u1ecd cao h\u01a1n v\u00e0 b\u1ea3o tr\u00ec th\u1ea5p h\u01a1n<\/li>\n<li>\u0110\u1ea7u n\u1ed1i \u0111\u01b0\u1ee3c x\u1ebfp h\u1ea1ng IP68 cung c\u1ea5p th\u00eam s\u1ef1 \u0111\u1ea3m b\u1ea3o trong m\u00f4i tr\u01b0\u1eddng \u1ea9m \u01b0\u1edbt v\u00e0 kh\u1eafc nghi\u1ec7t<\/li>\n<li>\u0110\u1ea7u c\u1ea3m bi\u1ebfn c\u00f3 th\u1ec3 th\u00e1o r\u1eddi kh\u1ecfi c\u00e1p v\u1edbi \u0111\u1ea7u n\u1ed1i b\u1eb1ng th\u00e9p kh\u00f4ng g\u1ec9 316-L c\u1ea5p h\u00e0ng h\u1ea3i \u0111\u1ec3 b\u1ea3o d\u01b0\u1ee1ng nhanh ch\u00f3ng, d\u1ec5 d\u00e0ng<\/li>\n<li>D\u1eef li\u1ec7u hi\u1ec7u chu\u1ea9n t\u1ea1i nh\u00e0 m\u00e1y \u0111\u01b0\u1ee3c l\u01b0u tr\u1eef trong c\u1ea3m bi\u1ebfn n\u00ean kh\u00f4ng y\u00eau c\u1ea7u h\u1ec7 s\u1ed1 hi\u1ec7u chu\u1ea9n d\u00e0nh ri\u00eang cho c\u1ea3m bi\u1ebfn \u0111\u1ec3 \u0111o ch\u00ednh x\u00e1c<\/li>\n<li>M\u1ed7i c\u1ea3m bi\u1ebfn \u0111\u01b0\u1ee3c hi\u1ec7u ch\u1ec9nh c\u1ea9n th\u1eadn trong c\u00e1c \u0111i\u1ec1u ki\u1ec7n \u0111\u01b0\u1ee3c ki\u1ec3m so\u00e1t v\u00e0 c\u00f3 th\u1ec3 truy nguy\u00ean theo c\u00e1c ti\u00eau chu\u1ea9n tham chi\u1ebfu c\u1ee7a NIST<\/li>\n<li>B\u1ea3o h\u00e0nh nh\u00e0 s\u1ea3n xu\u1ea5t b\u1ed1n n\u0103m<\/li>\n<\/ul>\n","protected":false},"excerpt":{"rendered":"<p><strong>Thi\u1ebft b\u1ecb \u0111o b\u1ee9c x\u1ea1 CS310<\/strong>\u00a0l\u00e0 m\u1ed9t c\u1ea3m bi\u1ebfn l\u01b0\u1ee3ng t\u1eed to\u00e0n ph\u1ed5 t\u01b0\u01a1ng t\u1ef1, t\u1ef1 c\u1ea5p ngu\u1ed3n v\u1edbi \u0111\u1ea7u ra t\u1eeb 0 \u0111\u1ebfn 40 mV. C\u1ea3m bi\u1ebfn k\u1ebft h\u1ee3p m\u1ed9t \u0111i-\u1ed1t quang silicon t\u0103ng c\u01b0\u1eddng m\u00e0u xanh lam v\u00e0 c\u00e1c b\u1ed9 l\u1ecdc quang t\u00f9y ch\u1ec9nh v\u1edbi thi\u1ebft k\u1ebf v\u1ecf c\u1ea3m bi\u1ebfn ch\u1eafc ch\u1eafn, t\u1ef1 l\u00e0m s\u1ea1ch bao g\u1ed3m th\u00e2n nh\u00f4m an\u1ed1t h\u00f3a v\u1edbi b\u1ed9 khu\u1ebfch t\u00e1n acrylic. C\u00e1c \u1ee9ng d\u1ee5ng \u0111i\u1ec3n h\u00ecnh bao g\u1ed3m ph\u00e9p \u0111o PPFD tr\u00ean t\u00e1n c\u00e2y trong m\u00f4i tr\u01b0\u1eddng ngo\u00e0i tr\u1eddi, nh\u00e0 k\u00ednh v\u00e0 bu\u1ed3ng t\u0103ng tr\u01b0\u1edfng, c\u0169ng nh\u01b0 ph\u00e9p \u0111o PPFD ph\u1ea3n x\u1ea1 ho\u1eb7c d\u01b0\u1edbi t\u00e1n c\u00e2y (truy\u1ec1n qua) trong c\u00f9ng m\u00f4i tr\u01b0\u1eddng<\/p>\n","protected":false},"featured_media":16777,"comment_status":"closed","ping_status":"closed","template":"","meta":{"site-sidebar-layout":"default","site-content-layout":"default","ast-global-header-display":"","ast-main-header-display":"","ast-hfb-above-header-display":"","ast-hfb-below-header-display":"","ast-hfb-mobile-header-display":"","site-post-title":"","ast-breadcrumbs-content":"","ast-featured-img":"","footer-sml-layout":"","theme-transparent-header-meta":"default","adv-header-id-meta":"","stick-header-meta":"","header-above-stick-meta":"","header-main-stick-meta":"","header-below-stick-meta":""},"product_cat":[200],"product_tag":[],"class_list":{"0":"post-16776","1":"product","2":"type-product","3":"status-publish","4":"has-post-thumbnail","6":"product_cat-vat-tu-thiet-bi-cho-nha-may-nltt","8":"first","9":"instock","10":"shipping-taxable","11":"product-type-simple"},"yoast_head":"<!-- This site is optimized with the Yoast SEO Premium plugin v23.9 (Yoast SEO v24.4) - https:\/\/yoast.com\/wordpress\/plugins\/seo\/ -->\n<title>THI\u1ebeT B\u1eca \u0110O B\u1ee8C X\u1ea0 CS310 - C\u00f4ng ty TNHH \u0111\u1ea7u t\u01b0 v\u00e0 c\u00f4ng ngh\u1ec7 Green Solar Vi\u1ec7t Nam<\/title>\n<meta name=\"robots\" content=\"index, follow, max-snippet:-1, max-image-preview:large, max-video-preview:-1\" \/>\n<link rel=\"canonical\" href=\"https:\/\/greensolarvietnam.vn\/?product=thiet-bi-do-buc-xa-cs310\" \/>\n<meta property=\"og:locale\" content=\"vi_VN\" \/>\n<meta property=\"og:type\" content=\"article\" \/>\n<meta property=\"og:title\" content=\"THI\u1ebeT B\u1eca \u0110O B\u1ee8C X\u1ea0 CS310\" \/>\n<meta property=\"og:description\" content=\"Thi\u1ebft b\u1ecb \u0111o b\u1ee9c x\u1ea1 CS310\u00a0l\u00e0 m\u1ed9t c\u1ea3m bi\u1ebfn l\u01b0\u1ee3ng t\u1eed to\u00e0n ph\u1ed5 t\u01b0\u01a1ng t\u1ef1, t\u1ef1 c\u1ea5p ngu\u1ed3n v\u1edbi \u0111\u1ea7u ra t\u1eeb 0 \u0111\u1ebfn 40 mV. C\u1ea3m bi\u1ebfn k\u1ebft h\u1ee3p m\u1ed9t \u0111i-\u1ed1t quang silicon t\u0103ng c\u01b0\u1eddng m\u00e0u xanh lam v\u00e0 c\u00e1c b\u1ed9 l\u1ecdc quang t\u00f9y ch\u1ec9nh v\u1edbi thi\u1ebft k\u1ebf v\u1ecf c\u1ea3m bi\u1ebfn ch\u1eafc ch\u1eafn, t\u1ef1 l\u00e0m s\u1ea1ch bao g\u1ed3m th\u00e2n nh\u00f4m an\u1ed1t h\u00f3a v\u1edbi b\u1ed9 khu\u1ebfch t\u00e1n acrylic. C\u00e1c \u1ee9ng d\u1ee5ng \u0111i\u1ec3n h\u00ecnh bao g\u1ed3m ph\u00e9p \u0111o PPFD tr\u00ean t\u00e1n c\u00e2y trong m\u00f4i tr\u01b0\u1eddng ngo\u00e0i tr\u1eddi, nh\u00e0 k\u00ednh v\u00e0 bu\u1ed3ng t\u0103ng tr\u01b0\u1edfng, c\u0169ng nh\u01b0 ph\u00e9p \u0111o PPFD ph\u1ea3n x\u1ea1 ho\u1eb7c d\u01b0\u1edbi t\u00e1n c\u00e2y (truy\u1ec1n qua) trong c\u00f9ng m\u00f4i tr\u01b0\u1eddng\" \/>\n<meta property=\"og:url\" content=\"https:\/\/greensolarvietnam.vn\/?product=thiet-bi-do-buc-xa-cs310\" \/>\n<meta property=\"og:site_name\" content=\"C\u00f4ng ty TNHH \u0111\u1ea7u t\u01b0 v\u00e0 c\u00f4ng ngh\u1ec7 Green Solar Vi\u1ec7t Nam\" \/>\n<meta property=\"og:image\" content=\"https:\/\/greensolarvietnam.vn\/wp-content\/uploads\/2024\/04\/310.2.jpg\" \/>\n\t<meta property=\"og:image:width\" content=\"655\" \/>\n\t<meta property=\"og:image:height\" content=\"490\" \/>\n\t<meta property=\"og:image:type\" content=\"image\/jpeg\" \/>\n<meta name=\"twitter:card\" content=\"summary_large_image\" \/>\n<meta name=\"twitter:label1\" content=\"\u01af\u1edbc t\u00ednh th\u1eddi gian \u0111\u1ecdc\" \/>\n\t<meta name=\"twitter:data1\" content=\"3 ph\u00fat\" \/>\n<script type=\"application\/ld+json\" class=\"yoast-schema-graph\">{\"@context\":\"https:\/\/schema.org\",\"@graph\":[{\"@type\":\"WebPage\",\"@id\":\"https:\/\/greensolarvietnam.vn\/?product=thiet-bi-do-buc-xa-cs310\",\"url\":\"https:\/\/greensolarvietnam.vn\/?product=thiet-bi-do-buc-xa-cs310\",\"name\":\"THI\u1ebeT B\u1eca \u0110O B\u1ee8C X\u1ea0 CS310 - C\u00f4ng ty TNHH \u0111\u1ea7u t\u01b0 v\u00e0 c\u00f4ng ngh\u1ec7 Green Solar Vi\u1ec7t Nam\",\"isPartOf\":{\"@id\":\"https:\/\/greensolarvietnam.vn\/#website\"},\"primaryImageOfPage\":{\"@id\":\"https:\/\/greensolarvietnam.vn\/?product=thiet-bi-do-buc-xa-cs310#primaryimage\"},\"image\":{\"@id\":\"https:\/\/greensolarvietnam.vn\/?product=thiet-bi-do-buc-xa-cs310#primaryimage\"},\"thumbnailUrl\":\"https:\/\/greensolarvietnam.vn\/wp-content\/uploads\/2024\/04\/310.2.jpg\",\"datePublished\":\"2024-04-12T04:33:24+00:00\",\"breadcrumb\":{\"@id\":\"https:\/\/greensolarvietnam.vn\/?product=thiet-bi-do-buc-xa-cs310#breadcrumb\"},\"inLanguage\":\"vi\",\"potentialAction\":[{\"@type\":\"ReadAction\",\"target\":[\"https:\/\/greensolarvietnam.vn\/?product=thiet-bi-do-buc-xa-cs310\"]}]},{\"@type\":\"ImageObject\",\"inLanguage\":\"vi\",\"@id\":\"https:\/\/greensolarvietnam.vn\/?product=thiet-bi-do-buc-xa-cs310#primaryimage\",\"url\":\"https:\/\/greensolarvietnam.vn\/wp-content\/uploads\/2024\/04\/310.2.jpg\",\"contentUrl\":\"https:\/\/greensolarvietnam.vn\/wp-content\/uploads\/2024\/04\/310.2.jpg\",\"width\":655,\"height\":490},{\"@type\":\"BreadcrumbList\",\"@id\":\"https:\/\/greensolarvietnam.vn\/?product=thiet-bi-do-buc-xa-cs310#breadcrumb\",\"itemListElement\":[{\"@type\":\"ListItem\",\"position\":1,\"name\":\"Trang ch\u1ee7\",\"item\":\"https:\/\/greensolarvietnam.vn\/\"},{\"@type\":\"ListItem\",\"position\":2,\"name\":\"S\u1ea3n ph\u1ea9m\",\"item\":\"https:\/\/greensolarvietnam.vn\/?post_type=product\"},{\"@type\":\"ListItem\",\"position\":3,\"name\":\"THI\u1ebeT B\u1eca \u0110O B\u1ee8C X\u1ea0 CS310\"}]},{\"@type\":\"WebSite\",\"@id\":\"https:\/\/greensolarvietnam.vn\/#website\",\"url\":\"https:\/\/greensolarvietnam.vn\/\",\"name\":\"C\u00f4ng ty TNHH \u0111\u1ea7u t\u01b0 v\u00e0 c\u00f4ng ngh\u1ec7 Green Solar Vi\u1ec7t Nam\",\"description\":\"C\u00f4ng ty TNHH \u0111\u1ea7u t\u01b0 v\u00e0 c\u00f4ng ngh\u1ec7 Green Solar Vi\u1ec7t Nam\",\"publisher\":{\"@id\":\"https:\/\/greensolarvietnam.vn\/#organization\"},\"potentialAction\":[{\"@type\":\"SearchAction\",\"target\":{\"@type\":\"EntryPoint\",\"urlTemplate\":\"https:\/\/greensolarvietnam.vn\/?s={search_term_string}\"},\"query-input\":{\"@type\":\"PropertyValueSpecification\",\"valueRequired\":true,\"valueName\":\"search_term_string\"}}],\"inLanguage\":\"vi\"},{\"@type\":\"Organization\",\"@id\":\"https:\/\/greensolarvietnam.vn\/#organization\",\"name\":\"C\u00f4ng ty TNHH \u0111\u1ea7u t\u01b0 v\u00e0 c\u00f4ng ngh\u1ec7 Green Solar Vi\u1ec7t Nam\",\"url\":\"https:\/\/greensolarvietnam.vn\/\",\"logo\":{\"@type\":\"ImageObject\",\"inLanguage\":\"vi\",\"@id\":\"https:\/\/greensolarvietnam.vn\/#\/schema\/logo\/image\/\",\"url\":\"https:\/\/greensolarvietnam.vn\/wp-content\/uploads\/2025\/08\/cropped-cropped-cropped-Logo-163x68-1.png\",\"contentUrl\":\"https:\/\/greensolarvietnam.vn\/wp-content\/uploads\/2025\/08\/cropped-cropped-cropped-Logo-163x68-1.png\",\"width\":163,\"height\":55,\"caption\":\"C\u00f4ng ty TNHH \u0111\u1ea7u t\u01b0 v\u00e0 c\u00f4ng ngh\u1ec7 Green Solar Vi\u1ec7t Nam\"},\"image\":{\"@id\":\"https:\/\/greensolarvietnam.vn\/#\/schema\/logo\/image\/\"}}]}<\/script>\n<!-- \/ Yoast SEO Premium plugin. -->","yoast_head_json":{"title":"THI\u1ebeT B\u1eca \u0110O B\u1ee8C X\u1ea0 CS310 - C\u00f4ng ty TNHH \u0111\u1ea7u t\u01b0 v\u00e0 c\u00f4ng ngh\u1ec7 Green Solar Vi\u1ec7t Nam","robots":{"index":"index","follow":"follow","max-snippet":"max-snippet:-1","max-image-preview":"max-image-preview:large","max-video-preview":"max-video-preview:-1"},"canonical":"https:\/\/greensolarvietnam.vn\/?product=thiet-bi-do-buc-xa-cs310","og_locale":"vi_VN","og_type":"article","og_title":"THI\u1ebeT B\u1eca \u0110O B\u1ee8C X\u1ea0 CS310","og_description":"Thi\u1ebft b\u1ecb \u0111o b\u1ee9c x\u1ea1 CS310\u00a0l\u00e0 m\u1ed9t c\u1ea3m bi\u1ebfn l\u01b0\u1ee3ng t\u1eed to\u00e0n ph\u1ed5 t\u01b0\u01a1ng t\u1ef1, t\u1ef1 c\u1ea5p ngu\u1ed3n v\u1edbi \u0111\u1ea7u ra t\u1eeb 0 \u0111\u1ebfn 40 mV. C\u1ea3m bi\u1ebfn k\u1ebft h\u1ee3p m\u1ed9t \u0111i-\u1ed1t quang silicon t\u0103ng c\u01b0\u1eddng m\u00e0u xanh lam v\u00e0 c\u00e1c b\u1ed9 l\u1ecdc quang t\u00f9y ch\u1ec9nh v\u1edbi thi\u1ebft k\u1ebf v\u1ecf c\u1ea3m bi\u1ebfn ch\u1eafc ch\u1eafn, t\u1ef1 l\u00e0m s\u1ea1ch bao g\u1ed3m th\u00e2n nh\u00f4m an\u1ed1t h\u00f3a v\u1edbi b\u1ed9 khu\u1ebfch t\u00e1n acrylic. C\u00e1c \u1ee9ng d\u1ee5ng \u0111i\u1ec3n h\u00ecnh bao g\u1ed3m ph\u00e9p \u0111o PPFD tr\u00ean t\u00e1n c\u00e2y trong m\u00f4i tr\u01b0\u1eddng ngo\u00e0i tr\u1eddi, nh\u00e0 k\u00ednh v\u00e0 bu\u1ed3ng t\u0103ng tr\u01b0\u1edfng, c\u0169ng nh\u01b0 ph\u00e9p \u0111o PPFD ph\u1ea3n x\u1ea1 ho\u1eb7c d\u01b0\u1edbi t\u00e1n c\u00e2y (truy\u1ec1n qua) trong c\u00f9ng m\u00f4i tr\u01b0\u1eddng","og_url":"https:\/\/greensolarvietnam.vn\/?product=thiet-bi-do-buc-xa-cs310","og_site_name":"C\u00f4ng ty TNHH \u0111\u1ea7u t\u01b0 v\u00e0 c\u00f4ng ngh\u1ec7 Green Solar Vi\u1ec7t Nam","og_image":[{"width":655,"height":490,"url":"https:\/\/greensolarvietnam.vn\/wp-content\/uploads\/2024\/04\/310.2.jpg","type":"image\/jpeg"}],"twitter_card":"summary_large_image","twitter_misc":{"\u01af\u1edbc t\u00ednh th\u1eddi gian \u0111\u1ecdc":"3 ph\u00fat"},"schema":{"@context":"https:\/\/schema.org","@graph":[{"@type":"WebPage","@id":"https:\/\/greensolarvietnam.vn\/?product=thiet-bi-do-buc-xa-cs310","url":"https:\/\/greensolarvietnam.vn\/?product=thiet-bi-do-buc-xa-cs310","name":"THI\u1ebeT B\u1eca \u0110O B\u1ee8C X\u1ea0 CS310 - C\u00f4ng ty TNHH \u0111\u1ea7u t\u01b0 v\u00e0 c\u00f4ng ngh\u1ec7 Green Solar Vi\u1ec7t Nam","isPartOf":{"@id":"https:\/\/greensolarvietnam.vn\/#website"},"primaryImageOfPage":{"@id":"https:\/\/greensolarvietnam.vn\/?product=thiet-bi-do-buc-xa-cs310#primaryimage"},"image":{"@id":"https:\/\/greensolarvietnam.vn\/?product=thiet-bi-do-buc-xa-cs310#primaryimage"},"thumbnailUrl":"https:\/\/greensolarvietnam.vn\/wp-content\/uploads\/2024\/04\/310.2.jpg","datePublished":"2024-04-12T04:33:24+00:00","breadcrumb":{"@id":"https:\/\/greensolarvietnam.vn\/?product=thiet-bi-do-buc-xa-cs310#breadcrumb"},"inLanguage":"vi","potentialAction":[{"@type":"ReadAction","target":["https:\/\/greensolarvietnam.vn\/?product=thiet-bi-do-buc-xa-cs310"]}]},{"@type":"ImageObject","inLanguage":"vi","@id":"https:\/\/greensolarvietnam.vn\/?product=thiet-bi-do-buc-xa-cs310#primaryimage","url":"https:\/\/greensolarvietnam.vn\/wp-content\/uploads\/2024\/04\/310.2.jpg","contentUrl":"https:\/\/greensolarvietnam.vn\/wp-content\/uploads\/2024\/04\/310.2.jpg","width":655,"height":490},{"@type":"BreadcrumbList","@id":"https:\/\/greensolarvietnam.vn\/?product=thiet-bi-do-buc-xa-cs310#breadcrumb","itemListElement":[{"@type":"ListItem","position":1,"name":"Trang ch\u1ee7","item":"https:\/\/greensolarvietnam.vn\/"},{"@type":"ListItem","position":2,"name":"S\u1ea3n ph\u1ea9m","item":"https:\/\/greensolarvietnam.vn\/?post_type=product"},{"@type":"ListItem","position":3,"name":"THI\u1ebeT B\u1eca \u0110O B\u1ee8C X\u1ea0 CS310"}]},{"@type":"WebSite","@id":"https:\/\/greensolarvietnam.vn\/#website","url":"https:\/\/greensolarvietnam.vn\/","name":"C\u00f4ng ty TNHH \u0111\u1ea7u t\u01b0 v\u00e0 c\u00f4ng ngh\u1ec7 Green Solar Vi\u1ec7t Nam","description":"C\u00f4ng ty TNHH \u0111\u1ea7u t\u01b0 v\u00e0 c\u00f4ng ngh\u1ec7 Green Solar Vi\u1ec7t Nam","publisher":{"@id":"https:\/\/greensolarvietnam.vn\/#organization"},"potentialAction":[{"@type":"SearchAction","target":{"@type":"EntryPoint","urlTemplate":"https:\/\/greensolarvietnam.vn\/?s={search_term_string}"},"query-input":{"@type":"PropertyValueSpecification","valueRequired":true,"valueName":"search_term_string"}}],"inLanguage":"vi"},{"@type":"Organization","@id":"https:\/\/greensolarvietnam.vn\/#organization","name":"C\u00f4ng ty TNHH \u0111\u1ea7u t\u01b0 v\u00e0 c\u00f4ng ngh\u1ec7 Green Solar Vi\u1ec7t Nam","url":"https:\/\/greensolarvietnam.vn\/","logo":{"@type":"ImageObject","inLanguage":"vi","@id":"https:\/\/greensolarvietnam.vn\/#\/schema\/logo\/image\/","url":"https:\/\/greensolarvietnam.vn\/wp-content\/uploads\/2025\/08\/cropped-cropped-cropped-Logo-163x68-1.png","contentUrl":"https:\/\/greensolarvietnam.vn\/wp-content\/uploads\/2025\/08\/cropped-cropped-cropped-Logo-163x68-1.png","width":163,"height":55,"caption":"C\u00f4ng ty TNHH \u0111\u1ea7u t\u01b0 v\u00e0 c\u00f4ng ngh\u1ec7 Green Solar Vi\u1ec7t Nam"},"image":{"@id":"https:\/\/greensolarvietnam.vn\/#\/schema\/logo\/image\/"}}]}},"_links":{"self":[{"href":"https:\/\/greensolarvietnam.vn\/index.php?rest_route=\/wp\/v2\/product\/16776","targetHints":{"allow":["GET"]}}],"collection":[{"href":"https:\/\/greensolarvietnam.vn\/index.php?rest_route=\/wp\/v2\/product"}],"about":[{"href":"https:\/\/greensolarvietnam.vn\/index.php?rest_route=\/wp\/v2\/types\/product"}],"replies":[{"embeddable":true,"href":"https:\/\/greensolarvietnam.vn\/index.php?rest_route=%2Fwp%2Fv2%2Fcomments&post=16776"}],"wp:featuredmedia":[{"embeddable":true,"href":"https:\/\/greensolarvietnam.vn\/index.php?rest_route=\/wp\/v2\/media\/16777"}],"wp:attachment":[{"href":"https:\/\/greensolarvietnam.vn\/index.php?rest_route=%2Fwp%2Fv2%2Fmedia&parent=16776"}],"wp:term":[{"taxonomy":"product_cat","embeddable":true,"href":"https:\/\/greensolarvietnam.vn\/index.php?rest_route=%2Fwp%2Fv2%2Fproduct_cat&post=16776"},{"taxonomy":"product_tag","embeddable":true,"href":"https:\/\/greensolarvietnam.vn\/index.php?rest_route=%2Fwp%2Fv2%2Fproduct_tag&post=16776"}],"curies":[{"name":"wp","href":"https:\/\/api.w.org\/{rel}","templated":true}]}}