{"id":16782,"date":"2024-04-12T04:37:27","date_gmt":"2024-04-12T04:37:27","guid":{"rendered":"https:\/\/greensolarvietnam.vn\/?post_type=product&#038;p=16782"},"modified":"2024-04-12T04:37:27","modified_gmt":"2024-04-12T04:37:27","slug":"thiet-bi-do-mua-rainvue10","status":"publish","type":"product","link":"https:\/\/greensolarvietnam.vn\/?product=thiet-bi-do-mua-rainvue10","title":{"rendered":"THI\u1ebeT B\u1eca \u0110O M\u01afA RAINVUE10"},"content":{"rendered":"<div class=\"content aaa\">\n<p><strong>Th\u00f4ng S\u1ed1 K\u1ef9 Thu\u1eadt RainVUE\u2122\ufe0f10<\/strong><\/p>\n<table width=\"632\">\n<tbody>\n<tr>\n<td width=\"173\"><strong>T\u00ean s\u1ea3n ph\u1ea9m\u00a0<\/strong><\/td>\n<td width=\"459\"><strong>RainVUE\u2122\ufe0f10<\/strong><\/td>\n<\/tr>\n<tr>\n<td>Lo\u1ea1i c\u1ea3m bi\u1ebfn<\/td>\n<td>X\u00f4 t\u1edbi h\u1ea1n v\u1edbi c\u00f4ng t\u1eafc s\u1eady t\u1eeb t\u00ednh<\/td>\n<\/tr>\n<tr>\n<td>V\u1eadt li\u1ec7u<\/td>\n<td>Nh\u1ef1a \u0111\u00fac phun, c\u00f3 \u0111\u1ed9 b\u1ec1n cao, \u1ed5n \u0111\u1ecbnh v\u1edbi tia c\u1ef1c t\u00edm (ASA LI-911)<\/td>\n<\/tr>\n<tr>\n<td width=\"173\">\u0110\u1ea7u ra<\/td>\n<td width=\"459\">SDI-12 phi\u00ean b\u1ea3n 1.4<\/td>\n<\/tr>\n<tr>\n<td width=\"173\">C\u1ea5u h\u00ecnh c\u1ea3m bi\u1ebfn<\/td>\n<td width=\"459\">SDI-12 ho\u1eb7c USB<\/td>\n<\/tr>\n<tr>\n<td rowspan=\"2\" width=\"173\">Nhi\u1ec7t \u0111\u1ed9 ho\u1ea1t \u0111\u1ed9ng<\/td>\n<td width=\"459\">1 \u0111\u1ebfn 70\u00b0C (ch\u1ec9 ch\u1ea5t l\u1ecfng)<\/td>\n<\/tr>\n<tr>\n<td width=\"459\">-40 \u0111\u1ebfn +70\u00b0C (bao g\u1ed3m c\u1ea3 tuy\u1ebft tan)<\/td>\n<\/tr>\n<tr>\n<td width=\"173\">N\u0103ng l\u01b0\u1ee3ng y\u00eau c\u1ea7u<\/td>\n<td width=\"459\">6 \u0111\u1ebfn 18VDC<\/td>\n<\/tr>\n<tr>\n<td rowspan=\"2\" width=\"173\">D\u00f2ng \u0111i\u1ec7n<\/td>\n<td width=\"459\">1 mA (\u0111ang ho\u1ea1t \u0111\u1ed9ng)<\/td>\n<\/tr>\n<tr>\n<td width=\"459\">0,07 mA (y\u00ean t\u0129nh)<\/td>\n<\/tr>\n<tr>\n<td width=\"173\">Pin<\/td>\n<td width=\"459\">Pin lithium 240 mAh (cung c\u1ea5p t\u1ed1i \u0111a 15 ng\u00e0y ho\u1ea1t \u0111\u1ed9ng sau khi m\u1ea5t \u0111i\u1ec7n; pin s\u1ebd t\u1ed3n t\u1ea1i l\u00e2u h\u01a1n trong \u0111i\u1ec1u ki\u1ec7n l\u00fd t\u01b0\u1edfng)<\/td>\n<\/tr>\n<tr>\n<td rowspan=\"2\" width=\"173\">Th\u1eddi gian \u0111\u00e1p \u1ee9ng<\/td>\n<td width=\"459\">0 s (\u0111\u1ed1i v\u1edbi l\u1ec7nh M0!)<\/td>\n<\/tr>\n<tr>\n<td width=\"459\">1 gi\u00e2y (\u0111\u1ed1i v\u1edbi l\u1ec7nh M1!)<\/td>\n<\/tr>\n<tr>\n<td rowspan=\"3\">\u0110o l\u01b0\u1eddng kh\u00f4ng ch\u1eafc ch\u1eafn<\/td>\n<td>1\u00b0 (g\u00f3c nghi\u00eang)<\/td>\n<\/tr>\n<tr>\n<td>0,25\u00b0C (nhi\u1ec7t \u0111\u1ed9)<\/td>\n<\/tr>\n<tr>\n<td>0,5 V (\u0111i\u1ec7n \u00e1p ngu\u1ed3n)<\/td>\n<\/tr>\n<tr>\n<td>\u0110\u01b0\u1eddng k\u00ednh l\u1ed7<\/td>\n<td>20,0 cm (7,87 in.)<\/td>\n<\/tr>\n<tr>\n<td>Khu v\u1ef1c thu th\u1eadp<\/td>\n<td>314,16 cm2\u00a0(48,67 in.2)<\/td>\n<\/tr>\n<tr>\n<td>Chi\u1ec1u cao<\/td>\n<td>43,5 \u0111\u1ebfn 46,5 cm (17,1 \u0111\u1ebfn 18,3 in.) c\u00f3 \u0111i\u1ec1u ch\u1ec9nh ch\u00e2n<\/td>\n<\/tr>\n<tr>\n<td>C\u00e2n n\u1eb7ng<\/td>\n<td>2 kg (4,5 lb)<\/td>\n<\/tr>\n<tr>\n<td colspan=\"2\"><strong>T\u00f9y ch\u1ecdn 0,01 inch<\/strong><\/td>\n<\/tr>\n<tr>\n<td>Ph\u1ea1m vi \u0111o l\u01b0\u1eddng<\/td>\n<td>0 \u0111\u1ebfn 1200 mm\/h (0 \u0111\u1ebfn 48 in.\/h)<\/td>\n<\/tr>\n<tr>\n<td>\u0110\u1ed9 ph\u00e2n gi\u1ea3i<\/td>\n<td>0,254 mm (0,01 inch)<\/td>\n<\/tr>\n<tr>\n<td>L\u01b0\u1ee3ng m\u01b0a \u0111o l\u01b0\u1eddng kh\u00f4ng ch\u1eafc ch\u1eafn<\/td>\n<td>1% \u1edf c\u01b0\u1eddng \u0111\u1ed9 0 \u0111\u1ebfn 1200 mm\/h (c\u01b0\u1eddng \u0111\u1ed9 0 \u0111\u1ebfn 48 in.\/h)<\/td>\n<\/tr>\n<tr>\n<td>Ph\u1ea1m vi c\u01b0\u1eddng \u0111\u1ed9 m\u01b0a<\/td>\n<td>0 \u0111\u1ebfn 1200 mm\/h (0 \u0111\u1ebfn 48 in.\/h)<\/td>\n<\/tr>\n<tr>\n<td>Tu\u00e2n th\u1ee7 WMO<\/td>\n<td>Kh\u00f4ng<\/td>\n<\/tr>\n<tr>\n<td colspan=\"2\"><strong>T\u00f9y ch\u1ecdn 0,1 milimet<\/strong><\/td>\n<\/tr>\n<tr>\n<td>Ph\u1ea1m vi \u0111o l\u01b0\u1eddng<\/td>\n<td>0 \u0111\u1ebfn 500 mm\/h (0 \u0111\u1ebfn 19,7 in.\/h)<\/td>\n<\/tr>\n<tr>\n<td>\u0110\u1ed9 ph\u00e2n gi\u1ea3i<\/td>\n<td>0,1 mm (0,004 inch)<\/td>\n<\/tr>\n<tr>\n<td>L\u01b0\u1ee3ng m\u01b0a \u0111o l\u01b0\u1eddng kh\u00f4ng ch\u1eafc ch\u1eafn<\/td>\n<td>Sai s\u1ed1 l\u1edbn h\u01a1n 0,1 mm ho\u1eb7c 4% \u1edf c\u01b0\u1eddng \u0111\u1ed9 0 \u0111\u1ebfn 500 mm\/h (c\u01b0\u1eddng \u0111\u1ed9 0 \u0111\u1ebfn 19,7 in.\/h)<\/td>\n<\/tr>\n<tr>\n<td>Ph\u1ea1m vi c\u01b0\u1eddng \u0111\u1ed9 m\u01b0a<\/td>\n<td>0 \u0111\u1ebfn 500 mm\/h (0 \u0111\u1ebfn 19,7 in.\/h)<\/td>\n<\/tr>\n<tr>\n<td rowspan=\"2\">\u0110\u1ed9 kh\u00f4ng \u0111\u1ea3m b\u1ea3o \u0111o l\u01b0\u1eddng c\u01b0\u1eddng \u0111\u1ed9 m\u01b0a<\/td>\n<td>\u2264 3,5% \u1edf 0 \u0111\u1ebfn 300 mm\/h (7,9 \u0111\u1ebfn 11,8 in.\/h)<\/td>\n<\/tr>\n<tr>\n<td>\u2264 5% \u1edf 0 \u0111\u1ebfn 500 mm\/h (11,8 \u0111\u1ebfn 19,7 in.\/h)<\/td>\n<\/tr>\n<tr>\n<td>Tu\u00e2n th\u1ee7 WMO<\/td>\n<td>\u0110\u00fang<\/td>\n<\/tr>\n<tr>\n<td colspan=\"2\"><strong>T\u00f9y ch\u1ecdn 0,2 milim\u00e9t<\/strong><\/td>\n<\/tr>\n<tr>\n<td>Ph\u1ea1m vi \u0111o l\u01b0\u1eddng<\/td>\n<td>0 \u0111\u1ebfn 1000 mm\/h (0 \u0111\u1ebfn 39,4 in.\/h)<\/td>\n<\/tr>\n<tr>\n<td>\u0110\u1ed9 ph\u00e2n gi\u1ea3i<\/td>\n<td>0,2 mm (0,008 inch)<\/td>\n<\/tr>\n<tr>\n<td>L\u01b0\u1ee3ng m\u01b0a \u0111o l\u01b0\u1eddng kh\u00f4ng ch\u1eafc ch\u1eafn<\/td>\n<td>&lt; 4% \u1edf c\u01b0\u1eddng \u0111\u1ed9 0 \u0111\u1ebfn 1000 mm\/h (c\u01b0\u1eddng \u0111\u1ed9 0 \u0111\u1ebfn 39,4 in.\/h)<\/td>\n<\/tr>\n<tr>\n<td>Ph\u1ea1m vi c\u01b0\u1eddng \u0111\u1ed9 m\u01b0a<\/td>\n<td>0 \u0111\u1ebfn 500 mm\/h (0 \u0111\u1ebfn 19,7 in.\/h)<\/td>\n<\/tr>\n<tr>\n<td>\u0110\u1ed9 kh\u00f4ng \u0111\u1ea3m b\u1ea3o \u0111o l\u01b0\u1eddng c\u01b0\u1eddng \u0111\u1ed9 m\u01b0a<\/td>\n<td>4% \u1edf 0 \u0111\u1ebfn 1000 mm\/h (0 \u0111\u1ebfn 39,4 in.\/h)<\/td>\n<\/tr>\n<tr>\n<td>Tu\u00e2n th\u1ee7 WMO<\/td>\n<td>Kh\u00f4ng<\/td>\n<\/tr>\n<\/tbody>\n<\/table>\n<p><strong>T\u00ednh n\u0103ng \u0111\u1eb7c bi\u1ec7t cu\u1ea3 RainVUE\u2122\ufe0f10<\/strong><\/p>\n<ul>\n<li>C\u1ea5u tr\u00fac nh\u1ef1a ASA b\u1ec1n mang l\u1ea1i s\u1ef1 \u1ed5n \u0111\u1ecbnh tia c\u1ef1c t\u00edm v\u00e0 \u0111\u1ed9 b\u1ec1n v\u01b0\u1ee3t tr\u1ed9i cho m\u1ecdi m\u00f4i tr\u01b0\u1eddng<\/li>\n<li>X\u1eed l\u00fd k\u1ef9 thu\u1eadt s\u1ed1 \u0111\u1ec3 s\u1eeda l\u1ed7i l\u01b0\u1ee3ng m\u01b0a c\u01b0\u1eddng \u0111\u1ed9 cao l\u00ean \u0111\u1ebfn 500 mm\/h (20 in.\/h)<\/li>\n<li>\u0110o c\u01b0\u1eddng \u0111\u1ed9 m\u01b0a l\u00ean \u0111\u1ebfn 1000 mm\/h<\/li>\n<li>\u0110\u00e1p \u1ee9ng c\u00e1c khuy\u1ebfn ngh\u1ecb c\u1ee7a WMO cho khu v\u1ef1c ph\u1ec5u<\/li>\n<li>\u0110\u1ed9 nghi\u00eang, nhi\u1ec7t \u0111\u1ed9 b\u00ean trong v\u00e0 \u0111o \u0111i\u1ec7n \u00e1p \u0111\u1ec3 ch\u1ea9n \u0111o\u00e1n t\u1eeb xa tr\u00ean c\u1ea3m bi\u1ebfn<\/li>\n<li>San l\u1ea5p m\u1eb7t b\u1eb1ng d\u1ec5 d\u00e0ng v\u1edbi bong b\u00f3ng san l\u1ea5p m\u1eb7t b\u1eb1ng b\u00ean ngo\u00e0i<\/li>\n<li>Ch\u00e2n g\u1eafn c\u00f3 th\u1ec3 \u0111i\u1ec1u ch\u1ec9nh \u0111\u1ec3 \u0111\u01a1n gi\u1ea3n h\u00f3a vi\u1ec7c c\u00e2n b\u1eb1ng<\/li>\n<li>H\u00ecnh d\u1ea1ng kh\u00ed \u0111\u1ed9ng h\u1ecdc \u0111\u1ed9c \u0111\u00e1o t\u0103ng \u0111\u1ed9 ch\u00ednh x\u00e1c b\u1eb1ng c\u00e1ch gi\u1ea3m thi\u1ec3u t\u00e1c \u0111\u1ed9ng c\u1ee7a gi\u00f3<\/li>\n<li>Ghi d\u1eef li\u1ec7u t\u00edch h\u1ee3p v\u00e0 sao l\u01b0u pin \u0111\u1ec3 tr\u00e1nh m\u1ea5t d\u1eef li\u1ec7u do m\u1ea5t \u0111i\u1ec7n ho\u1eb7c gi\u00e1n \u0111o\u1ea1n li\u00ean l\u1ea1c<\/li>\n<\/ul>\n<\/div>\n<div class=\"content specifications_datails\">\n<p><iframe loading=\"lazy\" title=\"Introducing the RainVUE\u212220\" src=\"https:\/\/www.youtube.com\/embed\/UmdO_8ZuNAs?feature=oembed\" width=\"1200\" height=\"675\" frameborder=\"0\" allowfullscreen=\"allowfullscreen\" data-mce-fragment=\"1\"><\/iframe><\/p>\n<\/div>\n","protected":false},"excerpt":{"rendered":"<p><strong>Thi\u1ebft b\u1ecb \u0111o m\u01b0a RAINVUE10<\/strong>\u00a0l\u00fd t\u01b0\u1edfng cho nhi\u1ec1u \u1ee9ng d\u1ee5ng th\u1ee7y v\u0103n ho\u1eb7c kh\u00ed t\u01b0\u1ee3ng nh\u01b0 tr\u1ea1m th\u1eddi ti\u1ebft v\u00e0 h\u1ec7 th\u1ed1ng c\u1ea3nh b\u00e1o l\u0169 l\u1ee5t. RainVUE\u2122\ufe0f10 l\u00e0 thi\u1ebft b\u1ecb \u0111o m\u01b0a d\u1ea1ng x\u00f4 nghi\u00eang SDI-12 trong d\u00f2ng s\u1ea3n ph\u1ea9m RainVUE\u2122\ufe0f. C\u00e1c thu\u1eadt to\u00e1n ti\u00ean ti\u1ebfn v\u00e0 qu\u00e1 tr\u00ecnh x\u1eed l\u00fd k\u1ef9 thu\u1eadt s\u1ed1 trong c\u1ea3m bi\u1ebfn s\u1ebd b\u00f9 \u0111\u1eafp cho c\u00e1c l\u1ed7i do m\u01b0a c\u01b0\u1eddng \u0111\u1ed9 cao g\u00e2y ra v\u00e0 cung c\u1ea5p c\u00e1c ph\u00e9p \u0111o c\u01b0\u1eddng \u0111\u1ed9 v\u00e0 l\u01b0\u1ee3ng m\u01b0a ch\u00ednh x\u00e1c. \u0110\u01b0\u1ee3c c\u1ea5u t\u1ea1o t\u1eeb m\u1ed9t ph\u1ec5u nh\u1ef1a kh\u00ed \u0111\u1ed9ng h\u1ecdc, RainVUE\u2122\ufe0f10 ti\u1ebft ki\u1ec7m chi ph\u00ed v\u00e0 gi\u1ea3m thi\u1ec3u l\u01b0\u1ee3ng k\u1ebft t\u1ee7a ch\u1ea5t l\u1ecfng b\u1ecb th\u1ea5t tho\u00e1t do t\u00e1c \u0111\u1ed9ng c\u1ee7a gi\u00f3. Thi\u1ebft b\u1ecb \u0111o m\u01b0a n\u00e0y cung c\u1ea5p cho ng\u01b0\u1eddi d\u00f9ng s\u1ef1 linh ho\u1ea1t v\u1edbi t\u00f9y ch\u1ecdn \u0111\u1ec3 ch\u1ecdn t\u1eeb m\u1ed9t lo\u1ea1t chi\u1ec1u d\u00e0i c\u00e1p \u0111\u00e3 \u0111\u1eb7t ho\u1eb7c chi\u1ec1u d\u00e0i c\u00e1p do ng\u01b0\u1eddi d\u00f9ng x\u00e1c \u0111\u1ecbnh<\/p>\n","protected":false},"featured_media":16783,"comment_status":"closed","ping_status":"closed","template":"","meta":{"site-sidebar-layout":"default","site-content-layout":"default","ast-global-header-display":"","ast-main-header-display":"","ast-hfb-above-header-display":"","ast-hfb-below-header-display":"","ast-hfb-mobile-header-display":"","site-post-title":"","ast-breadcrumbs-content":"","ast-featured-img":"","footer-sml-layout":"","theme-transparent-header-meta":"default","adv-header-id-meta":"","stick-header-meta":"","header-above-stick-meta":"","header-main-stick-meta":"","header-below-stick-meta":""},"product_cat":[200],"product_tag":[],"class_list":{"0":"post-16782","1":"product","2":"type-product","3":"status-publish","4":"has-post-thumbnail","6":"product_cat-vat-tu-thiet-bi-cho-nha-may-nltt","8":"first","9":"instock","10":"shipping-taxable","11":"product-type-simple"},"yoast_head":"<!-- This site is optimized with the Yoast SEO Premium plugin v23.9 (Yoast SEO v24.4) - https:\/\/yoast.com\/wordpress\/plugins\/seo\/ -->\n<title>THI\u1ebeT B\u1eca \u0110O M\u01afA RAINVUE10 - C\u00f4ng ty TNHH \u0111\u1ea7u t\u01b0 v\u00e0 c\u00f4ng ngh\u1ec7 Green Solar Vi\u1ec7t Nam<\/title>\n<meta name=\"robots\" content=\"index, follow, max-snippet:-1, max-image-preview:large, max-video-preview:-1\" \/>\n<link rel=\"canonical\" href=\"https:\/\/greensolarvietnam.vn\/?product=thiet-bi-do-mua-rainvue10\" \/>\n<meta property=\"og:locale\" content=\"vi_VN\" \/>\n<meta property=\"og:type\" content=\"article\" \/>\n<meta property=\"og:title\" content=\"THI\u1ebeT B\u1eca \u0110O M\u01afA RAINVUE10\" \/>\n<meta property=\"og:description\" content=\"Thi\u1ebft b\u1ecb \u0111o m\u01b0a RAINVUE10\u00a0l\u00fd t\u01b0\u1edfng cho nhi\u1ec1u \u1ee9ng d\u1ee5ng th\u1ee7y v\u0103n ho\u1eb7c kh\u00ed t\u01b0\u1ee3ng nh\u01b0 tr\u1ea1m th\u1eddi ti\u1ebft v\u00e0 h\u1ec7 th\u1ed1ng c\u1ea3nh b\u00e1o l\u0169 l\u1ee5t. RainVUE\u2122\ufe0f10 l\u00e0 thi\u1ebft b\u1ecb \u0111o m\u01b0a d\u1ea1ng x\u00f4 nghi\u00eang SDI-12 trong d\u00f2ng s\u1ea3n ph\u1ea9m RainVUE\u2122\ufe0f. C\u00e1c thu\u1eadt to\u00e1n ti\u00ean ti\u1ebfn v\u00e0 qu\u00e1 tr\u00ecnh x\u1eed l\u00fd k\u1ef9 thu\u1eadt s\u1ed1 trong c\u1ea3m bi\u1ebfn s\u1ebd b\u00f9 \u0111\u1eafp cho c\u00e1c l\u1ed7i do m\u01b0a c\u01b0\u1eddng \u0111\u1ed9 cao g\u00e2y ra v\u00e0 cung c\u1ea5p c\u00e1c ph\u00e9p \u0111o c\u01b0\u1eddng \u0111\u1ed9 v\u00e0 l\u01b0\u1ee3ng m\u01b0a ch\u00ednh x\u00e1c. \u0110\u01b0\u1ee3c c\u1ea5u t\u1ea1o t\u1eeb m\u1ed9t ph\u1ec5u nh\u1ef1a kh\u00ed \u0111\u1ed9ng h\u1ecdc, RainVUE\u2122\ufe0f10 ti\u1ebft ki\u1ec7m chi ph\u00ed v\u00e0 gi\u1ea3m thi\u1ec3u l\u01b0\u1ee3ng k\u1ebft t\u1ee7a ch\u1ea5t l\u1ecfng b\u1ecb th\u1ea5t tho\u00e1t do t\u00e1c \u0111\u1ed9ng c\u1ee7a gi\u00f3. Thi\u1ebft b\u1ecb \u0111o m\u01b0a n\u00e0y cung c\u1ea5p cho ng\u01b0\u1eddi d\u00f9ng s\u1ef1 linh ho\u1ea1t v\u1edbi t\u00f9y ch\u1ecdn \u0111\u1ec3 ch\u1ecdn t\u1eeb m\u1ed9t lo\u1ea1t chi\u1ec1u d\u00e0i c\u00e1p \u0111\u00e3 \u0111\u1eb7t ho\u1eb7c chi\u1ec1u d\u00e0i c\u00e1p do ng\u01b0\u1eddi d\u00f9ng x\u00e1c \u0111\u1ecbnh\" \/>\n<meta property=\"og:url\" content=\"https:\/\/greensolarvietnam.vn\/?product=thiet-bi-do-mua-rainvue10\" \/>\n<meta property=\"og:site_name\" content=\"C\u00f4ng ty TNHH \u0111\u1ea7u t\u01b0 v\u00e0 c\u00f4ng ngh\u1ec7 Green Solar Vi\u1ec7t Nam\" \/>\n<meta property=\"og:image\" content=\"https:\/\/greensolarvietnam.vn\/wp-content\/uploads\/2024\/04\/RainVUE10.2.jpg\" \/>\n\t<meta property=\"og:image:width\" content=\"500\" \/>\n\t<meta property=\"og:image:height\" content=\"551\" \/>\n\t<meta property=\"og:image:type\" content=\"image\/jpeg\" \/>\n<meta name=\"twitter:card\" content=\"summary_large_image\" \/>\n<meta name=\"twitter:label1\" content=\"\u01af\u1edbc t\u00ednh th\u1eddi gian \u0111\u1ecdc\" \/>\n\t<meta name=\"twitter:data1\" content=\"4 ph\u00fat\" \/>\n<script type=\"application\/ld+json\" class=\"yoast-schema-graph\">{\"@context\":\"https:\/\/schema.org\",\"@graph\":[{\"@type\":\"WebPage\",\"@id\":\"https:\/\/greensolarvietnam.vn\/?product=thiet-bi-do-mua-rainvue10\",\"url\":\"https:\/\/greensolarvietnam.vn\/?product=thiet-bi-do-mua-rainvue10\",\"name\":\"THI\u1ebeT B\u1eca \u0110O M\u01afA RAINVUE10 - C\u00f4ng ty TNHH \u0111\u1ea7u t\u01b0 v\u00e0 c\u00f4ng ngh\u1ec7 Green Solar Vi\u1ec7t Nam\",\"isPartOf\":{\"@id\":\"https:\/\/greensolarvietnam.vn\/#website\"},\"primaryImageOfPage\":{\"@id\":\"https:\/\/greensolarvietnam.vn\/?product=thiet-bi-do-mua-rainvue10#primaryimage\"},\"image\":{\"@id\":\"https:\/\/greensolarvietnam.vn\/?product=thiet-bi-do-mua-rainvue10#primaryimage\"},\"thumbnailUrl\":\"https:\/\/greensolarvietnam.vn\/wp-content\/uploads\/2024\/04\/RainVUE10.2.jpg\",\"datePublished\":\"2024-04-12T04:37:27+00:00\",\"breadcrumb\":{\"@id\":\"https:\/\/greensolarvietnam.vn\/?product=thiet-bi-do-mua-rainvue10#breadcrumb\"},\"inLanguage\":\"vi\",\"potentialAction\":[{\"@type\":\"ReadAction\",\"target\":[\"https:\/\/greensolarvietnam.vn\/?product=thiet-bi-do-mua-rainvue10\"]}]},{\"@type\":\"ImageObject\",\"inLanguage\":\"vi\",\"@id\":\"https:\/\/greensolarvietnam.vn\/?product=thiet-bi-do-mua-rainvue10#primaryimage\",\"url\":\"https:\/\/greensolarvietnam.vn\/wp-content\/uploads\/2024\/04\/RainVUE10.2.jpg\",\"contentUrl\":\"https:\/\/greensolarvietnam.vn\/wp-content\/uploads\/2024\/04\/RainVUE10.2.jpg\",\"width\":500,\"height\":551},{\"@type\":\"BreadcrumbList\",\"@id\":\"https:\/\/greensolarvietnam.vn\/?product=thiet-bi-do-mua-rainvue10#breadcrumb\",\"itemListElement\":[{\"@type\":\"ListItem\",\"position\":1,\"name\":\"Trang ch\u1ee7\",\"item\":\"https:\/\/greensolarvietnam.vn\/\"},{\"@type\":\"ListItem\",\"position\":2,\"name\":\"S\u1ea3n ph\u1ea9m\",\"item\":\"https:\/\/greensolarvietnam.vn\/?post_type=product\"},{\"@type\":\"ListItem\",\"position\":3,\"name\":\"THI\u1ebeT B\u1eca \u0110O M\u01afA RAINVUE10\"}]},{\"@type\":\"WebSite\",\"@id\":\"https:\/\/greensolarvietnam.vn\/#website\",\"url\":\"https:\/\/greensolarvietnam.vn\/\",\"name\":\"C\u00f4ng ty TNHH \u0111\u1ea7u t\u01b0 v\u00e0 c\u00f4ng ngh\u1ec7 Green Solar Vi\u1ec7t Nam\",\"description\":\"C\u00f4ng ty TNHH \u0111\u1ea7u t\u01b0 v\u00e0 c\u00f4ng ngh\u1ec7 Green Solar Vi\u1ec7t Nam\",\"publisher\":{\"@id\":\"https:\/\/greensolarvietnam.vn\/#organization\"},\"potentialAction\":[{\"@type\":\"SearchAction\",\"target\":{\"@type\":\"EntryPoint\",\"urlTemplate\":\"https:\/\/greensolarvietnam.vn\/?s={search_term_string}\"},\"query-input\":{\"@type\":\"PropertyValueSpecification\",\"valueRequired\":true,\"valueName\":\"search_term_string\"}}],\"inLanguage\":\"vi\"},{\"@type\":\"Organization\",\"@id\":\"https:\/\/greensolarvietnam.vn\/#organization\",\"name\":\"C\u00f4ng ty TNHH \u0111\u1ea7u t\u01b0 v\u00e0 c\u00f4ng ngh\u1ec7 Green Solar Vi\u1ec7t Nam\",\"url\":\"https:\/\/greensolarvietnam.vn\/\",\"logo\":{\"@type\":\"ImageObject\",\"inLanguage\":\"vi\",\"@id\":\"https:\/\/greensolarvietnam.vn\/#\/schema\/logo\/image\/\",\"url\":\"https:\/\/greensolarvietnam.vn\/wp-content\/uploads\/2025\/08\/cropped-cropped-cropped-Logo-163x68-1.png\",\"contentUrl\":\"https:\/\/greensolarvietnam.vn\/wp-content\/uploads\/2025\/08\/cropped-cropped-cropped-Logo-163x68-1.png\",\"width\":163,\"height\":55,\"caption\":\"C\u00f4ng ty TNHH \u0111\u1ea7u t\u01b0 v\u00e0 c\u00f4ng ngh\u1ec7 Green Solar Vi\u1ec7t Nam\"},\"image\":{\"@id\":\"https:\/\/greensolarvietnam.vn\/#\/schema\/logo\/image\/\"}}]}<\/script>\n<!-- \/ Yoast SEO Premium plugin. -->","yoast_head_json":{"title":"THI\u1ebeT B\u1eca \u0110O M\u01afA RAINVUE10 - C\u00f4ng ty TNHH \u0111\u1ea7u t\u01b0 v\u00e0 c\u00f4ng ngh\u1ec7 Green Solar Vi\u1ec7t Nam","robots":{"index":"index","follow":"follow","max-snippet":"max-snippet:-1","max-image-preview":"max-image-preview:large","max-video-preview":"max-video-preview:-1"},"canonical":"https:\/\/greensolarvietnam.vn\/?product=thiet-bi-do-mua-rainvue10","og_locale":"vi_VN","og_type":"article","og_title":"THI\u1ebeT B\u1eca \u0110O M\u01afA RAINVUE10","og_description":"Thi\u1ebft b\u1ecb \u0111o m\u01b0a RAINVUE10\u00a0l\u00fd t\u01b0\u1edfng cho nhi\u1ec1u \u1ee9ng d\u1ee5ng th\u1ee7y v\u0103n ho\u1eb7c kh\u00ed t\u01b0\u1ee3ng nh\u01b0 tr\u1ea1m th\u1eddi ti\u1ebft v\u00e0 h\u1ec7 th\u1ed1ng c\u1ea3nh b\u00e1o l\u0169 l\u1ee5t. RainVUE\u2122\ufe0f10 l\u00e0 thi\u1ebft b\u1ecb \u0111o m\u01b0a d\u1ea1ng x\u00f4 nghi\u00eang SDI-12 trong d\u00f2ng s\u1ea3n ph\u1ea9m RainVUE\u2122\ufe0f. C\u00e1c thu\u1eadt to\u00e1n ti\u00ean ti\u1ebfn v\u00e0 qu\u00e1 tr\u00ecnh x\u1eed l\u00fd k\u1ef9 thu\u1eadt s\u1ed1 trong c\u1ea3m bi\u1ebfn s\u1ebd b\u00f9 \u0111\u1eafp cho c\u00e1c l\u1ed7i do m\u01b0a c\u01b0\u1eddng \u0111\u1ed9 cao g\u00e2y ra v\u00e0 cung c\u1ea5p c\u00e1c ph\u00e9p \u0111o c\u01b0\u1eddng \u0111\u1ed9 v\u00e0 l\u01b0\u1ee3ng m\u01b0a ch\u00ednh x\u00e1c. \u0110\u01b0\u1ee3c c\u1ea5u t\u1ea1o t\u1eeb m\u1ed9t ph\u1ec5u nh\u1ef1a kh\u00ed \u0111\u1ed9ng h\u1ecdc, RainVUE\u2122\ufe0f10 ti\u1ebft ki\u1ec7m chi ph\u00ed v\u00e0 gi\u1ea3m thi\u1ec3u l\u01b0\u1ee3ng k\u1ebft t\u1ee7a ch\u1ea5t l\u1ecfng b\u1ecb th\u1ea5t tho\u00e1t do t\u00e1c \u0111\u1ed9ng c\u1ee7a gi\u00f3. Thi\u1ebft b\u1ecb \u0111o m\u01b0a n\u00e0y cung c\u1ea5p cho ng\u01b0\u1eddi d\u00f9ng s\u1ef1 linh ho\u1ea1t v\u1edbi t\u00f9y ch\u1ecdn \u0111\u1ec3 ch\u1ecdn t\u1eeb m\u1ed9t lo\u1ea1t chi\u1ec1u d\u00e0i c\u00e1p \u0111\u00e3 \u0111\u1eb7t ho\u1eb7c chi\u1ec1u d\u00e0i c\u00e1p do ng\u01b0\u1eddi d\u00f9ng x\u00e1c \u0111\u1ecbnh","og_url":"https:\/\/greensolarvietnam.vn\/?product=thiet-bi-do-mua-rainvue10","og_site_name":"C\u00f4ng ty TNHH \u0111\u1ea7u t\u01b0 v\u00e0 c\u00f4ng ngh\u1ec7 Green Solar Vi\u1ec7t Nam","og_image":[{"width":500,"height":551,"url":"https:\/\/greensolarvietnam.vn\/wp-content\/uploads\/2024\/04\/RainVUE10.2.jpg","type":"image\/jpeg"}],"twitter_card":"summary_large_image","twitter_misc":{"\u01af\u1edbc t\u00ednh th\u1eddi gian \u0111\u1ecdc":"4 ph\u00fat"},"schema":{"@context":"https:\/\/schema.org","@graph":[{"@type":"WebPage","@id":"https:\/\/greensolarvietnam.vn\/?product=thiet-bi-do-mua-rainvue10","url":"https:\/\/greensolarvietnam.vn\/?product=thiet-bi-do-mua-rainvue10","name":"THI\u1ebeT B\u1eca \u0110O M\u01afA RAINVUE10 - C\u00f4ng ty TNHH \u0111\u1ea7u t\u01b0 v\u00e0 c\u00f4ng ngh\u1ec7 Green Solar Vi\u1ec7t Nam","isPartOf":{"@id":"https:\/\/greensolarvietnam.vn\/#website"},"primaryImageOfPage":{"@id":"https:\/\/greensolarvietnam.vn\/?product=thiet-bi-do-mua-rainvue10#primaryimage"},"image":{"@id":"https:\/\/greensolarvietnam.vn\/?product=thiet-bi-do-mua-rainvue10#primaryimage"},"thumbnailUrl":"https:\/\/greensolarvietnam.vn\/wp-content\/uploads\/2024\/04\/RainVUE10.2.jpg","datePublished":"2024-04-12T04:37:27+00:00","breadcrumb":{"@id":"https:\/\/greensolarvietnam.vn\/?product=thiet-bi-do-mua-rainvue10#breadcrumb"},"inLanguage":"vi","potentialAction":[{"@type":"ReadAction","target":["https:\/\/greensolarvietnam.vn\/?product=thiet-bi-do-mua-rainvue10"]}]},{"@type":"ImageObject","inLanguage":"vi","@id":"https:\/\/greensolarvietnam.vn\/?product=thiet-bi-do-mua-rainvue10#primaryimage","url":"https:\/\/greensolarvietnam.vn\/wp-content\/uploads\/2024\/04\/RainVUE10.2.jpg","contentUrl":"https:\/\/greensolarvietnam.vn\/wp-content\/uploads\/2024\/04\/RainVUE10.2.jpg","width":500,"height":551},{"@type":"BreadcrumbList","@id":"https:\/\/greensolarvietnam.vn\/?product=thiet-bi-do-mua-rainvue10#breadcrumb","itemListElement":[{"@type":"ListItem","position":1,"name":"Trang ch\u1ee7","item":"https:\/\/greensolarvietnam.vn\/"},{"@type":"ListItem","position":2,"name":"S\u1ea3n ph\u1ea9m","item":"https:\/\/greensolarvietnam.vn\/?post_type=product"},{"@type":"ListItem","position":3,"name":"THI\u1ebeT B\u1eca \u0110O M\u01afA RAINVUE10"}]},{"@type":"WebSite","@id":"https:\/\/greensolarvietnam.vn\/#website","url":"https:\/\/greensolarvietnam.vn\/","name":"C\u00f4ng ty TNHH \u0111\u1ea7u t\u01b0 v\u00e0 c\u00f4ng ngh\u1ec7 Green Solar Vi\u1ec7t Nam","description":"C\u00f4ng ty TNHH \u0111\u1ea7u t\u01b0 v\u00e0 c\u00f4ng ngh\u1ec7 Green Solar Vi\u1ec7t Nam","publisher":{"@id":"https:\/\/greensolarvietnam.vn\/#organization"},"potentialAction":[{"@type":"SearchAction","target":{"@type":"EntryPoint","urlTemplate":"https:\/\/greensolarvietnam.vn\/?s={search_term_string}"},"query-input":{"@type":"PropertyValueSpecification","valueRequired":true,"valueName":"search_term_string"}}],"inLanguage":"vi"},{"@type":"Organization","@id":"https:\/\/greensolarvietnam.vn\/#organization","name":"C\u00f4ng ty TNHH \u0111\u1ea7u t\u01b0 v\u00e0 c\u00f4ng ngh\u1ec7 Green Solar Vi\u1ec7t Nam","url":"https:\/\/greensolarvietnam.vn\/","logo":{"@type":"ImageObject","inLanguage":"vi","@id":"https:\/\/greensolarvietnam.vn\/#\/schema\/logo\/image\/","url":"https:\/\/greensolarvietnam.vn\/wp-content\/uploads\/2025\/08\/cropped-cropped-cropped-Logo-163x68-1.png","contentUrl":"https:\/\/greensolarvietnam.vn\/wp-content\/uploads\/2025\/08\/cropped-cropped-cropped-Logo-163x68-1.png","width":163,"height":55,"caption":"C\u00f4ng ty TNHH \u0111\u1ea7u t\u01b0 v\u00e0 c\u00f4ng ngh\u1ec7 Green Solar Vi\u1ec7t Nam"},"image":{"@id":"https:\/\/greensolarvietnam.vn\/#\/schema\/logo\/image\/"}}]}},"_links":{"self":[{"href":"https:\/\/greensolarvietnam.vn\/index.php?rest_route=\/wp\/v2\/product\/16782","targetHints":{"allow":["GET"]}}],"collection":[{"href":"https:\/\/greensolarvietnam.vn\/index.php?rest_route=\/wp\/v2\/product"}],"about":[{"href":"https:\/\/greensolarvietnam.vn\/index.php?rest_route=\/wp\/v2\/types\/product"}],"replies":[{"embeddable":true,"href":"https:\/\/greensolarvietnam.vn\/index.php?rest_route=%2Fwp%2Fv2%2Fcomments&post=16782"}],"wp:featuredmedia":[{"embeddable":true,"href":"https:\/\/greensolarvietnam.vn\/index.php?rest_route=\/wp\/v2\/media\/16783"}],"wp:attachment":[{"href":"https:\/\/greensolarvietnam.vn\/index.php?rest_route=%2Fwp%2Fv2%2Fmedia&parent=16782"}],"wp:term":[{"taxonomy":"product_cat","embeddable":true,"href":"https:\/\/greensolarvietnam.vn\/index.php?rest_route=%2Fwp%2Fv2%2Fproduct_cat&post=16782"},{"taxonomy":"product_tag","embeddable":true,"href":"https:\/\/greensolarvietnam.vn\/index.php?rest_route=%2Fwp%2Fv2%2Fproduct_tag&post=16782"}],"curies":[{"name":"wp","href":"https:\/\/api.w.org\/{rel}","templated":true}]}}